{"id":9275,"date":"2022-04-26T15:56:47","date_gmt":"2022-04-26T13:56:47","guid":{"rendered":"https:\/\/coverseal-be.poush-dev.be\/confirmation\/"},"modified":"2025-10-14T16:01:12","modified_gmt":"2025-10-14T14:01:12","slug":"bevestiging","status":"publish","type":"page","link":"https:\/\/coverseal.be\/nl\/bevestiging\/","title":{"rendered":"Bevestiging"},"content":{"rendered":"<p>[et_pb_section fb_built=&#8221;1&#8243; admin_label=&#8221;section&#8221; _builder_version=&#8221;4.27.4&#8243; custom_padding=&#8221;90px|6vw|90px|6vw|true|true&#8221; global_colors_info=&#8221;{}&#8221;][et_pb_row admin_label=&#8221;row&#8221; _builder_version=&#8221;4.16&#8243; background_size=&#8221;initial&#8221; background_position=&#8221;top_left&#8221; background_repeat=&#8221;repeat&#8221; global_colors_info=&#8221;{}&#8221;][et_pb_column type=&#8221;4_4&#8243; _builder_version=&#8221;4.16&#8243; custom_padding=&#8221;|||&#8221; global_colors_info=&#8221;{}&#8221; custom_padding__hover=&#8221;|||&#8221;][et_pb_text admin_label=&#8221;Text&#8221; module_class=&#8221;h2-size&#8221; _builder_version=&#8221;4.27.4&#8243; header_font=&#8221;Lexend-Regular||||||||&#8221; header_text_align=&#8221;center&#8221; header_text_color=&#8221;gcid-secondary-color&#8221; header_2_text_color=&#8221;gcid-secondary-color&#8221; animation_direction=&#8221;left&#8221; hover_enabled=&#8221;0&#8243; global_colors_info=&#8221;{%22gcid-secondary-color%22:%91%22header_2_text_color%22,%22header_text_color%22%93,%22gcid-fb453400-2325-4dbb-bd00-62d95f666066%22:%91%22header_text_color%22%93}&#8221; sticky_enabled=&#8221;0&#8243;]<\/p>\n<h1 style=\"text-align: center;\">Bedankt voor uw aanvraag !<\/h1>\n<p>[\/et_pb_text][et_pb_text admin_label=&#8221;Text&#8221; _builder_version=&#8221;4.27.4&#8243; background_size=&#8221;initial&#8221; background_position=&#8221;top_left&#8221; background_repeat=&#8221;repeat&#8221; custom_margin=&#8221;||68px|||&#8221; hover_enabled=&#8221;0&#8243; sticky_enabled=&#8221;0&#8243;]<\/p>\n<p data-start=\"40\" data-end=\"163\" style=\"text-align: center;\">Deze is succesvol verzonden. Wij verwerken ze en nemen zo snel mogelijk contact met u op.<\/p>\n<p data-start=\"165\" data-end=\"365\">[\/et_pb_text][et_pb_button button_url=&#8221;@ET-DC@eyJkeW5hbWljIjp0cnVlLCJjb250ZW50IjoiaG9tZV91cmwiLCJzZXR0aW5ncyI6e319@&#8221; button_text=&#8221;Terug naar de startpagina&#8221; button_alignment=&#8221;center&#8221; _builder_version=&#8221;4.27.4&#8243; _dynamic_attributes=&#8221;button_text,button_url&#8221; _module_preset=&#8221;_initial&#8221; hover_enabled=&#8221;0&#8243; global_colors_info=&#8221;{}&#8221; sticky_enabled=&#8221;0&#8243;][\/et_pb_button][\/et_pb_column][\/et_pb_row][\/et_pb_section]<\/p>\n","protected":false},"excerpt":{"rendered":"<p>Bedankt voor uw aanvraag !Deze is succesvol verzonden. Wij verwerken ze en nemen zo snel mogelijk contact met u op.<\/p>\n","protected":false},"author":3,"featured_media":0,"parent":0,"menu_order":1010,"comment_status":"closed","ping_status":"closed","template":"","meta":{"_et_pb_use_builder":"on","_et_pb_old_content":"[vc_row css=\".vc_custom_1650981400486{padding-top: 150px !important;padding-bottom: 150px !important;}\"][vc_column][vc_column_text]\r\n<h1 style=\"text-align: center;\">Merci pour votre demande !<\/h1>\r\n<p style=\"text-align: center;\">Elle a \u00e9t\u00e9 envoy\u00e9e avec succ\u00e8s. Nous la traitons et revenons vers vous dans les plus brefs d\u00e9lais.<\/p>\r\n[\/vc_column_text][dt_default_button link=\"url:https%3A%2F%2Fcoverseal.be%2F|title:Accueil\" size=\"big\" button_alignment=\"btn_center\"]Revenez \u00e0 la page d\u2019accueil[\/dt_default_button][\/vc_column][\/vc_row]","_et_gb_content_width":"","footnotes":""},"class_list":["post-9275","page","type-page","status-publish","hentry"],"yoast_head":"<!-- This site is optimized with the Yoast SEO plugin v27.5 - https:\/\/yoast.com\/product\/yoast-seo-wordpress\/ -->\n<title>Bevestiging | Coverseal<\/title>\n<meta name=\"description\" content=\"Bedankt voor uw vertrouwen! Uw bestelling is bevestigd. Ontdek de voordelen van Coverseal: elegante en duurzame bescherming\" \/>\n<meta name=\"robots\" content=\"index, follow, max-snippet:-1, max-image-preview:large, max-video-preview:-1\" \/>\n<link rel=\"canonical\" href=\"https:\/\/coverseal.be\/nl\/bevestiging\/\" \/>\n<meta property=\"og:locale\" content=\"nl_BE\" \/>\n<meta property=\"og:type\" content=\"article\" \/>\n<meta property=\"og:title\" content=\"Bevestiging | Coverseal\" \/>\n<meta property=\"og:description\" content=\"Bedankt voor uw vertrouwen! Uw bestelling is bevestigd. Ontdek de voordelen van Coverseal: elegante en duurzame bescherming\" \/>\n<meta property=\"og:url\" content=\"https:\/\/coverseal.be\/nl\/bevestiging\/\" \/>\n<meta property=\"og:site_name\" content=\"Coverseal\" \/>\n<meta property=\"article:modified_time\" content=\"2025-10-14T14:01:12+00:00\" \/>\n<meta name=\"twitter:card\" content=\"summary_large_image\" \/>\n<meta name=\"twitter:label1\" content=\"Geschatte leestijd\" \/>\n\t<meta name=\"twitter:data1\" content=\"1 minuut\" \/>\n<script type=\"application\/ld+json\" class=\"yoast-schema-graph\">{\"@context\":\"https:\\\/\\\/schema.org\",\"@graph\":[{\"@type\":\"WebPage\",\"@id\":\"https:\\\/\\\/coverseal.be\\\/nl\\\/bevestiging\\\/\",\"url\":\"https:\\\/\\\/coverseal.be\\\/nl\\\/bevestiging\\\/\",\"name\":\"Bevestiging | Coverseal\",\"isPartOf\":{\"@id\":\"https:\\\/\\\/coverseal.be\\\/nl\\\/#website\"},\"datePublished\":\"2022-04-26T13:56:47+00:00\",\"dateModified\":\"2025-10-14T14:01:12+00:00\",\"description\":\"Bedankt voor uw vertrouwen! Uw bestelling is bevestigd. Ontdek de voordelen van Coverseal: elegante en duurzame bescherming\",\"breadcrumb\":{\"@id\":\"https:\\\/\\\/coverseal.be\\\/nl\\\/bevestiging\\\/#breadcrumb\"},\"inLanguage\":\"nl-BE\",\"potentialAction\":[{\"@type\":\"ReadAction\",\"target\":[\"https:\\\/\\\/coverseal.be\\\/nl\\\/bevestiging\\\/\"]}]},{\"@type\":\"BreadcrumbList\",\"@id\":\"https:\\\/\\\/coverseal.be\\\/nl\\\/bevestiging\\\/#breadcrumb\",\"itemListElement\":[{\"@type\":\"ListItem\",\"position\":1,\"name\":\"Accueil\",\"item\":\"https:\\\/\\\/coverseal.be\\\/nl\\\/\"},{\"@type\":\"ListItem\",\"position\":2,\"name\":\"Bevestiging\"}]},{\"@type\":\"WebSite\",\"@id\":\"https:\\\/\\\/coverseal.be\\\/nl\\\/#website\",\"url\":\"https:\\\/\\\/coverseal.be\\\/nl\\\/\",\"name\":\"Coverseal\",\"description\":\"\",\"potentialAction\":[{\"@type\":\"SearchAction\",\"target\":{\"@type\":\"EntryPoint\",\"urlTemplate\":\"https:\\\/\\\/coverseal.be\\\/nl\\\/?s={search_term_string}\"},\"query-input\":{\"@type\":\"PropertyValueSpecification\",\"valueRequired\":true,\"valueName\":\"search_term_string\"}}],\"inLanguage\":\"nl-BE\"}]}<\/script>\n<!-- \/ Yoast SEO plugin. -->","yoast_head_json":{"title":"Bevestiging | Coverseal","description":"Bedankt voor uw vertrouwen! Uw bestelling is bevestigd. Ontdek de voordelen van Coverseal: elegante en duurzame bescherming","robots":{"index":"index","follow":"follow","max-snippet":"max-snippet:-1","max-image-preview":"max-image-preview:large","max-video-preview":"max-video-preview:-1"},"canonical":"https:\/\/coverseal.be\/nl\/bevestiging\/","og_locale":"nl_BE","og_type":"article","og_title":"Bevestiging | Coverseal","og_description":"Bedankt voor uw vertrouwen! Uw bestelling is bevestigd. Ontdek de voordelen van Coverseal: elegante en duurzame bescherming","og_url":"https:\/\/coverseal.be\/nl\/bevestiging\/","og_site_name":"Coverseal","article_modified_time":"2025-10-14T14:01:12+00:00","twitter_card":"summary_large_image","twitter_misc":{"Geschatte leestijd":"1 minuut"},"schema":{"@context":"https:\/\/schema.org","@graph":[{"@type":"WebPage","@id":"https:\/\/coverseal.be\/nl\/bevestiging\/","url":"https:\/\/coverseal.be\/nl\/bevestiging\/","name":"Bevestiging | Coverseal","isPartOf":{"@id":"https:\/\/coverseal.be\/nl\/#website"},"datePublished":"2022-04-26T13:56:47+00:00","dateModified":"2025-10-14T14:01:12+00:00","description":"Bedankt voor uw vertrouwen! Uw bestelling is bevestigd. Ontdek de voordelen van Coverseal: elegante en duurzame bescherming","breadcrumb":{"@id":"https:\/\/coverseal.be\/nl\/bevestiging\/#breadcrumb"},"inLanguage":"nl-BE","potentialAction":[{"@type":"ReadAction","target":["https:\/\/coverseal.be\/nl\/bevestiging\/"]}]},{"@type":"BreadcrumbList","@id":"https:\/\/coverseal.be\/nl\/bevestiging\/#breadcrumb","itemListElement":[{"@type":"ListItem","position":1,"name":"Accueil","item":"https:\/\/coverseal.be\/nl\/"},{"@type":"ListItem","position":2,"name":"Bevestiging"}]},{"@type":"WebSite","@id":"https:\/\/coverseal.be\/nl\/#website","url":"https:\/\/coverseal.be\/nl\/","name":"Coverseal","description":"","potentialAction":[{"@type":"SearchAction","target":{"@type":"EntryPoint","urlTemplate":"https:\/\/coverseal.be\/nl\/?s={search_term_string}"},"query-input":{"@type":"PropertyValueSpecification","valueRequired":true,"valueName":"search_term_string"}}],"inLanguage":"nl-BE"}]}},"_links":{"self":[{"href":"https:\/\/coverseal.be\/nl\/wp-json\/wp\/v2\/pages\/9275","targetHints":{"allow":["GET"]}}],"collection":[{"href":"https:\/\/coverseal.be\/nl\/wp-json\/wp\/v2\/pages"}],"about":[{"href":"https:\/\/coverseal.be\/nl\/wp-json\/wp\/v2\/types\/page"}],"author":[{"embeddable":true,"href":"https:\/\/coverseal.be\/nl\/wp-json\/wp\/v2\/users\/3"}],"replies":[{"embeddable":true,"href":"https:\/\/coverseal.be\/nl\/wp-json\/wp\/v2\/comments?post=9275"}],"version-history":[{"count":5,"href":"https:\/\/coverseal.be\/nl\/wp-json\/wp\/v2\/pages\/9275\/revisions"}],"predecessor-version":[{"id":9281,"href":"https:\/\/coverseal.be\/nl\/wp-json\/wp\/v2\/pages\/9275\/revisions\/9281"}],"wp:attachment":[{"href":"https:\/\/coverseal.be\/nl\/wp-json\/wp\/v2\/media?parent=9275"}],"curies":[{"name":"wp","href":"https:\/\/api.w.org\/{rel}","templated":true}]}}