{"id":3193,"date":"2025-04-07T09:31:27","date_gmt":"2025-04-07T07:31:27","guid":{"rendered":"https:\/\/coverseal.poush-dev.be\/?page_id=3193"},"modified":"2026-02-04T16:46:13","modified_gmt":"2026-02-04T15:46:13","slug":"cookies","status":"publish","type":"page","link":"https:\/\/coverseal.be\/fr\/cookies\/","title":{"rendered":"Cookies"},"content":{"rendered":"<p>[et_pb_section fb_built=\u00a0\u00bb1&Prime; _builder_version=\u00a0\u00bb4.27.4&Prime; _module_preset=\u00a0\u00bbdefault\u00a0\u00bb custom_padding=\u00a0\u00bb80px|6vw|40px|6vw|false|true\u00a0\u00bb global_colors_info=\u00a0\u00bb{}\u00a0\u00bb][et_pb_row _builder_version=\u00a0\u00bb4.27.4&Prime; _module_preset=\u00a0\u00bbdefault\u00a0\u00bb custom_margin=\u00a0\u00bb|auto|0px|auto|false|false\u00a0\u00bb global_colors_info=\u00a0\u00bb{}\u00a0\u00bb][et_pb_column type=\u00a0\u00bb4_4&Prime; _builder_version=\u00a0\u00bb4.27.4&Prime; _module_preset=\u00a0\u00bbdefault\u00a0\u00bb global_colors_info=\u00a0\u00bb{}\u00a0\u00bb][et_pb_text admin_label=\u00a0\u00bbText\u00a0\u00bb module_class=\u00a0\u00bbh2-size\u00a0\u00bb _builder_version=\u00a0\u00bb4.27.4&Prime; _module_preset=\u00a0\u00bbdefault\u00a0\u00bb header_font=\u00a0\u00bbLexend-Regular||||||||\u00a0\u00bb header_text_color=\u00a0\u00bbgcid-secondary-color\u00a0\u00bb header_2_text_color=\u00a0\u00bbgcid-secondary-color\u00a0\u00bb locked=\u00a0\u00bboff\u00a0\u00bb global_colors_info=\u00a0\u00bb{%22gcid-secondary-color%22:%91%22header_2_text_color%22,%22header_text_color%22,%22header_text_color%22%93}\u00a0\u00bb]<\/p>\n<h1>Politique de cookies<\/h1>\n<p>[\/et_pb_text][\/et_pb_column][\/et_pb_row][\/et_pb_section][et_pb_section fb_built=\u00a0\u00bb1&Prime; _builder_version=\u00a0\u00bb4.27.4&Prime; background_color=\u00a0\u00bbgcid-cc026ee9-2dfb-4c5b-892b-7f86cd297fec\u00a0\u00bb custom_padding=\u00a0\u00bb40px|6vw|80px|6vw|false|true\u00a0\u00bb global_colors_info=\u00a0\u00bb{%22gcid-cc026ee9-2dfb-4c5b-892b-7f86cd297fec%22:%91%22background_color%22%93}\u00a0\u00bb][et_pb_row _builder_version=\u00a0\u00bb4.16&Prime; background_size=\u00a0\u00bbinitial\u00a0\u00bb background_position=\u00a0\u00bbtop_left\u00a0\u00bb background_repeat=\u00a0\u00bbrepeat\u00a0\u00bb custom_margin=\u00a0\u00bb|auto|-1px|auto|false|false\u00a0\u00bb global_colors_info=\u00a0\u00bb{}\u00a0\u00bb][et_pb_column type=\u00a0\u00bb4_4&Prime; _builder_version=\u00a0\u00bb4.16&Prime; custom_padding=\u00a0\u00bb|||\u00a0\u00bb global_colors_info=\u00a0\u00bb{}\u00a0\u00bb custom_padding__hover=\u00a0\u00bb|||\u00a0\u00bb][et_pb_text module_class=\u00a0\u00bbh3-size\u00a0\u00bb _builder_version=\u00a0\u00bb4.27.4&Prime; _module_preset=\u00a0\u00bbdefault\u00a0\u00bb global_colors_info=\u00a0\u00bb{}\u00a0\u00bb]<\/p>\n<h2>Qu&rsquo;est-ce qu&rsquo;un cookie ?<\/h2>\n<p>[\/et_pb_text][et_pb_text _builder_version=\u00a0\u00bb4.27.4&Prime; _module_preset=\u00a0\u00bbdefault\u00a0\u00bb global_colors_info=\u00a0\u00bb{}\u00a0\u00bb]<\/p>\n<p>Les cookies sont de petits fichiers texte qui permettent de stocker des informations relatives \u00e0 l&rsquo;appareil sur votre appareil d&rsquo;acc\u00e8s. Ces informations peuvent porter sur vous, vos pr\u00e9f\u00e9rences ou votre appareil. De nombreux sites web utilisent des cookies pour collecter des donn\u00e9es statistiques sur l&rsquo;utilisation du site web. En tant que Coverseal, nous utilisons des cookies pour rendre notre site web convivial et efficace. Les cookies nous aident \u00e0 assurer le bon fonctionnement du site web ainsi qu&rsquo;\u00e0 analyser l&rsquo;utilisation du site web afin de vous fournir un contenu adapt\u00e9 \u00e0 vos besoins. Si vous ne le souhaitez pas du tout ou si vous voulez restreindre les cookies install\u00e9s, vous avez la possibilit\u00e9 d&rsquo;adapter vos param\u00e8tres de cookies ici. Chez Coverseal, votre exp\u00e9rience personnelle du web est entre vos mains. Pour plus d&rsquo;informations, consultez la politique en mati\u00e8re de cookies.<\/p>\n<p>[\/et_pb_text][et_pb_text module_class=\u00a0\u00bbh4-size\u00a0\u00bb _builder_version=\u00a0\u00bb4.27.4&Prime; _module_preset=\u00a0\u00bbdefault\u00a0\u00bb global_colors_info=\u00a0\u00bb{}\u00a0\u00bb]<\/p>\n<h2>Cookies strictement n\u00e9cessaires (toujours actifs)<\/h2>\n<p>[\/et_pb_text][et_pb_text _builder_version=\u00a0\u00bb4.27.4&Prime; _module_preset=\u00a0\u00bbdefault\u00a0\u00bb locked=\u00a0\u00bboff\u00a0\u00bb global_colors_info=\u00a0\u00bb{}\u00a0\u00bb]<\/p>\n<p>Ces cookies sont n\u00e9cessaires au fonctionnement du site web, contribuent \u00e0 son utilisation en toute s\u00e9curit\u00e9 et ne peuvent \u00eatre d\u00e9sactiv\u00e9s dans nos syst\u00e8mes. Ils ne sont g\u00e9n\u00e9ralement install\u00e9s qu&rsquo;en r\u00e9ponse \u00e0 des actions que vous effectuez et qui \u00e9quivalent \u00e0 une demande de services, telles que le r\u00e9glage de vos pr\u00e9f\u00e9rences en mati\u00e8re de confidentialit\u00e9, l&rsquo;ouverture d&rsquo;une session ou le remplissage de formulaires. Vous pouvez configurer votre navigateur pour qu&rsquo;il bloque ces cookies ou vous en avertisse, mais certaines parties du site risquent alors de ne pas fonctionner.<\/p>\n<p>[\/et_pb_text][et_pb_text module_class=\u00a0\u00bbh4-size\u00a0\u00bb _builder_version=\u00a0\u00bb4.27.4&Prime; _module_preset=\u00a0\u00bbdefault\u00a0\u00bb global_colors_info=\u00a0\u00bb{}\u00a0\u00bb]<\/p>\n<h2>Cookies analytiques<\/h2>\n<p>[\/et_pb_text][et_pb_text _builder_version=\u00a0\u00bb4.27.4&Prime; _module_preset=\u00a0\u00bbdefault\u00a0\u00bb locked=\u00a0\u00bboff\u00a0\u00bb global_colors_info=\u00a0\u00bb{}\u00a0\u00bb]<\/p>\n<p>Ces cookies sont d\u00e9ploy\u00e9s par nos partenaires analytiques pour surveiller le trafic sur le site et le comportement des utilisateurs. Ils nous aident \u00e0 comprendre comment les visiteurs interagissent avec notre site web en collectant et en rapportant des informations de mani\u00e8re anonyme. Ces donn\u00e9es peuvent inclure la fr\u00e9quence des visites, la dur\u00e9e des sessions et les pages les plus fr\u00e9quent\u00e9es. Les informations ainsi obtenues permettent d&rsquo;am\u00e9liorer la fonctionnalit\u00e9 du site et la pertinence de son contenu. Si vous choisissez de ne pas activer ces cookies, nous serons moins bien inform\u00e9s sur les performances de notre site, ce qui peut affecter la qualit\u00e9 de votre exp\u00e9rience d&rsquo;utilisateur.<\/p>\n<p>[\/et_pb_text][et_pb_text module_class=\u00a0\u00bbh4-size\u00a0\u00bb _builder_version=\u00a0\u00bb4.27.4&Prime; _module_preset=\u00a0\u00bbdefault\u00a0\u00bb global_colors_info=\u00a0\u00bb{}\u00a0\u00bb]<\/p>\n<h2>Cookies de ciblage<\/h2>\n<p>[\/et_pb_text][et_pb_text _builder_version=\u00a0\u00bb4.27.4&Prime; _module_preset=\u00a0\u00bbdefault\u00a0\u00bb locked=\u00a0\u00bboff\u00a0\u00bb global_colors_info=\u00a0\u00bb{}\u00a0\u00bb]<\/p>\n<div class=\"et_pb_text_inner\">\n<div data-shortcode-id=\"3.0.0.8-1747830700956\" data-quickaccess-editable=\"yes\" class=\"et-fb-popover-tinymce\">\n<div class=\"mce-content-body\" contenteditable=\"true\" style=\"position: relative;\">\n<p>Les cookies de ciblage sont utilis\u00e9s pour adapter le marketing \u00e0 vous et \u00e0 vos int\u00e9r\u00eats. Ils se souviennent que vous avez visit\u00e9 un site web et peuvent partager cette information avec d&rsquo;autres organisations telles que les annonceurs. Ces cookies peuvent \u00e9galement nous aider \u00e0 \u00e9valuer l&rsquo;efficacit\u00e9 de nos campagnes publicitaires sur les sites web de tiers. Si vous refusez ces cookies, vous risquez de voir des publicit\u00e9s moins pertinentes et de ne pas pouvoir utiliser les liens vers les r\u00e9seaux sociaux.<\/p>\n<\/div>\n<\/div>\n<\/div>\n<div class=\"et-fb-mousetrap et-fb-mousetrap--module et-fb-mousetrap-move\" style=\"background: 0px center; pointer-events: none;\"><\/div>\n<p>[\/et_pb_text][\/et_pb_column][\/et_pb_row][\/et_pb_section]<\/p>\n","protected":false},"excerpt":{"rendered":"<p>Politique de cookiesQu&rsquo;est-ce qu&rsquo;un cookie ?Les cookies sont de petits fichiers texte qui permettent de stocker des informations relatives \u00e0 l&rsquo;appareil sur votre appareil d&rsquo;acc\u00e8s. Ces informations peuvent porter sur vous, vos pr\u00e9f\u00e9rences ou votre appareil. De nombreux sites web utilisent des cookies pour collecter des donn\u00e9es statistiques sur l&rsquo;utilisation du site web. En tant que Coverseal, nous utilisons des cookies pour rendre notre site web convivial et efficace. Les cookies nous aident \u00e0 assurer le bon fonctionnement du site web ainsi qu&rsquo;\u00e0 analyser l&rsquo;utilisation du site web afin de vous fournir un contenu adapt\u00e9 \u00e0 vos besoins. Si vous ne le souhaitez pas du tout ou si vous voulez restreindre les cookies install\u00e9s, vous avez la possibilit\u00e9 d&rsquo;adapter vos param\u00e8tres de cookies ici. Chez Coverseal, votre exp\u00e9rience personnelle du web est entre vos mains. Pour plus d&rsquo;informations, consultez la politique en mati\u00e8re de cookies.Cookies strictement n\u00e9cessaires (toujours actifs)Ces cookies sont n\u00e9cessaires au fonctionnement du site web, contribuent \u00e0 son utilisation en toute s\u00e9curit\u00e9 et ne peuvent \u00eatre d\u00e9sactiv\u00e9s dans nos syst\u00e8mes. Ils ne sont g\u00e9n\u00e9ralement install\u00e9s qu&rsquo;en r\u00e9ponse \u00e0 des actions que vous effectuez et qui \u00e9quivalent \u00e0 une demande de services, telles que le r\u00e9glage de vos pr\u00e9f\u00e9rences [&hellip;]<\/p>\n","protected":false},"author":3,"featured_media":0,"parent":0,"menu_order":1002,"comment_status":"closed","ping_status":"closed","template":"","meta":{"_et_pb_use_builder":"on","_et_pb_old_content":"<h1 class=\"main-title main-title--terra-cotta\">Politique de cookies<\/h1><div class=\"main-paragraph wysiwyg\"><h2 id=\"mui-1\">What is a cookie ?<\/h2><p>Cookies are small text files that allow the storage of device-related information on your access device. This information might be about you, your preferences or your device. Many websites use cookies to collect statistical data about the usage of the website. We as Coverseal use Cookies to make our website user friendly and effective. Cookies help us ensuring the proper functioning of the website as well as analyzing the website usage to provide you with content tailored to you. If you do not want this at all of if you would like to restrict the cookies set, you have the possibility to adapt your cookie settings here. At Coverseal your personal web experience is at your hands. See the full cookie policy for more information.<\/p><h3>Strictly Necessary Cookies (Always Active)<\/h3><p>These cookies are necessary for the website to function, contribute to the safe use of the website and cannot be switched off in our systems. They are usually only set in response to actions made by you which amount to a request for services, such as setting your privacy preferences, logging in or filling in forms. You can set your browser to block or alert you about these cookies, but some parts of the site may not work then.<\/p><h3>Analytical Cookies<\/h3><p>These cookies are deployed by our analytics partners to monitor site traffic and user behavior. They help us understand how visitors interact with our website by collecting and reporting information anonymously. This data may include the frequency of visits, duration of sessions, and pages most frequented. The insights gained aid in enhancing site functionality and content relevance. If you choose not to enable these cookies, we will be less informed about our site performance, which may affect the quality of your user experience.<\/p><h3>Targeting Cookies<\/h3><p>Targeting cookies are used to tailor marketing to you and your interests. They remember that you visited a website and may share this information with other organizations such as advertisers. These cookies can also help us track the efficiency of our ad campaigns on third-party websites. By refusing these cookies, you may see less relevant advertisements and not be able to use links to social\u00a0networks.<\/p><\/div>","_et_gb_content_width":"","footnotes":""},"class_list":["post-3193","page","type-page","status-publish","hentry"],"yoast_head":"<!-- This site is optimized with the Yoast SEO plugin v27.4 - https:\/\/yoast.com\/product\/yoast-seo-wordpress\/ -->\n<title>Cookies | Coverseal<\/title>\n<meta name=\"robots\" content=\"index, follow, max-snippet:-1, max-image-preview:large, max-video-preview:-1\" \/>\n<link rel=\"canonical\" href=\"https:\/\/coverseal.be\/fr\/cookies\/\" \/>\n<meta property=\"og:locale\" content=\"fr_FR\" \/>\n<meta property=\"og:type\" content=\"article\" \/>\n<meta property=\"og:title\" content=\"Cookies | Coverseal\" \/>\n<meta property=\"og:description\" content=\"Politique de cookiesQu&#039;est-ce qu&#039;un cookie ?Les cookies sont de petits fichiers texte qui permettent de stocker des informations relatives \u00e0 l&#039;appareil sur votre appareil d&#039;acc\u00e8s. Ces informations peuvent porter sur vous, vos pr\u00e9f\u00e9rences ou votre appareil. De nombreux sites web utilisent des cookies pour collecter des donn\u00e9es statistiques sur l&#039;utilisation du site web. En tant que Coverseal, nous utilisons des cookies pour rendre notre site web convivial et efficace. Les cookies nous aident \u00e0 assurer le bon fonctionnement du site web ainsi qu&#039;\u00e0 analyser l&#039;utilisation du site web afin de vous fournir un contenu adapt\u00e9 \u00e0 vos besoins. Si vous ne le souhaitez pas du tout ou si vous voulez restreindre les cookies install\u00e9s, vous avez la possibilit\u00e9 d&#039;adapter vos param\u00e8tres de cookies ici. Chez Coverseal, votre exp\u00e9rience personnelle du web est entre vos mains. Pour plus d&#039;informations, consultez la politique en mati\u00e8re de cookies.Cookies strictement n\u00e9cessaires (toujours actifs)Ces cookies sont n\u00e9cessaires au fonctionnement du site web, contribuent \u00e0 son utilisation en toute s\u00e9curit\u00e9 et ne peuvent \u00eatre d\u00e9sactiv\u00e9s dans nos syst\u00e8mes. Ils ne sont g\u00e9n\u00e9ralement install\u00e9s qu&#039;en r\u00e9ponse \u00e0 des actions que vous effectuez et qui \u00e9quivalent \u00e0 une demande de services, telles que le r\u00e9glage de vos pr\u00e9f\u00e9rences [&hellip;]\" \/>\n<meta property=\"og:url\" content=\"https:\/\/coverseal.be\/fr\/cookies\/\" \/>\n<meta property=\"og:site_name\" content=\"Coverseal\" \/>\n<meta property=\"article:modified_time\" content=\"2026-02-04T15:46:13+00:00\" \/>\n<meta name=\"twitter:card\" content=\"summary_large_image\" \/>\n<meta name=\"twitter:label1\" content=\"Dur\u00e9e de lecture est.\" \/>\n\t<meta name=\"twitter:data1\" content=\"2 minutes\" \/>\n<script type=\"application\/ld+json\" class=\"yoast-schema-graph\">{\"@context\":\"https:\\\/\\\/schema.org\",\"@graph\":[{\"@type\":\"WebPage\",\"@id\":\"https:\\\/\\\/coverseal.be\\\/fr\\\/cookies\\\/\",\"url\":\"https:\\\/\\\/coverseal.be\\\/fr\\\/cookies\\\/\",\"name\":\"Cookies | Coverseal\",\"isPartOf\":{\"@id\":\"https:\\\/\\\/coverseal.be\\\/fr\\\/#website\"},\"datePublished\":\"2025-04-07T07:31:27+00:00\",\"dateModified\":\"2026-02-04T15:46:13+00:00\",\"breadcrumb\":{\"@id\":\"https:\\\/\\\/coverseal.be\\\/fr\\\/cookies\\\/#breadcrumb\"},\"inLanguage\":\"fr-BE\",\"potentialAction\":[{\"@type\":\"ReadAction\",\"target\":[\"https:\\\/\\\/coverseal.be\\\/fr\\\/cookies\\\/\"]}]},{\"@type\":\"BreadcrumbList\",\"@id\":\"https:\\\/\\\/coverseal.be\\\/fr\\\/cookies\\\/#breadcrumb\",\"itemListElement\":[{\"@type\":\"ListItem\",\"position\":1,\"name\":\"Accueil\",\"item\":\"https:\\\/\\\/coverseal.be\\\/fr\\\/\"},{\"@type\":\"ListItem\",\"position\":2,\"name\":\"Cookies\"}]},{\"@type\":\"WebSite\",\"@id\":\"https:\\\/\\\/coverseal.be\\\/fr\\\/#website\",\"url\":\"https:\\\/\\\/coverseal.be\\\/fr\\\/\",\"name\":\"Coverseal\",\"description\":\"\",\"potentialAction\":[{\"@type\":\"SearchAction\",\"target\":{\"@type\":\"EntryPoint\",\"urlTemplate\":\"https:\\\/\\\/coverseal.be\\\/fr\\\/?s={search_term_string}\"},\"query-input\":{\"@type\":\"PropertyValueSpecification\",\"valueRequired\":true,\"valueName\":\"search_term_string\"}}],\"inLanguage\":\"fr-BE\"}]}<\/script>\n<!-- \/ Yoast SEO plugin. -->","yoast_head_json":{"title":"Cookies | Coverseal","robots":{"index":"index","follow":"follow","max-snippet":"max-snippet:-1","max-image-preview":"max-image-preview:large","max-video-preview":"max-video-preview:-1"},"canonical":"https:\/\/coverseal.be\/fr\/cookies\/","og_locale":"fr_FR","og_type":"article","og_title":"Cookies | Coverseal","og_description":"Politique de cookiesQu'est-ce qu'un cookie ?Les cookies sont de petits fichiers texte qui permettent de stocker des informations relatives \u00e0 l'appareil sur votre appareil d'acc\u00e8s. Ces informations peuvent porter sur vous, vos pr\u00e9f\u00e9rences ou votre appareil. De nombreux sites web utilisent des cookies pour collecter des donn\u00e9es statistiques sur l'utilisation du site web. En tant que Coverseal, nous utilisons des cookies pour rendre notre site web convivial et efficace. Les cookies nous aident \u00e0 assurer le bon fonctionnement du site web ainsi qu'\u00e0 analyser l'utilisation du site web afin de vous fournir un contenu adapt\u00e9 \u00e0 vos besoins. Si vous ne le souhaitez pas du tout ou si vous voulez restreindre les cookies install\u00e9s, vous avez la possibilit\u00e9 d'adapter vos param\u00e8tres de cookies ici. Chez Coverseal, votre exp\u00e9rience personnelle du web est entre vos mains. Pour plus d'informations, consultez la politique en mati\u00e8re de cookies.Cookies strictement n\u00e9cessaires (toujours actifs)Ces cookies sont n\u00e9cessaires au fonctionnement du site web, contribuent \u00e0 son utilisation en toute s\u00e9curit\u00e9 et ne peuvent \u00eatre d\u00e9sactiv\u00e9s dans nos syst\u00e8mes. Ils ne sont g\u00e9n\u00e9ralement install\u00e9s qu'en r\u00e9ponse \u00e0 des actions que vous effectuez et qui \u00e9quivalent \u00e0 une demande de services, telles que le r\u00e9glage de vos pr\u00e9f\u00e9rences [&hellip;]","og_url":"https:\/\/coverseal.be\/fr\/cookies\/","og_site_name":"Coverseal","article_modified_time":"2026-02-04T15:46:13+00:00","twitter_card":"summary_large_image","twitter_misc":{"Dur\u00e9e de lecture est.":"2 minutes"},"schema":{"@context":"https:\/\/schema.org","@graph":[{"@type":"WebPage","@id":"https:\/\/coverseal.be\/fr\/cookies\/","url":"https:\/\/coverseal.be\/fr\/cookies\/","name":"Cookies | Coverseal","isPartOf":{"@id":"https:\/\/coverseal.be\/fr\/#website"},"datePublished":"2025-04-07T07:31:27+00:00","dateModified":"2026-02-04T15:46:13+00:00","breadcrumb":{"@id":"https:\/\/coverseal.be\/fr\/cookies\/#breadcrumb"},"inLanguage":"fr-BE","potentialAction":[{"@type":"ReadAction","target":["https:\/\/coverseal.be\/fr\/cookies\/"]}]},{"@type":"BreadcrumbList","@id":"https:\/\/coverseal.be\/fr\/cookies\/#breadcrumb","itemListElement":[{"@type":"ListItem","position":1,"name":"Accueil","item":"https:\/\/coverseal.be\/fr\/"},{"@type":"ListItem","position":2,"name":"Cookies"}]},{"@type":"WebSite","@id":"https:\/\/coverseal.be\/fr\/#website","url":"https:\/\/coverseal.be\/fr\/","name":"Coverseal","description":"","potentialAction":[{"@type":"SearchAction","target":{"@type":"EntryPoint","urlTemplate":"https:\/\/coverseal.be\/fr\/?s={search_term_string}"},"query-input":{"@type":"PropertyValueSpecification","valueRequired":true,"valueName":"search_term_string"}}],"inLanguage":"fr-BE"}]}},"_links":{"self":[{"href":"https:\/\/coverseal.be\/fr\/wp-json\/wp\/v2\/pages\/3193","targetHints":{"allow":["GET"]}}],"collection":[{"href":"https:\/\/coverseal.be\/fr\/wp-json\/wp\/v2\/pages"}],"about":[{"href":"https:\/\/coverseal.be\/fr\/wp-json\/wp\/v2\/types\/page"}],"author":[{"embeddable":true,"href":"https:\/\/coverseal.be\/fr\/wp-json\/wp\/v2\/users\/3"}],"replies":[{"embeddable":true,"href":"https:\/\/coverseal.be\/fr\/wp-json\/wp\/v2\/comments?post=3193"}],"version-history":[{"count":8,"href":"https:\/\/coverseal.be\/fr\/wp-json\/wp\/v2\/pages\/3193\/revisions"}],"predecessor-version":[{"id":11598,"href":"https:\/\/coverseal.be\/fr\/wp-json\/wp\/v2\/pages\/3193\/revisions\/11598"}],"wp:attachment":[{"href":"https:\/\/coverseal.be\/fr\/wp-json\/wp\/v2\/media?parent=3193"}],"curies":[{"name":"wp","href":"https:\/\/api.w.org\/{rel}","templated":true}]}}