{"id":3,"date":"2022-04-26T13:33:04","date_gmt":"2022-04-26T11:33:04","guid":{"rendered":"https:\/\/base.poush-dev.be\/?page_id=3"},"modified":"2026-02-04T16:46:10","modified_gmt":"2026-02-04T15:46:10","slug":"politique-de-confidentialite","status":"publish","type":"page","link":"https:\/\/coverseal.be\/fr\/politique-de-confidentialite\/","title":{"rendered":"Politique de confidentialit\u00e9"},"content":{"rendered":"<p>[et_pb_section fb_built=\u00a0\u00bb1&Prime; _builder_version=\u00a0\u00bb4.27.4&Prime; _module_preset=\u00a0\u00bbdefault\u00a0\u00bb custom_padding=\u00a0\u00bb80px|6vw|40px|6vw|false|true\u00a0\u00bb global_colors_info=\u00a0\u00bb{}\u00a0\u00bb][et_pb_row _builder_version=\u00a0\u00bb4.27.4&Prime; _module_preset=\u00a0\u00bbdefault\u00a0\u00bb custom_margin=\u00a0\u00bb|auto|0px|auto|false|false\u00a0\u00bb global_colors_info=\u00a0\u00bb{}\u00a0\u00bb][et_pb_column type=\u00a0\u00bb4_4&Prime; _builder_version=\u00a0\u00bb4.27.4&Prime; _module_preset=\u00a0\u00bbdefault\u00a0\u00bb global_colors_info=\u00a0\u00bb{}\u00a0\u00bb][et_pb_text module_class=\u00a0\u00bbh2-size\u00a0\u00bb _builder_version=\u00a0\u00bb4.27.4&Prime; _module_preset=\u00a0\u00bbdefault\u00a0\u00bb header_font=\u00a0\u00bbLexend-Regular||||||||\u00a0\u00bb header_text_color=\u00a0\u00bbgcid-secondary-color\u00a0\u00bb header_2_text_color=\u00a0\u00bbgcid-secondary-color\u00a0\u00bb global_colors_info=\u00a0\u00bb{%22gcid-secondary-color%22:%91%22header_2_text_color%22,%22header_text_color%22,%22header_text_color%22%93}\u00a0\u00bb]<\/p>\n<h1>Politique de confidentialit\u00e9<\/h1>\n<p>[\/et_pb_text][\/et_pb_column][\/et_pb_row][\/et_pb_section][et_pb_section fb_built=\u00a0\u00bb1&Prime; _builder_version=\u00a0\u00bb4.27.4&Prime; _module_preset=\u00a0\u00bbdefault\u00a0\u00bb background_color=\u00a0\u00bbgcid-cc026ee9-2dfb-4c5b-892b-7f86cd297fec\u00a0\u00bb custom_padding=\u00a0\u00bb40px|6vw|80px|6vw|false|true\u00a0\u00bb global_colors_info=\u00a0\u00bb{%22gcid-cc026ee9-2dfb-4c5b-892b-7f86cd297fec%22:%91%22background_color%22%93}\u00a0\u00bb][et_pb_row _builder_version=\u00a0\u00bb4.27.4&Prime; _module_preset=\u00a0\u00bbdefault\u00a0\u00bb custom_margin=\u00a0\u00bb|auto|1px|auto|false|false\u00a0\u00bb global_colors_info=\u00a0\u00bb{}\u00a0\u00bb][et_pb_column type=\u00a0\u00bb4_4&Prime; _builder_version=\u00a0\u00bb4.27.4&Prime; _module_preset=\u00a0\u00bbdefault\u00a0\u00bb global_colors_info=\u00a0\u00bb{}\u00a0\u00bb][et_pb_text module_class=\u00a0\u00bbh3-size\u00a0\u00bb _builder_version=\u00a0\u00bb4.27.4&Prime; _module_preset=\u00a0\u00bbdefault\u00a0\u00bb]<\/p>\n<h2>1. Mentions l\u00e9gales<\/h2>\n<p>[\/et_pb_text][et_pb_text _builder_version=\u00a0\u00bb4.27.4&Prime; _module_preset=\u00a0\u00bbdefault\u00a0\u00bb]<\/p>\n<p>Le site internet https:\/\/coverseal.be appartient \u00e0 et est exploit\u00e9 par la soci\u00e9t\u00e9 anonyme de droit belge Becoflex (identifi\u00e9e dans les pr\u00e9sentes comme \u00ab Coverseal \u00bb).<br \/>Adresse et si\u00e8ge social : 8, Route du Grand Peuplier &#8211; 7110 Str\u00e9py-Bracquegnies, Belgique.<\/p>\n<p>Nom commercial : <strong>Coverseal<\/strong>.<br \/>T\u00e9l\u00e9phone : 0032.(0)2.367.10.80.<br \/>E-mail : info@coverseal.fr<br \/>TVA : BE 0893.262.805.<\/p>\n<p>Les conditions g\u00e9n\u00e9rales peuvent \u00eatre consult\u00e9es ici : Conditions g\u00e9n\u00e9rales<br \/>Garantie contractuelle standard : 2 ans sur le produit.<br \/>Becoflex est active dans la fabrication et la vente de couvertures de s\u00e9curit\u00e9 pour piscines.<\/p>\n<p>Becoflex est assur\u00e9e aupr\u00e8s de la soci\u00e9t\u00e9 MS Amlin<\/p>\n<p>[\/et_pb_text][et_pb_text module_class=\u00a0\u00bbh3-size\u00a0\u00bb _builder_version=\u00a0\u00bb4.27.4&Prime; _module_preset=\u00a0\u00bbdefault\u00a0\u00bb]<\/p>\n<h2>2. Application des conditions g\u00e9n\u00e9rales d\u2019utilisation<\/h2>\n<p>[\/et_pb_text][et_pb_text _builder_version=\u00a0\u00bb4.27.4&Prime; _module_preset=\u00a0\u00bbdefault\u00a0\u00bb custom_padding=\u00a0\u00bb||0px|||\u00a0\u00bb]<\/p>\n<p>2.1 Les pr\u00e9sentes conditions g\u00e9n\u00e9rales d\u2019utilisation (ci-apr\u00e8s \u00ab CGU \u00bb) d\u00e9finissent les droits et obligations qui vous sont applicables en tant qu\u2019utilisateur (ci-apr\u00e8s \u00ab Utilisateur \u00bb) lors de vos acc\u00e8s \u00e0 notre site internet (ci-apr\u00e8s \u00ab le Site \u00bb).<\/p>\n<p>2.2 L\u2019acc\u00e8s et\/ou l\u2019utilisation du Site emporte l\u2019acceptation des CGU et de toutes modifications qui y sont apport\u00e9es, sans pr\u00e9judice d\u2019\u00e9ventuelles conditions contractuelles particuli\u00e8res applicables.<\/p>\n<p>2.3 Coverseal se r\u00e9serve le droit, \u00e0 tout moment et sans pr\u00e9avis, de modifier les pr\u00e9sentes CGU. L\u2019utilisateur est suppos\u00e9 prendre connaissance p\u00e9riodiquement des changements apport\u00e9s aux pr\u00e9sentes CGU.<\/p>\n<p>[\/et_pb_text][et_pb_text module_class=\u00a0\u00bbh3-size\u00a0\u00bb _builder_version=\u00a0\u00bb4.27.4&Prime; _module_preset=\u00a0\u00bbdefault\u00a0\u00bb]<\/p>\n<h2>3. Accessibilit\u00e9<\/h2>\n<p>[\/et_pb_text][et_pb_text _builder_version=\u00a0\u00bb4.27.4&Prime; _module_preset=\u00a0\u00bbdefault\u00a0\u00bb custom_padding=\u00a0\u00bb||6px|||\u00a0\u00bb locked=\u00a0\u00bboff\u00a0\u00bb]<\/p>\n<p>3.1 Coverseal se r\u00e9serve le droit d\u2019apporter des modifications ou des corrections au site internet, ainsi qu\u2019aux informations contenues sur celui-ci, de supprimer des informations contenues sur le site internet, et\/ou d\u2019interrompre ou de suspendre tout ou en partie des fonctionnalit\u00e9s du site internet ou l\u2019acc\u00e8s au site internet lui-m\u00eame (\u00e0 des fins de maintenance ou toutes autres fins techniques et op\u00e9rationnelles).<\/p>\n<p>[\/et_pb_text][et_pb_text module_class=\u00a0\u00bbh3-size\u00a0\u00bb _builder_version=\u00a0\u00bb4.27.4&Prime; _module_preset=\u00a0\u00bbdefault\u00a0\u00bb]<\/p>\n<h2>4. Utilisation du site<\/h2>\n<p>[\/et_pb_text][et_pb_text _builder_version=\u00a0\u00bb4.27.4&Prime; _module_preset=\u00a0\u00bbdefault\u00a0\u00bb locked=\u00a0\u00bboff\u00a0\u00bb]<\/p>\n<p>4.1 L\u2019Utilisateur reconna\u00eet qu\u2019il est uniquement autoris\u00e9 \u00e0 utiliser le site internet pour rechercher de l\u2019information, introduire des demandes ou passer des commandes. L\u2019Utilisateur s\u2019engage \u00e0 ne pas utiliser le site internet \u00e0 d\u2019autres fins, et notamment \u00e0 des fins ill\u00e9gales ou susceptibles de porter atteinte aux bonnes moeurs, \u00e0 l\u2019int\u00e9grit\u00e9, \u00e0 la s\u00e9curit\u00e9 ou \u00e0 la r\u00e9putation du site internet ou aux droits de Coverseal ou de tiers.<\/p>\n<p>[\/et_pb_text][et_pb_text module_class=\u00a0\u00bbh3-size\u00a0\u00bb _builder_version=\u00a0\u00bb4.27.4&Prime; _module_preset=\u00a0\u00bbdefault\u00a0\u00bb]<\/p>\n<h2>5. Responsabilit\u00e9<\/h2>\n<p>[\/et_pb_text][et_pb_text _builder_version=\u00a0\u00bb4.27.4&Prime; _module_preset=\u00a0\u00bbdefault\u00a0\u00bb locked=\u00a0\u00bboff\u00a0\u00bb]<\/p>\n<p>5.1 Toutes les informations contenues sur le site internet de Coverseal sont des informations g\u00e9n\u00e9rales, fournies en dehors de toute relation contractuelle avec Coverseal. Ces informations ne peuvent constituer un conseil personnel, professionnel ou juridique \u00e0 l&rsquo;utilisateur.<\/p>\n<p>5.2 Coverseal met en oeuvre des moyens raisonnables pour assurer l&rsquo;exactitude de ces informations mais ne garantit pas que ces informations sont exemptes de toute erreur ou omission.<\/p>\n<p>5.3 Coverseal ne peut \u00eatre tenue responsable (sauf faute lourde ou intentionnelle de sa part) des dommages directs ou indirects (sauf dommage corporel caus\u00e9 \u00e0 l&rsquo;utilisateur) qui pourraient r\u00e9sulter :<\/p>\n<ul>\n<li>de l&rsquo;utilisation des informations fournies sur le site,<\/li>\n<li>du fait que certaines informations seraient incorrectes, incompl\u00e8tes ou indisponibles,<\/li>\n<li>de l&rsquo;utilisation du site ou de l&rsquo;impossibilit\u00e9 d&rsquo;utiliser le site,<\/li>\n<li>de l&rsquo;utilisation frauduleuse de son site internet par des utilisateurs ou des tiers,<\/li>\n<li>de la transmission de virus ou de tout autre programme malveillant \u00e0 l&rsquo;utilisateur via le site internet.<\/li>\n<\/ul>\n<p>[\/et_pb_text][et_pb_text module_class=\u00a0\u00bbh3-size\u00a0\u00bb _builder_version=\u00a0\u00bb4.27.4&Prime; _module_preset=\u00a0\u00bbdefault\u00a0\u00bb]<\/p>\n<h2>6. Propri\u00e9t\u00e9 intellectuelle<\/h2>\n<p>[\/et_pb_text][et_pb_text _builder_version=\u00a0\u00bb4.27.4&Prime; _module_preset=\u00a0\u00bbdefault\u00a0\u00bb locked=\u00a0\u00bboff\u00a0\u00bb]<\/p>\n<p>6.1 Le site internet et tous ses composants sont prot\u00e9g\u00e9s par des droits de propri\u00e9t\u00e9 intellectuelle. En particulier, les noms, logos et autres signes distinctifs de Coverseal, de ses partenaires ou des tiers pr\u00e9sents sur le site sont susceptibles d&rsquo;\u00eatre prot\u00e9g\u00e9s par le droit des marques. La pr\u00e9sentation du site, les contenus \u00e9ditoriaux, textes, images, photographies, ou contenus audiovisuels du site sont prot\u00e9g\u00e9s par le droit d&rsquo;auteur.<\/p>\n<p>6.2 Sauf exception l\u00e9gale, toute reproduction, en totalit\u00e9 ou en partie, et\/ou toute communication au public d&rsquo;\u00e9l\u00e9ments pr\u00e9sents sur le site sont interdits sans l&rsquo;accord \u00e9crit pr\u00e9alable de Coverseal.<\/p>\n<p>6.3 L&rsquo;utilisateur s&rsquo;engage \u00e0 ne pas retirer, alt\u00e9rer ou occulter toute notice de droit d&rsquo;auteur ou indication de protection par un droit de propri\u00e9t\u00e9 intellectuelle figurant sur le site.<\/p>\n<p>[\/et_pb_text][et_pb_text module_class=\u00a0\u00bbh3-size\u00a0\u00bb _builder_version=\u00a0\u00bb4.27.4&Prime; _module_preset=\u00a0\u00bbdefault\u00a0\u00bb]<\/p>\n<h2>7. Traitement des donn\u00e9es \u00e0 caract\u00e8re personnel et cookies<\/h2>\n<p>[\/et_pb_text][et_pb_text _builder_version=\u00a0\u00bb4.27.4&Prime; _module_preset=\u00a0\u00bbdefault\u00a0\u00bb locked=\u00a0\u00bboff\u00a0\u00bb]<\/p>\n<p>7.1 Coverseal utilise les donn\u00e9es que l&rsquo;Utilisateur fournit via le formulaire de contact sur le site ou par email pour r\u00e9pondre \u00e0 ses questions, une demande d&rsquo;offre ou de rendez-vous.<\/p>\n<p>7.2 Les donn\u00e9es \u00e0 caract\u00e8re personnel que l&rsquo;Utilisateur fournit sont trait\u00e9s conform\u00e9ment \u00e0 la Politique Vie Priv\u00e9e de Coverseal consultable ici :\u00a0<a href=\"https:\/\/coverseal.be\/conditions-generales\/\" target=\"_blank\" rel=\"noopener\">Politique Vie Priv\u00e9e<\/a><\/p>\n<p>7.3 Coverseal place \u00e9galement des cookies sur le site. Ces cookies sont plac\u00e9s par des tiers avec lesquels nous collaborons. Les informations sur les cookies et leur acceptation ou refus par l&rsquo;Utilisateur est \u00e9galement r\u00e9gl\u00e9e par notre Politique Vie Priv\u00e9e consultable ici : Politique Vie Priv\u00e9e<\/p>\n<p>7.4\u00a0Autorisation Bluetooth Low Energy (BLE) et de Localisation<\/p>\n<p>Notre application utilise la technologie Bluetooth Low Energy (BLE) pour se connecter aux appareils \u00e0 proximit\u00e9. BLE n\u00e9cessite l&rsquo;acc\u00e8s aux services de localisation pour effectuer des scans, bien que nous ne suivions ni stockions aucune donn\u00e9e de localisation. Les autorisations de localisation sont demand\u00e9es uniquement pour faciliter la communication via BLE, et votre position\u00a0<strong>n&rsquo;est pas stock\u00e9e<\/strong>\u00a0ni utilis\u00e9e \u00e0 d&rsquo;autres fins. Vous pouvez g\u00e9rer ou r\u00e9voquer les autorisations Bluetooth et de localisation \u00e0 tout moment via les param\u00e8tres de votre appareil.<\/p>\n<p>[\/et_pb_text][et_pb_text module_class=\u00a0\u00bbh3-size\u00a0\u00bb _builder_version=\u00a0\u00bb4.27.4&Prime; _module_preset=\u00a0\u00bbdefault\u00a0\u00bb]<\/p>\n<h2>8. Conditions g\u00e9n\u00e9rales<\/h2>\n<p>[\/et_pb_text][et_pb_text _builder_version=\u00a0\u00bb4.27.4&Prime; _module_preset=\u00a0\u00bbdefault\u00a0\u00bb locked=\u00a0\u00bboff\u00a0\u00bb]<\/p>\n<p>8.1 Toute vente ou prestation de service de Coverseal est r\u00e9gie par les conditions g\u00e9n\u00e9rales de vente de Coverseal consultables ici : Conditions g\u00e9n\u00e9rales.<\/p>\n<p>[\/et_pb_text][et_pb_text module_class=\u00a0\u00bbh3-size\u00a0\u00bb _builder_version=\u00a0\u00bb4.27.4&Prime; _module_preset=\u00a0\u00bbdefault\u00a0\u00bb]<\/p>\n<h2>9. Divers<\/h2>\n<p>[\/et_pb_text][et_pb_text _builder_version=\u00a0\u00bb4.27.4&Prime; _module_preset=\u00a0\u00bbdefault\u00a0\u00bb locked=\u00a0\u00bboff\u00a0\u00bb]<\/p>\n<p>9.1 La nullit\u00e9 ou le caract\u00e8re non ex\u00e9cutoire de l&rsquo;une des dispositions des pr\u00e9sentes CGU n&rsquo;affectera pas la validit\u00e9 des autres dispositions de ces CGU.<\/p>\n<p>9.2 Toute communication ou r\u00e9clamation concernant le site internet ou les pr\u00e9sentes conditions d&rsquo;utilisation doivent \u00eatre adress\u00e9es par mail \u00e0 rgpd@coverseal.com<\/p>\n<p>9.3 L&rsquo;absence d&rsquo;exercice par Coverseal d&rsquo;un droit r\u00e9sultant des pr\u00e9sentes CGU ne constitue pas une renonciation \u00e0 ce droit.<\/p>\n<p>[\/et_pb_text][et_pb_text module_class=\u00a0\u00bbh3-size\u00a0\u00bb _builder_version=\u00a0\u00bb4.27.4&Prime; _module_preset=\u00a0\u00bbdefault\u00a0\u00bb]<\/p>\n<h2>10. Loi applicable et juridiction<\/h2>\n<p>[\/et_pb_text][et_pb_text _builder_version=\u00a0\u00bb4.27.4&Prime; _module_preset=\u00a0\u00bbdefault\u00a0\u00bb locked=\u00a0\u00bboff\u00a0\u00bb]<\/p>\n<p>Les pr\u00e9sentes CGU sont r\u00e9gies par le droit belge, sans \u00e9gard aux dispositions de conflit de lois dans l&rsquo;espace. Tout diff\u00e9rend d\u00e9coulant des pr\u00e9sentes CGU ou en relation avec celles-ci sera soumis aux cours et tribunaux de l&rsquo;arrondissement de Bruxelles.<\/p>\n<p>[\/et_pb_text][\/et_pb_column][\/et_pb_row][\/et_pb_section]<\/p>\n","protected":false},"excerpt":{"rendered":"<p>Politique de confidentialit\u00e91. Mentions l\u00e9galesLe site internet https:\/\/coverseal.be appartient \u00e0 et est exploit\u00e9 par la soci\u00e9t\u00e9 anonyme de droit belge Becoflex (identifi\u00e9e dans les pr\u00e9sentes comme \u00ab Coverseal \u00bb).Adresse et si\u00e8ge social : 8, Route du Grand Peuplier &#8211; 7110 Str\u00e9py-Bracquegnies, Belgique. Nom commercial : Coverseal.T\u00e9l\u00e9phone : 0032.(0)2.367.10.80.E-mail : info@coverseal.frTVA : BE 0893.262.805. Les conditions g\u00e9n\u00e9rales peuvent \u00eatre consult\u00e9es ici : Conditions g\u00e9n\u00e9ralesGarantie contractuelle standard : 2 ans sur le produit.Becoflex est active dans la fabrication et la vente de couvertures de s\u00e9curit\u00e9 pour piscines. Becoflex est assur\u00e9e aupr\u00e8s de la soci\u00e9t\u00e9 MS Amlin2. Application des conditions g\u00e9n\u00e9rales d\u2019utilisation2.1 Les pr\u00e9sentes conditions g\u00e9n\u00e9rales d\u2019utilisation (ci-apr\u00e8s \u00ab CGU \u00bb) d\u00e9finissent les droits et obligations qui vous sont applicables en tant qu\u2019utilisateur (ci-apr\u00e8s \u00ab Utilisateur \u00bb) lors de vos acc\u00e8s \u00e0 notre site internet (ci-apr\u00e8s \u00ab le Site \u00bb). 2.2 L\u2019acc\u00e8s et\/ou l\u2019utilisation du Site emporte l\u2019acceptation des CGU et de toutes modifications qui y sont apport\u00e9es, sans pr\u00e9judice d\u2019\u00e9ventuelles conditions contractuelles particuli\u00e8res applicables. 2.3 Coverseal se r\u00e9serve le droit, \u00e0 tout moment et sans pr\u00e9avis, de modifier les pr\u00e9sentes CGU. L\u2019utilisateur est suppos\u00e9 prendre connaissance p\u00e9riodiquement des changements apport\u00e9s aux pr\u00e9sentes CGU.3. Accessibilit\u00e93.1 Coverseal se r\u00e9serve le droit d\u2019apporter des modifications [&hellip;]<\/p>\n","protected":false},"author":3,"featured_media":0,"parent":0,"menu_order":1000,"comment_status":"closed","ping_status":"closed","template":"","meta":{"_et_pb_use_builder":"on","_et_pb_old_content":"","_et_gb_content_width":"","footnotes":""},"class_list":["post-3","page","type-page","status-publish","hentry"],"yoast_head":"<!-- This site is optimized with the Yoast SEO plugin v27.4 - https:\/\/yoast.com\/product\/yoast-seo-wordpress\/ -->\n<title>Politique de confidentialit\u00e9 | Coverseal<\/title>\n<meta name=\"robots\" content=\"index, follow, max-snippet:-1, max-image-preview:large, max-video-preview:-1\" \/>\n<link rel=\"canonical\" href=\"https:\/\/coverseal.be\/fr\/politique-de-confidentialite\/\" \/>\n<meta property=\"og:locale\" content=\"fr_FR\" \/>\n<meta property=\"og:type\" content=\"article\" \/>\n<meta property=\"og:title\" content=\"Politique de confidentialit\u00e9 | Coverseal\" \/>\n<meta property=\"og:description\" content=\"Politique de confidentialit\u00e91. Mentions l\u00e9galesLe site internet https:\/\/coverseal.be appartient \u00e0 et est exploit\u00e9 par la soci\u00e9t\u00e9 anonyme de droit belge Becoflex (identifi\u00e9e dans les pr\u00e9sentes comme \u00ab Coverseal \u00bb).Adresse et si\u00e8ge social : 8, Route du Grand Peuplier - 7110 Str\u00e9py-Bracquegnies, Belgique. Nom commercial : Coverseal.T\u00e9l\u00e9phone : 0032.(0)2.367.10.80.E-mail : info@coverseal.frTVA : BE 0893.262.805. Les conditions g\u00e9n\u00e9rales peuvent \u00eatre consult\u00e9es ici : Conditions g\u00e9n\u00e9ralesGarantie contractuelle standard : 2 ans sur le produit.Becoflex est active dans la fabrication et la vente de couvertures de s\u00e9curit\u00e9 pour piscines. Becoflex est assur\u00e9e aupr\u00e8s de la soci\u00e9t\u00e9 MS Amlin2. Application des conditions g\u00e9n\u00e9rales d\u2019utilisation2.1 Les pr\u00e9sentes conditions g\u00e9n\u00e9rales d\u2019utilisation (ci-apr\u00e8s \u00ab CGU \u00bb) d\u00e9finissent les droits et obligations qui vous sont applicables en tant qu\u2019utilisateur (ci-apr\u00e8s \u00ab Utilisateur \u00bb) lors de vos acc\u00e8s \u00e0 notre site internet (ci-apr\u00e8s \u00ab le Site \u00bb). 2.2 L\u2019acc\u00e8s et\/ou l\u2019utilisation du Site emporte l\u2019acceptation des CGU et de toutes modifications qui y sont apport\u00e9es, sans pr\u00e9judice d\u2019\u00e9ventuelles conditions contractuelles particuli\u00e8res applicables. 2.3 Coverseal se r\u00e9serve le droit, \u00e0 tout moment et sans pr\u00e9avis, de modifier les pr\u00e9sentes CGU. L\u2019utilisateur est suppos\u00e9 prendre connaissance p\u00e9riodiquement des changements apport\u00e9s aux pr\u00e9sentes CGU.3. Accessibilit\u00e93.1 Coverseal se r\u00e9serve le droit d\u2019apporter des modifications [&hellip;]\" \/>\n<meta property=\"og:url\" content=\"https:\/\/coverseal.be\/fr\/politique-de-confidentialite\/\" \/>\n<meta property=\"og:site_name\" content=\"Coverseal\" \/>\n<meta property=\"article:modified_time\" content=\"2026-02-04T15:46:10+00:00\" \/>\n<meta name=\"twitter:card\" content=\"summary_large_image\" \/>\n<meta name=\"twitter:label1\" content=\"Dur\u00e9e de lecture est.\" \/>\n\t<meta name=\"twitter:data1\" content=\"5 minutes\" \/>\n<script type=\"application\/ld+json\" class=\"yoast-schema-graph\">{\"@context\":\"https:\\\/\\\/schema.org\",\"@graph\":[{\"@type\":\"WebPage\",\"@id\":\"https:\\\/\\\/coverseal.be\\\/fr\\\/politique-de-confidentialite\\\/\",\"url\":\"https:\\\/\\\/coverseal.be\\\/fr\\\/politique-de-confidentialite\\\/\",\"name\":\"Politique de confidentialit\u00e9 | Coverseal\",\"isPartOf\":{\"@id\":\"https:\\\/\\\/coverseal.be\\\/fr\\\/#website\"},\"datePublished\":\"2022-04-26T11:33:04+00:00\",\"dateModified\":\"2026-02-04T15:46:10+00:00\",\"breadcrumb\":{\"@id\":\"https:\\\/\\\/coverseal.be\\\/fr\\\/politique-de-confidentialite\\\/#breadcrumb\"},\"inLanguage\":\"fr-BE\",\"potentialAction\":[{\"@type\":\"ReadAction\",\"target\":[\"https:\\\/\\\/coverseal.be\\\/fr\\\/politique-de-confidentialite\\\/\"]}]},{\"@type\":\"BreadcrumbList\",\"@id\":\"https:\\\/\\\/coverseal.be\\\/fr\\\/politique-de-confidentialite\\\/#breadcrumb\",\"itemListElement\":[{\"@type\":\"ListItem\",\"position\":1,\"name\":\"Accueil\",\"item\":\"https:\\\/\\\/coverseal.be\\\/fr\\\/\"},{\"@type\":\"ListItem\",\"position\":2,\"name\":\"Politique de confidentialit\u00e9\"}]},{\"@type\":\"WebSite\",\"@id\":\"https:\\\/\\\/coverseal.be\\\/fr\\\/#website\",\"url\":\"https:\\\/\\\/coverseal.be\\\/fr\\\/\",\"name\":\"Coverseal\",\"description\":\"\",\"potentialAction\":[{\"@type\":\"SearchAction\",\"target\":{\"@type\":\"EntryPoint\",\"urlTemplate\":\"https:\\\/\\\/coverseal.be\\\/fr\\\/?s={search_term_string}\"},\"query-input\":{\"@type\":\"PropertyValueSpecification\",\"valueRequired\":true,\"valueName\":\"search_term_string\"}}],\"inLanguage\":\"fr-BE\"}]}<\/script>\n<!-- \/ Yoast SEO plugin. -->","yoast_head_json":{"title":"Politique de confidentialit\u00e9 | Coverseal","robots":{"index":"index","follow":"follow","max-snippet":"max-snippet:-1","max-image-preview":"max-image-preview:large","max-video-preview":"max-video-preview:-1"},"canonical":"https:\/\/coverseal.be\/fr\/politique-de-confidentialite\/","og_locale":"fr_FR","og_type":"article","og_title":"Politique de confidentialit\u00e9 | Coverseal","og_description":"Politique de confidentialit\u00e91. Mentions l\u00e9galesLe site internet https:\/\/coverseal.be appartient \u00e0 et est exploit\u00e9 par la soci\u00e9t\u00e9 anonyme de droit belge Becoflex (identifi\u00e9e dans les pr\u00e9sentes comme \u00ab Coverseal \u00bb).Adresse et si\u00e8ge social : 8, Route du Grand Peuplier - 7110 Str\u00e9py-Bracquegnies, Belgique. Nom commercial : Coverseal.T\u00e9l\u00e9phone : 0032.(0)2.367.10.80.E-mail : info@coverseal.frTVA : BE 0893.262.805. Les conditions g\u00e9n\u00e9rales peuvent \u00eatre consult\u00e9es ici : Conditions g\u00e9n\u00e9ralesGarantie contractuelle standard : 2 ans sur le produit.Becoflex est active dans la fabrication et la vente de couvertures de s\u00e9curit\u00e9 pour piscines. Becoflex est assur\u00e9e aupr\u00e8s de la soci\u00e9t\u00e9 MS Amlin2. Application des conditions g\u00e9n\u00e9rales d\u2019utilisation2.1 Les pr\u00e9sentes conditions g\u00e9n\u00e9rales d\u2019utilisation (ci-apr\u00e8s \u00ab CGU \u00bb) d\u00e9finissent les droits et obligations qui vous sont applicables en tant qu\u2019utilisateur (ci-apr\u00e8s \u00ab Utilisateur \u00bb) lors de vos acc\u00e8s \u00e0 notre site internet (ci-apr\u00e8s \u00ab le Site \u00bb). 2.2 L\u2019acc\u00e8s et\/ou l\u2019utilisation du Site emporte l\u2019acceptation des CGU et de toutes modifications qui y sont apport\u00e9es, sans pr\u00e9judice d\u2019\u00e9ventuelles conditions contractuelles particuli\u00e8res applicables. 2.3 Coverseal se r\u00e9serve le droit, \u00e0 tout moment et sans pr\u00e9avis, de modifier les pr\u00e9sentes CGU. L\u2019utilisateur est suppos\u00e9 prendre connaissance p\u00e9riodiquement des changements apport\u00e9s aux pr\u00e9sentes CGU.3. Accessibilit\u00e93.1 Coverseal se r\u00e9serve le droit d\u2019apporter des modifications [&hellip;]","og_url":"https:\/\/coverseal.be\/fr\/politique-de-confidentialite\/","og_site_name":"Coverseal","article_modified_time":"2026-02-04T15:46:10+00:00","twitter_card":"summary_large_image","twitter_misc":{"Dur\u00e9e de lecture est.":"5 minutes"},"schema":{"@context":"https:\/\/schema.org","@graph":[{"@type":"WebPage","@id":"https:\/\/coverseal.be\/fr\/politique-de-confidentialite\/","url":"https:\/\/coverseal.be\/fr\/politique-de-confidentialite\/","name":"Politique de confidentialit\u00e9 | Coverseal","isPartOf":{"@id":"https:\/\/coverseal.be\/fr\/#website"},"datePublished":"2022-04-26T11:33:04+00:00","dateModified":"2026-02-04T15:46:10+00:00","breadcrumb":{"@id":"https:\/\/coverseal.be\/fr\/politique-de-confidentialite\/#breadcrumb"},"inLanguage":"fr-BE","potentialAction":[{"@type":"ReadAction","target":["https:\/\/coverseal.be\/fr\/politique-de-confidentialite\/"]}]},{"@type":"BreadcrumbList","@id":"https:\/\/coverseal.be\/fr\/politique-de-confidentialite\/#breadcrumb","itemListElement":[{"@type":"ListItem","position":1,"name":"Accueil","item":"https:\/\/coverseal.be\/fr\/"},{"@type":"ListItem","position":2,"name":"Politique de confidentialit\u00e9"}]},{"@type":"WebSite","@id":"https:\/\/coverseal.be\/fr\/#website","url":"https:\/\/coverseal.be\/fr\/","name":"Coverseal","description":"","potentialAction":[{"@type":"SearchAction","target":{"@type":"EntryPoint","urlTemplate":"https:\/\/coverseal.be\/fr\/?s={search_term_string}"},"query-input":{"@type":"PropertyValueSpecification","valueRequired":true,"valueName":"search_term_string"}}],"inLanguage":"fr-BE"}]}},"_links":{"self":[{"href":"https:\/\/coverseal.be\/fr\/wp-json\/wp\/v2\/pages\/3","targetHints":{"allow":["GET"]}}],"collection":[{"href":"https:\/\/coverseal.be\/fr\/wp-json\/wp\/v2\/pages"}],"about":[{"href":"https:\/\/coverseal.be\/fr\/wp-json\/wp\/v2\/types\/page"}],"author":[{"embeddable":true,"href":"https:\/\/coverseal.be\/fr\/wp-json\/wp\/v2\/users\/3"}],"replies":[{"embeddable":true,"href":"https:\/\/coverseal.be\/fr\/wp-json\/wp\/v2\/comments?post=3"}],"version-history":[{"count":11,"href":"https:\/\/coverseal.be\/fr\/wp-json\/wp\/v2\/pages\/3\/revisions"}],"predecessor-version":[{"id":11596,"href":"https:\/\/coverseal.be\/fr\/wp-json\/wp\/v2\/pages\/3\/revisions\/11596"}],"wp:attachment":[{"href":"https:\/\/coverseal.be\/fr\/wp-json\/wp\/v2\/media?parent=3"}],"curies":[{"name":"wp","href":"https:\/\/api.w.org\/{rel}","templated":true}]}}