{"id":2744,"date":"2025-04-03T12:19:31","date_gmt":"2025-04-03T10:19:31","guid":{"rendered":"https:\/\/coverseal.poush-dev.be\/?page_id=2744"},"modified":"2026-03-09T15:01:27","modified_gmt":"2026-03-09T14:01:27","slug":"confirmation-devis","status":"publish","type":"page","link":"https:\/\/coverseal.be\/fr\/confirmation-devis\/","title":{"rendered":"Confirmation devis"},"content":{"rendered":"<p>[et_pb_section fb_built=\u00a0\u00bb1&Prime; _builder_version=\u00a0\u00bb4.27.4&Prime; _module_preset=\u00a0\u00bbdefault\u00a0\u00bb custom_padding=\u00a0\u00bb90px|6vw|90px|6vw|true|true\u00a0\u00bb locked=\u00a0\u00bboff\u00a0\u00bb global_colors_info=\u00a0\u00bb{%22gcid-primary-color%22:%91%22background_color%22%93}\u00a0\u00bb][et_pb_row _builder_version=\u00a0\u00bb4.27.4&Prime; _module_preset=\u00a0\u00bbdefault\u00a0\u00bb custom_margin=\u00a0\u00bb||20px||false|false\u00a0\u00bb custom_padding=\u00a0\u00bb0px|15px|0px|15px|true|true\u00a0\u00bb global_colors_info=\u00a0\u00bb{}\u00a0\u00bb][et_pb_column type=\u00a0\u00bb4_4&Prime; _builder_version=\u00a0\u00bb4.27.4&Prime; _module_preset=\u00a0\u00bbdefault\u00a0\u00bb global_colors_info=\u00a0\u00bb{}\u00a0\u00bb][et_pb_text module_class=\u00a0\u00bbh2-size\u00a0\u00bb _builder_version=\u00a0\u00bb4.27.4&Prime; _module_preset=\u00a0\u00bbdefault\u00a0\u00bb header_font=\u00a0\u00bbLexend-Regular||||||||\u00a0\u00bb header_text_align=\u00a0\u00bbcenter\u00a0\u00bb header_text_color=\u00a0\u00bbgcid-secondary-color\u00a0\u00bb header_2_text_color=\u00a0\u00bbgcid-secondary-color\u00a0\u00bb animation_direction=\u00a0\u00bbleft\u00a0\u00bb global_colors_info=\u00a0\u00bb{%22gcid-secondary-color%22:%91%22header_2_text_color%22,%22header_text_color%22,%22header_2_text_color%22%93,%22gcid-fb453400-2325-4dbb-bd00-62d95f666066%22:%91%22header_text_color%22%93}\u00a0\u00bb]<\/p>\n<h1>Merci pour votre demande de devis<\/h1>\n<p>[\/et_pb_text][et_pb_text _builder_version=\u00a0\u00bb4.27.4&Prime; _module_preset=\u00a0\u00bbdefault\u00a0\u00bb text_orientation=\u00a0\u00bbcenter\u00a0\u00bb max_width=\u00a0\u00bb1040px\u00a0\u00bb module_alignment=\u00a0\u00bbcenter\u00a0\u00bb hover_enabled=\u00a0\u00bb0&Prime; global_colors_info=\u00a0\u00bb{}\u00a0\u00bb sticky_enabled=\u00a0\u00bb0&Prime;]<\/p>\n<p><span>L\u2019un de nos collaborateurs vous contactera dans les plus brefs d\u00e9lais. Afin de lui permettre de r\u00e9aliser plus pr\u00e9cis\u00e9ment votre estimation budg\u00e9taire, n\u2019h\u00e9sitez pas \u00e0 d\u00e9j\u00e0 pr\u00e9parer des photos ou plans de votre projet, ses dimensions et ses sp\u00e9cificit\u00e9s techniques. <\/span><\/p>\n<p>[\/et_pb_text][\/et_pb_column][\/et_pb_row][et_pb_row use_custom_gutter=\u00a0\u00bbon\u00a0\u00bb _builder_version=\u00a0\u00bb4.27.4&Prime; _module_preset=\u00a0\u00bbdefault\u00a0\u00bb max_width=\u00a0\u00bb800px\u00a0\u00bb global_colors_info=\u00a0\u00bb{}\u00a0\u00bb][et_pb_column type=\u00a0\u00bb4_4&Prime; _builder_version=\u00a0\u00bb4.27.4&Prime; _module_preset=\u00a0\u00bbdefault\u00a0\u00bb global_colors_info=\u00a0\u00bb{}\u00a0\u00bb][et_pb_button button_url=\u00a0\u00bb@ET-DC@eyJkeW5hbWljIjp0cnVlLCJjb250ZW50IjoicG9zdF9saW5rX3VybF9wYWdlIiwic2V0dGluZ3MiOnsicG9zdF9pZCI6IjIifX0=@\u00a0\u00bb button_text=\u00a0\u00bbRetourner \u00e0 la page d&rsquo;accueil\u00a0\u00bb button_alignment=\u00a0\u00bbcenter\u00a0\u00bb _builder_version=\u00a0\u00bb4.27.4&Prime; _dynamic_attributes=\u00a0\u00bbbutton_url\u00a0\u00bb _module_preset=\u00a0\u00bbdefault\u00a0\u00bb custom_padding=\u00a0\u00bb|55px||35px|true|false\u00a0\u00bb global_colors_info=\u00a0\u00bb{}\u00a0\u00bb][\/et_pb_button][\/et_pb_column][\/et_pb_row][\/et_pb_section]<\/p>\n","protected":false},"excerpt":{"rendered":"<p>Merci pour votre demande de devisL\u2019un de nos collaborateurs vous contactera dans les plus brefs d\u00e9lais. Afin de lui permettre de r\u00e9aliser plus pr\u00e9cis\u00e9ment votre estimation budg\u00e9taire, n\u2019h\u00e9sitez pas \u00e0 d\u00e9j\u00e0 pr\u00e9parer des photos ou plans de votre projet, ses dimensions et ses sp\u00e9cificit\u00e9s techniques.<\/p>\n","protected":false},"author":3,"featured_media":0,"parent":0,"menu_order":1012,"comment_status":"closed","ping_status":"closed","template":"","meta":{"_et_pb_use_builder":"on","_et_pb_old_content":"","_et_gb_content_width":"","footnotes":""},"class_list":["post-2744","page","type-page","status-publish","hentry"],"yoast_head":"<!-- This site is optimized with the Yoast SEO plugin v27.5 - https:\/\/yoast.com\/product\/yoast-seo-wordpress\/ -->\n<title>Confirmation devis | Coverseal<\/title>\n<meta name=\"robots\" content=\"index, follow, max-snippet:-1, max-image-preview:large, max-video-preview:-1\" \/>\n<link rel=\"canonical\" href=\"https:\/\/coverseal.be\/fr\/confirmation-devis\/\" \/>\n<meta property=\"og:locale\" content=\"fr_FR\" \/>\n<meta property=\"og:type\" content=\"article\" \/>\n<meta property=\"og:title\" content=\"Confirmation devis | Coverseal\" \/>\n<meta property=\"og:description\" content=\"Merci pour votre demande de devisL\u2019un de nos collaborateurs vous contactera dans les plus brefs d\u00e9lais. Afin de lui permettre de r\u00e9aliser plus pr\u00e9cis\u00e9ment votre estimation budg\u00e9taire, n\u2019h\u00e9sitez pas \u00e0 d\u00e9j\u00e0 pr\u00e9parer des photos ou plans de votre projet, ses dimensions et ses sp\u00e9cificit\u00e9s techniques.\" \/>\n<meta property=\"og:url\" content=\"https:\/\/coverseal.be\/fr\/confirmation-devis\/\" \/>\n<meta property=\"og:site_name\" content=\"Coverseal\" \/>\n<meta property=\"article:modified_time\" content=\"2026-03-09T14:01:27+00:00\" \/>\n<meta name=\"twitter:card\" content=\"summary_large_image\" \/>\n<meta name=\"twitter:label1\" content=\"Dur\u00e9e de lecture est.\" \/>\n\t<meta name=\"twitter:data1\" content=\"1 minute\" \/>\n<script type=\"application\/ld+json\" class=\"yoast-schema-graph\">{\"@context\":\"https:\\\/\\\/schema.org\",\"@graph\":[{\"@type\":\"WebPage\",\"@id\":\"https:\\\/\\\/coverseal.be\\\/fr\\\/confirmation-devis\\\/\",\"url\":\"https:\\\/\\\/coverseal.be\\\/fr\\\/confirmation-devis\\\/\",\"name\":\"Confirmation devis | Coverseal\",\"isPartOf\":{\"@id\":\"https:\\\/\\\/coverseal.be\\\/fr\\\/#website\"},\"datePublished\":\"2025-04-03T10:19:31+00:00\",\"dateModified\":\"2026-03-09T14:01:27+00:00\",\"breadcrumb\":{\"@id\":\"https:\\\/\\\/coverseal.be\\\/fr\\\/confirmation-devis\\\/#breadcrumb\"},\"inLanguage\":\"fr-BE\",\"potentialAction\":[{\"@type\":\"ReadAction\",\"target\":[\"https:\\\/\\\/coverseal.be\\\/fr\\\/confirmation-devis\\\/\"]}]},{\"@type\":\"BreadcrumbList\",\"@id\":\"https:\\\/\\\/coverseal.be\\\/fr\\\/confirmation-devis\\\/#breadcrumb\",\"itemListElement\":[{\"@type\":\"ListItem\",\"position\":1,\"name\":\"Accueil\",\"item\":\"https:\\\/\\\/coverseal.be\\\/fr\\\/\"},{\"@type\":\"ListItem\",\"position\":2,\"name\":\"Confirmation devis\"}]},{\"@type\":\"WebSite\",\"@id\":\"https:\\\/\\\/coverseal.be\\\/fr\\\/#website\",\"url\":\"https:\\\/\\\/coverseal.be\\\/fr\\\/\",\"name\":\"Coverseal\",\"description\":\"\",\"potentialAction\":[{\"@type\":\"SearchAction\",\"target\":{\"@type\":\"EntryPoint\",\"urlTemplate\":\"https:\\\/\\\/coverseal.be\\\/fr\\\/?s={search_term_string}\"},\"query-input\":{\"@type\":\"PropertyValueSpecification\",\"valueRequired\":true,\"valueName\":\"search_term_string\"}}],\"inLanguage\":\"fr-BE\"}]}<\/script>\n<!-- \/ Yoast SEO plugin. -->","yoast_head_json":{"title":"Confirmation devis | Coverseal","robots":{"index":"index","follow":"follow","max-snippet":"max-snippet:-1","max-image-preview":"max-image-preview:large","max-video-preview":"max-video-preview:-1"},"canonical":"https:\/\/coverseal.be\/fr\/confirmation-devis\/","og_locale":"fr_FR","og_type":"article","og_title":"Confirmation devis | Coverseal","og_description":"Merci pour votre demande de devisL\u2019un de nos collaborateurs vous contactera dans les plus brefs d\u00e9lais. Afin de lui permettre de r\u00e9aliser plus pr\u00e9cis\u00e9ment votre estimation budg\u00e9taire, n\u2019h\u00e9sitez pas \u00e0 d\u00e9j\u00e0 pr\u00e9parer des photos ou plans de votre projet, ses dimensions et ses sp\u00e9cificit\u00e9s techniques.","og_url":"https:\/\/coverseal.be\/fr\/confirmation-devis\/","og_site_name":"Coverseal","article_modified_time":"2026-03-09T14:01:27+00:00","twitter_card":"summary_large_image","twitter_misc":{"Dur\u00e9e de lecture est.":"1 minute"},"schema":{"@context":"https:\/\/schema.org","@graph":[{"@type":"WebPage","@id":"https:\/\/coverseal.be\/fr\/confirmation-devis\/","url":"https:\/\/coverseal.be\/fr\/confirmation-devis\/","name":"Confirmation devis | Coverseal","isPartOf":{"@id":"https:\/\/coverseal.be\/fr\/#website"},"datePublished":"2025-04-03T10:19:31+00:00","dateModified":"2026-03-09T14:01:27+00:00","breadcrumb":{"@id":"https:\/\/coverseal.be\/fr\/confirmation-devis\/#breadcrumb"},"inLanguage":"fr-BE","potentialAction":[{"@type":"ReadAction","target":["https:\/\/coverseal.be\/fr\/confirmation-devis\/"]}]},{"@type":"BreadcrumbList","@id":"https:\/\/coverseal.be\/fr\/confirmation-devis\/#breadcrumb","itemListElement":[{"@type":"ListItem","position":1,"name":"Accueil","item":"https:\/\/coverseal.be\/fr\/"},{"@type":"ListItem","position":2,"name":"Confirmation devis"}]},{"@type":"WebSite","@id":"https:\/\/coverseal.be\/fr\/#website","url":"https:\/\/coverseal.be\/fr\/","name":"Coverseal","description":"","potentialAction":[{"@type":"SearchAction","target":{"@type":"EntryPoint","urlTemplate":"https:\/\/coverseal.be\/fr\/?s={search_term_string}"},"query-input":{"@type":"PropertyValueSpecification","valueRequired":true,"valueName":"search_term_string"}}],"inLanguage":"fr-BE"}]}},"_links":{"self":[{"href":"https:\/\/coverseal.be\/fr\/wp-json\/wp\/v2\/pages\/2744","targetHints":{"allow":["GET"]}}],"collection":[{"href":"https:\/\/coverseal.be\/fr\/wp-json\/wp\/v2\/pages"}],"about":[{"href":"https:\/\/coverseal.be\/fr\/wp-json\/wp\/v2\/types\/page"}],"author":[{"embeddable":true,"href":"https:\/\/coverseal.be\/fr\/wp-json\/wp\/v2\/users\/3"}],"replies":[{"embeddable":true,"href":"https:\/\/coverseal.be\/fr\/wp-json\/wp\/v2\/comments?post=2744"}],"version-history":[{"count":12,"href":"https:\/\/coverseal.be\/fr\/wp-json\/wp\/v2\/pages\/2744\/revisions"}],"predecessor-version":[{"id":12003,"href":"https:\/\/coverseal.be\/fr\/wp-json\/wp\/v2\/pages\/2744\/revisions\/12003"}],"wp:attachment":[{"href":"https:\/\/coverseal.be\/fr\/wp-json\/wp\/v2\/media?parent=2744"}],"curies":[{"name":"wp","href":"https:\/\/api.w.org\/{rel}","templated":true}]}}