{"id":2740,"date":"2025-04-03T12:16:38","date_gmt":"2025-04-03T10:16:38","guid":{"rendered":"https:\/\/coverseal.poush-dev.be\/?page_id=2740"},"modified":"2025-10-14T16:00:52","modified_gmt":"2025-10-14T14:00:52","slug":"confirmation-catalogue","status":"publish","type":"page","link":"https:\/\/coverseal.be\/fr\/confirmation-catalogue\/","title":{"rendered":"Confirmation catalogue"},"content":{"rendered":"<p>[et_pb_section fb_built=\u00a0\u00bb1&Prime; _builder_version=\u00a0\u00bb4.27.4&Prime; _module_preset=\u00a0\u00bbdefault\u00a0\u00bb custom_padding=\u00a0\u00bb90px|6vw|90px|6vw|true|true\u00a0\u00bb hover_enabled=\u00a0\u00bb0&Prime; locked=\u00a0\u00bboff\u00a0\u00bb global_colors_info=\u00a0\u00bb{%22gcid-primary-color%22:%91%22background_color%22%93}\u00a0\u00bb sticky_enabled=\u00a0\u00bb0&Prime;][et_pb_row _builder_version=\u00a0\u00bb4.27.4&Prime; _module_preset=\u00a0\u00bbdefault\u00a0\u00bb custom_margin=\u00a0\u00bb||20px||false|false\u00a0\u00bb global_colors_info=\u00a0\u00bb{}\u00a0\u00bb][et_pb_column type=\u00a0\u00bb4_4&Prime; _builder_version=\u00a0\u00bb4.27.4&Prime; _module_preset=\u00a0\u00bbdefault\u00a0\u00bb global_colors_info=\u00a0\u00bb{}\u00a0\u00bb][et_pb_text module_class=\u00a0\u00bbh2-size\u00a0\u00bb _builder_version=\u00a0\u00bb4.27.4&Prime; _module_preset=\u00a0\u00bbdefault\u00a0\u00bb header_font=\u00a0\u00bbLexend-Regular||||||||\u00a0\u00bb header_text_align=\u00a0\u00bbcenter\u00a0\u00bb header_text_color=\u00a0\u00bbgcid-secondary-color\u00a0\u00bb header_2_text_color=\u00a0\u00bbgcid-secondary-color\u00a0\u00bb animation_direction=\u00a0\u00bbleft\u00a0\u00bb global_colors_info=\u00a0\u00bb{%22gcid-secondary-color%22:%91%22header_2_text_color%22,%22header_text_color%22%93}\u00a0\u00bb]<\/p>\n<h1>Merci de l\u2019int\u00e9r\u00eat que vous portez \u00e0 Coverseal<\/h1>\n<p>[\/et_pb_text][et_pb_text _builder_version=\u00a0\u00bb4.27.4&Prime; _module_preset=\u00a0\u00bbdefault\u00a0\u00bb text_orientation=\u00a0\u00bbcenter\u00a0\u00bb max_width=\u00a0\u00bb1040px\u00a0\u00bb module_alignment=\u00a0\u00bbcenter\u00a0\u00bb global_colors_info=\u00a0\u00bb{}\u00a0\u00bb]<\/p>\n<p>Votre catalogue digital, pr\u00e9sentant la Coverseal dans diff\u00e9rents environnements, vous a \u00e9t\u00e9 envoy\u00e9 par e-mail. Voulez-vous d\u00e9j\u00e0 avoir une id\u00e9e de prix pour votre Coverseal ?<\/p>\n<p>[\/et_pb_text][\/et_pb_column][\/et_pb_row][et_pb_row column_structure=\u00a0\u00bb1_2,1_2&Prime; use_custom_gutter=\u00a0\u00bbon\u00a0\u00bb _builder_version=\u00a0\u00bb4.27.4&Prime; _module_preset=\u00a0\u00bbdefault\u00a0\u00bb max_width=\u00a0\u00bb750px\u00a0\u00bb global_colors_info=\u00a0\u00bb{}\u00a0\u00bb][et_pb_column type=\u00a0\u00bb1_2&Prime; _builder_version=\u00a0\u00bb4.27.4&Prime; _module_preset=\u00a0\u00bbdefault\u00a0\u00bb global_colors_info=\u00a0\u00bb{}\u00a0\u00bb][et_pb_button button_url=\u00a0\u00bb@ET-DC@eyJkeW5hbWljIjp0cnVlLCJjb250ZW50IjoicG9zdF9saW5rX3VybF9wYWdlIiwic2V0dGluZ3MiOnsicG9zdF9pZCI6IjEyNTkifX0=@\u00a0\u00bb button_text=\u00a0\u00bbDemander un devis\u00a0\u00bb button_alignment=\u00a0\u00bbcenter\u00a0\u00bb _builder_version=\u00a0\u00bb4.27.4&Prime; _dynamic_attributes=\u00a0\u00bbbutton_url\u00a0\u00bb _module_preset=\u00a0\u00bbdefault\u00a0\u00bb global_colors_info=\u00a0\u00bb{}\u00a0\u00bb][\/et_pb_button][\/et_pb_column][et_pb_column type=\u00a0\u00bb1_2&Prime; _builder_version=\u00a0\u00bb4.27.4&Prime; _module_preset=\u00a0\u00bbdefault\u00a0\u00bb global_colors_info=\u00a0\u00bb{}\u00a0\u00bb][et_pb_button button_url=\u00a0\u00bb@ET-DC@eyJkeW5hbWljIjp0cnVlLCJjb250ZW50IjoicG9zdF9saW5rX3VybF9wYWdlIiwic2V0dGluZ3MiOnsicG9zdF9pZCI6IjIifX0=@\u00a0\u00bb button_text=\u00a0\u00bbRetourner \u00e0 la page d&rsquo;accueil\u00a0\u00bb button_alignment=\u00a0\u00bbcenter\u00a0\u00bb _builder_version=\u00a0\u00bb4.27.4&Prime; _dynamic_attributes=\u00a0\u00bbbutton_url\u00a0\u00bb _module_preset=\u00a0\u00bbdefault\u00a0\u00bb global_colors_info=\u00a0\u00bb{}\u00a0\u00bb][\/et_pb_button][\/et_pb_column][\/et_pb_row][\/et_pb_section]<\/p>\n","protected":false},"excerpt":{"rendered":"<p>Merci de l\u2019int\u00e9r\u00eat que vous portez \u00e0 CoversealVotre catalogue digital, pr\u00e9sentant la Coverseal dans diff\u00e9rents environnements, vous a \u00e9t\u00e9 envoy\u00e9 par e-mail. Voulez-vous d\u00e9j\u00e0 avoir une id\u00e9e de prix pour votre Coverseal ?<\/p>\n","protected":false},"author":3,"featured_media":0,"parent":0,"menu_order":1011,"comment_status":"closed","ping_status":"closed","template":"","meta":{"_et_pb_use_builder":"on","_et_pb_old_content":"","_et_gb_content_width":"","footnotes":""},"class_list":["post-2740","page","type-page","status-publish","hentry"],"yoast_head":"<!-- This site is optimized with the Yoast SEO plugin v27.5 - https:\/\/yoast.com\/product\/yoast-seo-wordpress\/ -->\n<title>Confirmation catalogue | Coverseal<\/title>\n<meta name=\"robots\" content=\"index, follow, max-snippet:-1, max-image-preview:large, max-video-preview:-1\" \/>\n<link rel=\"canonical\" href=\"https:\/\/coverseal.be\/fr\/confirmation-catalogue\/\" \/>\n<meta property=\"og:locale\" content=\"fr_FR\" \/>\n<meta property=\"og:type\" content=\"article\" \/>\n<meta property=\"og:title\" content=\"Confirmation catalogue | Coverseal\" \/>\n<meta property=\"og:description\" content=\"Merci de l\u2019int\u00e9r\u00eat que vous portez \u00e0 CoversealVotre catalogue digital, pr\u00e9sentant la Coverseal dans diff\u00e9rents environnements, vous a \u00e9t\u00e9 envoy\u00e9 par e-mail. Voulez-vous d\u00e9j\u00e0 avoir une id\u00e9e de prix pour votre Coverseal ?\" \/>\n<meta property=\"og:url\" content=\"https:\/\/coverseal.be\/fr\/confirmation-catalogue\/\" \/>\n<meta property=\"og:site_name\" content=\"Coverseal\" \/>\n<meta property=\"article:modified_time\" content=\"2025-10-14T14:00:52+00:00\" \/>\n<meta name=\"twitter:card\" content=\"summary_large_image\" \/>\n<script type=\"application\/ld+json\" class=\"yoast-schema-graph\">{\"@context\":\"https:\\\/\\\/schema.org\",\"@graph\":[{\"@type\":\"WebPage\",\"@id\":\"https:\\\/\\\/coverseal.be\\\/fr\\\/confirmation-catalogue\\\/\",\"url\":\"https:\\\/\\\/coverseal.be\\\/fr\\\/confirmation-catalogue\\\/\",\"name\":\"Confirmation catalogue | Coverseal\",\"isPartOf\":{\"@id\":\"https:\\\/\\\/coverseal.be\\\/fr\\\/#website\"},\"datePublished\":\"2025-04-03T10:16:38+00:00\",\"dateModified\":\"2025-10-14T14:00:52+00:00\",\"breadcrumb\":{\"@id\":\"https:\\\/\\\/coverseal.be\\\/fr\\\/confirmation-catalogue\\\/#breadcrumb\"},\"inLanguage\":\"fr-BE\",\"potentialAction\":[{\"@type\":\"ReadAction\",\"target\":[\"https:\\\/\\\/coverseal.be\\\/fr\\\/confirmation-catalogue\\\/\"]}]},{\"@type\":\"BreadcrumbList\",\"@id\":\"https:\\\/\\\/coverseal.be\\\/fr\\\/confirmation-catalogue\\\/#breadcrumb\",\"itemListElement\":[{\"@type\":\"ListItem\",\"position\":1,\"name\":\"Accueil\",\"item\":\"https:\\\/\\\/coverseal.be\\\/fr\\\/\"},{\"@type\":\"ListItem\",\"position\":2,\"name\":\"Confirmation catalogue\"}]},{\"@type\":\"WebSite\",\"@id\":\"https:\\\/\\\/coverseal.be\\\/fr\\\/#website\",\"url\":\"https:\\\/\\\/coverseal.be\\\/fr\\\/\",\"name\":\"Coverseal\",\"description\":\"\",\"potentialAction\":[{\"@type\":\"SearchAction\",\"target\":{\"@type\":\"EntryPoint\",\"urlTemplate\":\"https:\\\/\\\/coverseal.be\\\/fr\\\/?s={search_term_string}\"},\"query-input\":{\"@type\":\"PropertyValueSpecification\",\"valueRequired\":true,\"valueName\":\"search_term_string\"}}],\"inLanguage\":\"fr-BE\"}]}<\/script>\n<!-- \/ Yoast SEO plugin. -->","yoast_head_json":{"title":"Confirmation catalogue | Coverseal","robots":{"index":"index","follow":"follow","max-snippet":"max-snippet:-1","max-image-preview":"max-image-preview:large","max-video-preview":"max-video-preview:-1"},"canonical":"https:\/\/coverseal.be\/fr\/confirmation-catalogue\/","og_locale":"fr_FR","og_type":"article","og_title":"Confirmation catalogue | Coverseal","og_description":"Merci de l\u2019int\u00e9r\u00eat que vous portez \u00e0 CoversealVotre catalogue digital, pr\u00e9sentant la Coverseal dans diff\u00e9rents environnements, vous a \u00e9t\u00e9 envoy\u00e9 par e-mail. Voulez-vous d\u00e9j\u00e0 avoir une id\u00e9e de prix pour votre Coverseal ?","og_url":"https:\/\/coverseal.be\/fr\/confirmation-catalogue\/","og_site_name":"Coverseal","article_modified_time":"2025-10-14T14:00:52+00:00","twitter_card":"summary_large_image","schema":{"@context":"https:\/\/schema.org","@graph":[{"@type":"WebPage","@id":"https:\/\/coverseal.be\/fr\/confirmation-catalogue\/","url":"https:\/\/coverseal.be\/fr\/confirmation-catalogue\/","name":"Confirmation catalogue | Coverseal","isPartOf":{"@id":"https:\/\/coverseal.be\/fr\/#website"},"datePublished":"2025-04-03T10:16:38+00:00","dateModified":"2025-10-14T14:00:52+00:00","breadcrumb":{"@id":"https:\/\/coverseal.be\/fr\/confirmation-catalogue\/#breadcrumb"},"inLanguage":"fr-BE","potentialAction":[{"@type":"ReadAction","target":["https:\/\/coverseal.be\/fr\/confirmation-catalogue\/"]}]},{"@type":"BreadcrumbList","@id":"https:\/\/coverseal.be\/fr\/confirmation-catalogue\/#breadcrumb","itemListElement":[{"@type":"ListItem","position":1,"name":"Accueil","item":"https:\/\/coverseal.be\/fr\/"},{"@type":"ListItem","position":2,"name":"Confirmation catalogue"}]},{"@type":"WebSite","@id":"https:\/\/coverseal.be\/fr\/#website","url":"https:\/\/coverseal.be\/fr\/","name":"Coverseal","description":"","potentialAction":[{"@type":"SearchAction","target":{"@type":"EntryPoint","urlTemplate":"https:\/\/coverseal.be\/fr\/?s={search_term_string}"},"query-input":{"@type":"PropertyValueSpecification","valueRequired":true,"valueName":"search_term_string"}}],"inLanguage":"fr-BE"}]}},"_links":{"self":[{"href":"https:\/\/coverseal.be\/fr\/wp-json\/wp\/v2\/pages\/2740","targetHints":{"allow":["GET"]}}],"collection":[{"href":"https:\/\/coverseal.be\/fr\/wp-json\/wp\/v2\/pages"}],"about":[{"href":"https:\/\/coverseal.be\/fr\/wp-json\/wp\/v2\/types\/page"}],"author":[{"embeddable":true,"href":"https:\/\/coverseal.be\/fr\/wp-json\/wp\/v2\/users\/3"}],"replies":[{"embeddable":true,"href":"https:\/\/coverseal.be\/fr\/wp-json\/wp\/v2\/comments?post=2740"}],"version-history":[{"count":6,"href":"https:\/\/coverseal.be\/fr\/wp-json\/wp\/v2\/pages\/2740\/revisions"}],"predecessor-version":[{"id":6921,"href":"https:\/\/coverseal.be\/fr\/wp-json\/wp\/v2\/pages\/2740\/revisions\/6921"}],"wp:attachment":[{"href":"https:\/\/coverseal.be\/fr\/wp-json\/wp\/v2\/media?parent=2740"}],"curies":[{"name":"wp","href":"https:\/\/api.w.org\/{rel}","templated":true}]}}