{"id":12835,"date":"2026-04-08T13:46:56","date_gmt":"2026-04-08T11:46:56","guid":{"rendered":"https:\/\/coverseal.be\/?page_id=12835"},"modified":"2026-04-21T11:55:43","modified_gmt":"2026-04-21T09:55:43","slug":"confirmation-satisfaction-client-post-b-r-e-g-satisfait","status":"publish","type":"page","link":"https:\/\/coverseal.be\/fr\/confirmation-satisfaction-client-post-b-r-e-g-satisfait\/","title":{"rendered":"Confirmation \u2013 Satisfaction Client Post B.R.E.G (Client satisfait)"},"content":{"rendered":"<p>[et_pb_section fb_built=\u00a0\u00bb1&Prime; _builder_version=\u00a0\u00bb4.27.4&Prime; _module_preset=\u00a0\u00bbdefault\u00a0\u00bb custom_padding=\u00a0\u00bb90px|6vw|90px|6vw|true|true\u00a0\u00bb locked=\u00a0\u00bboff\u00a0\u00bb global_colors_info=\u00a0\u00bb{%22gcid-primary-color%22:%91%22background_color%22%93}\u00a0\u00bb][et_pb_row _builder_version=\u00a0\u00bb4.27.4&Prime; _module_preset=\u00a0\u00bbdefault\u00a0\u00bb custom_margin=\u00a0\u00bb||20px||false|false\u00a0\u00bb custom_padding=\u00a0\u00bb0px|15px|0px|15px|true|true\u00a0\u00bb global_colors_info=\u00a0\u00bb{}\u00a0\u00bb][et_pb_column type=\u00a0\u00bb4_4&Prime; _builder_version=\u00a0\u00bb4.27.4&Prime; _module_preset=\u00a0\u00bbdefault\u00a0\u00bb global_colors_info=\u00a0\u00bb{}\u00a0\u00bb][et_pb_text module_class=\u00a0\u00bbh2-size\u00a0\u00bb _builder_version=\u00a0\u00bb4.27.4&Prime; _module_preset=\u00a0\u00bbdefault\u00a0\u00bb header_font=\u00a0\u00bbLexend-Regular||||||||\u00a0\u00bb header_text_align=\u00a0\u00bbcenter\u00a0\u00bb header_text_color=\u00a0\u00bbgcid-secondary-color\u00a0\u00bb header_2_text_color=\u00a0\u00bbgcid-secondary-color\u00a0\u00bb animation_direction=\u00a0\u00bbleft\u00a0\u00bb global_colors_info=\u00a0\u00bb{%22gcid-secondary-color%22:%91%22header_2_text_color%22,%22header_text_color%22,%22header_2_text_color%22%93,%22gcid-fb453400-2325-4dbb-bd00-62d95f666066%22:%91%22header_text_color%22%93}\u00a0\u00bb]<\/p>\n<h1>Votre garantie est activ\u00e9e<\/h1>\n<p>[\/et_pb_text][et_pb_text _builder_version=\u00a0\u00bb4.27.4&Prime; _module_preset=\u00a0\u00bbdefault\u00a0\u00bb text_orientation=\u00a0\u00bbcenter\u00a0\u00bb max_width=\u00a0\u00bb1040px\u00a0\u00bb module_alignment=\u00a0\u00bbcenter\u00a0\u00bb hover_enabled=\u00a0\u00bb0&Prime; global_colors_info=\u00a0\u00bb{}\u00a0\u00bb sticky_enabled=\u00a0\u00bb0&Prime;]<\/p>\n<p>Si vous le souhaitez, vous pouvez partager votre exp\u00e9rience en laissant un avis sur Google. Cela ne vous prendra qu&rsquo;un instant et contribue \u00e0 faire d\u00e9couvrir l&rsquo;exp\u00e9rience Coverseal.<\/p>\n<p>[\/et_pb_text][\/et_pb_column][\/et_pb_row][et_pb_row use_custom_gutter=\u00a0\u00bbon\u00a0\u00bb _builder_version=\u00a0\u00bb4.27.4&Prime; _module_preset=\u00a0\u00bbdefault\u00a0\u00bb max_width=\u00a0\u00bb800px\u00a0\u00bb global_colors_info=\u00a0\u00bb{}\u00a0\u00bb][et_pb_column type=\u00a0\u00bb4_4&Prime; _builder_version=\u00a0\u00bb4.27.4&Prime; _module_preset=\u00a0\u00bbdefault\u00a0\u00bb global_colors_info=\u00a0\u00bb{}\u00a0\u00bb][et_pb_button button_url=\u00a0\u00bbhttps:\/\/www.google.com\/search?sca_esv=869c6e12a1f785e8&#038;sxsrf=ANbL-n7OfwiFuQwcwJnsor-MRiG4Tx-75Q:1775648752786&#038;si=AL3DRZHrmvnFAVQPOO2Bzhf8AX9KZZ6raUI_dT7DG_z0kV2_x2nDBIqa4jxgH0TXguoefMhQtgRiHoKbJqgWZz_tJ567ZtxaTMwmWSXdR0xohoRLEPzeNuMMFbbc5g-j2zWJJS-LCGxNDlKYfe5BJn74fYYq6pPWGVcRfqfZaHzLbQL2Z7L6MS4%3D&#038;q=Coverseal+-+Pool+Cover+made+in+Belgium+Avis&#038;sa=X&#038;ved=2ahUKEwjpiJ-Jl96TAxUX5QIHHWkqEF8Q0bkNegQIIBAH&#038;biw=1920&#038;bih=850&#038;dpr=1&Prime; url_new_window=\u00a0\u00bbon\u00a0\u00bb button_text=\u00a0\u00bbLaisser un avis\u00a0\u00bb button_alignment=\u00a0\u00bbcenter\u00a0\u00bb _builder_version=\u00a0\u00bb4.27.4&Prime; _module_preset=\u00a0\u00bbdefault\u00a0\u00bb custom_padding=\u00a0\u00bb|55px||35px|true|false\u00a0\u00bb global_colors_info=\u00a0\u00bb{}\u00a0\u00bb][\/et_pb_button][\/et_pb_column][\/et_pb_row][\/et_pb_section]<\/p>\n","protected":false},"excerpt":{"rendered":"<p>Votre garantie est activ\u00e9eSi vous le souhaitez, vous pouvez partager votre exp\u00e9rience en laissant un avis sur Google. Cela ne vous prendra qu&rsquo;un instant et contribue \u00e0 faire d\u00e9couvrir l&rsquo;exp\u00e9rience Coverseal.<\/p>\n","protected":false},"author":3,"featured_media":0,"parent":0,"menu_order":0,"comment_status":"closed","ping_status":"closed","template":"","meta":{"_et_pb_use_builder":"on","_et_pb_old_content":"","_et_gb_content_width":"","footnotes":""},"class_list":["post-12835","page","type-page","status-publish","hentry"],"yoast_head":"<!-- This site is optimized with the Yoast SEO plugin v27.5 - https:\/\/yoast.com\/product\/yoast-seo-wordpress\/ -->\n<title>Confirmation \u2013 Satisfaction Client Post B.R.E.G (Client satisfait) | Coverseal<\/title>\n<meta name=\"robots\" content=\"index, follow, max-snippet:-1, max-image-preview:large, max-video-preview:-1\" \/>\n<link rel=\"canonical\" href=\"https:\/\/coverseal.be\/fr\/confirmation-satisfaction-client-post-b-r-e-g-satisfait\/\" \/>\n<meta property=\"og:locale\" content=\"fr_FR\" \/>\n<meta property=\"og:type\" content=\"article\" \/>\n<meta property=\"og:title\" content=\"Confirmation \u2013 Satisfaction Client Post B.R.E.G (Client satisfait) | Coverseal\" \/>\n<meta property=\"og:description\" content=\"Votre garantie est activ\u00e9eSi vous le souhaitez, vous pouvez partager votre exp\u00e9rience en laissant un avis sur Google. Cela ne vous prendra qu&#039;un instant et contribue \u00e0 faire d\u00e9couvrir l&#039;exp\u00e9rience Coverseal.\" \/>\n<meta property=\"og:url\" content=\"https:\/\/coverseal.be\/fr\/confirmation-satisfaction-client-post-b-r-e-g-satisfait\/\" \/>\n<meta property=\"og:site_name\" content=\"Coverseal\" \/>\n<meta property=\"article:modified_time\" content=\"2026-04-21T09:55:43+00:00\" \/>\n<meta name=\"twitter:card\" content=\"summary_large_image\" \/>\n<meta name=\"twitter:label1\" content=\"Dur\u00e9e de lecture est.\" \/>\n\t<meta name=\"twitter:data1\" content=\"1 minute\" \/>\n<script type=\"application\/ld+json\" class=\"yoast-schema-graph\">{\"@context\":\"https:\\\/\\\/schema.org\",\"@graph\":[{\"@type\":\"WebPage\",\"@id\":\"https:\\\/\\\/coverseal.be\\\/fr\\\/confirmation-satisfaction-client-post-b-r-e-g-satisfait\\\/\",\"url\":\"https:\\\/\\\/coverseal.be\\\/fr\\\/confirmation-satisfaction-client-post-b-r-e-g-satisfait\\\/\",\"name\":\"Confirmation \u2013 Satisfaction Client Post B.R.E.G (Client satisfait) | Coverseal\",\"isPartOf\":{\"@id\":\"https:\\\/\\\/coverseal.be\\\/fr\\\/#website\"},\"datePublished\":\"2026-04-08T11:46:56+00:00\",\"dateModified\":\"2026-04-21T09:55:43+00:00\",\"breadcrumb\":{\"@id\":\"https:\\\/\\\/coverseal.be\\\/fr\\\/confirmation-satisfaction-client-post-b-r-e-g-satisfait\\\/#breadcrumb\"},\"inLanguage\":\"fr-BE\",\"potentialAction\":[{\"@type\":\"ReadAction\",\"target\":[\"https:\\\/\\\/coverseal.be\\\/fr\\\/confirmation-satisfaction-client-post-b-r-e-g-satisfait\\\/\"]}]},{\"@type\":\"BreadcrumbList\",\"@id\":\"https:\\\/\\\/coverseal.be\\\/fr\\\/confirmation-satisfaction-client-post-b-r-e-g-satisfait\\\/#breadcrumb\",\"itemListElement\":[{\"@type\":\"ListItem\",\"position\":1,\"name\":\"Accueil\",\"item\":\"https:\\\/\\\/coverseal.be\\\/fr\\\/\"},{\"@type\":\"ListItem\",\"position\":2,\"name\":\"Confirmation \u2013 Satisfaction Client Post B.R.E.G (Client satisfait)\"}]},{\"@type\":\"WebSite\",\"@id\":\"https:\\\/\\\/coverseal.be\\\/fr\\\/#website\",\"url\":\"https:\\\/\\\/coverseal.be\\\/fr\\\/\",\"name\":\"Coverseal\",\"description\":\"\",\"potentialAction\":[{\"@type\":\"SearchAction\",\"target\":{\"@type\":\"EntryPoint\",\"urlTemplate\":\"https:\\\/\\\/coverseal.be\\\/fr\\\/?s={search_term_string}\"},\"query-input\":{\"@type\":\"PropertyValueSpecification\",\"valueRequired\":true,\"valueName\":\"search_term_string\"}}],\"inLanguage\":\"fr-BE\"}]}<\/script>\n<!-- \/ Yoast SEO plugin. -->","yoast_head_json":{"title":"Confirmation \u2013 Satisfaction Client Post B.R.E.G (Client satisfait) | Coverseal","robots":{"index":"index","follow":"follow","max-snippet":"max-snippet:-1","max-image-preview":"max-image-preview:large","max-video-preview":"max-video-preview:-1"},"canonical":"https:\/\/coverseal.be\/fr\/confirmation-satisfaction-client-post-b-r-e-g-satisfait\/","og_locale":"fr_FR","og_type":"article","og_title":"Confirmation \u2013 Satisfaction Client Post B.R.E.G (Client satisfait) | Coverseal","og_description":"Votre garantie est activ\u00e9eSi vous le souhaitez, vous pouvez partager votre exp\u00e9rience en laissant un avis sur Google. Cela ne vous prendra qu'un instant et contribue \u00e0 faire d\u00e9couvrir l'exp\u00e9rience Coverseal.","og_url":"https:\/\/coverseal.be\/fr\/confirmation-satisfaction-client-post-b-r-e-g-satisfait\/","og_site_name":"Coverseal","article_modified_time":"2026-04-21T09:55:43+00:00","twitter_card":"summary_large_image","twitter_misc":{"Dur\u00e9e de lecture est.":"1 minute"},"schema":{"@context":"https:\/\/schema.org","@graph":[{"@type":"WebPage","@id":"https:\/\/coverseal.be\/fr\/confirmation-satisfaction-client-post-b-r-e-g-satisfait\/","url":"https:\/\/coverseal.be\/fr\/confirmation-satisfaction-client-post-b-r-e-g-satisfait\/","name":"Confirmation \u2013 Satisfaction Client Post B.R.E.G (Client satisfait) | Coverseal","isPartOf":{"@id":"https:\/\/coverseal.be\/fr\/#website"},"datePublished":"2026-04-08T11:46:56+00:00","dateModified":"2026-04-21T09:55:43+00:00","breadcrumb":{"@id":"https:\/\/coverseal.be\/fr\/confirmation-satisfaction-client-post-b-r-e-g-satisfait\/#breadcrumb"},"inLanguage":"fr-BE","potentialAction":[{"@type":"ReadAction","target":["https:\/\/coverseal.be\/fr\/confirmation-satisfaction-client-post-b-r-e-g-satisfait\/"]}]},{"@type":"BreadcrumbList","@id":"https:\/\/coverseal.be\/fr\/confirmation-satisfaction-client-post-b-r-e-g-satisfait\/#breadcrumb","itemListElement":[{"@type":"ListItem","position":1,"name":"Accueil","item":"https:\/\/coverseal.be\/fr\/"},{"@type":"ListItem","position":2,"name":"Confirmation \u2013 Satisfaction Client Post B.R.E.G (Client satisfait)"}]},{"@type":"WebSite","@id":"https:\/\/coverseal.be\/fr\/#website","url":"https:\/\/coverseal.be\/fr\/","name":"Coverseal","description":"","potentialAction":[{"@type":"SearchAction","target":{"@type":"EntryPoint","urlTemplate":"https:\/\/coverseal.be\/fr\/?s={search_term_string}"},"query-input":{"@type":"PropertyValueSpecification","valueRequired":true,"valueName":"search_term_string"}}],"inLanguage":"fr-BE"}]}},"_links":{"self":[{"href":"https:\/\/coverseal.be\/fr\/wp-json\/wp\/v2\/pages\/12835","targetHints":{"allow":["GET"]}}],"collection":[{"href":"https:\/\/coverseal.be\/fr\/wp-json\/wp\/v2\/pages"}],"about":[{"href":"https:\/\/coverseal.be\/fr\/wp-json\/wp\/v2\/types\/page"}],"author":[{"embeddable":true,"href":"https:\/\/coverseal.be\/fr\/wp-json\/wp\/v2\/users\/3"}],"replies":[{"embeddable":true,"href":"https:\/\/coverseal.be\/fr\/wp-json\/wp\/v2\/comments?post=12835"}],"version-history":[{"count":5,"href":"https:\/\/coverseal.be\/fr\/wp-json\/wp\/v2\/pages\/12835\/revisions"}],"predecessor-version":[{"id":13071,"href":"https:\/\/coverseal.be\/fr\/wp-json\/wp\/v2\/pages\/12835\/revisions\/13071"}],"wp:attachment":[{"href":"https:\/\/coverseal.be\/fr\/wp-json\/wp\/v2\/media?parent=12835"}],"curies":[{"name":"wp","href":"https:\/\/api.w.org\/{rel}","templated":true}]}}