{"id":1266,"date":"2025-03-25T09:53:05","date_gmt":"2025-03-25T08:53:05","guid":{"rendered":"https:\/\/coverseal.poush-dev.be\/?page_id=1266"},"modified":"2026-02-06T15:15:34","modified_gmt":"2026-02-06T14:15:34","slug":"documents","status":"publish","type":"page","link":"https:\/\/coverseal.be\/fr\/documents\/","title":{"rendered":"Documents"},"content":{"rendered":"<p>[et_pb_section fb_built=\u00a0\u00bb1&Prime; _builder_version=\u00a0\u00bb4.27.4&Prime; _module_preset=\u00a0\u00bbdefault\u00a0\u00bb custom_padding=\u00a0\u00bb80px|6vw||6vw|false|true\u00a0\u00bb locked=\u00a0\u00bboff\u00a0\u00bb global_colors_info=\u00a0\u00bb{}\u00a0\u00bb][et_pb_row _builder_version=\u00a0\u00bb4.27.4&Prime; _module_preset=\u00a0\u00bbdefault\u00a0\u00bb custom_margin=\u00a0\u00bb||20px||false|false\u00a0\u00bb global_colors_info=\u00a0\u00bb{}\u00a0\u00bb][et_pb_column type=\u00a0\u00bb4_4&Prime; _builder_version=\u00a0\u00bb4.27.4&Prime; _module_preset=\u00a0\u00bbdefault\u00a0\u00bb global_colors_info=\u00a0\u00bb{}\u00a0\u00bb][et_pb_text module_class=\u00a0\u00bbh2-size\u00a0\u00bb _builder_version=\u00a0\u00bb4.27.4&Prime; _module_preset=\u00a0\u00bbdefault\u00a0\u00bb header_font=\u00a0\u00bbLexend-Regular||||||||\u00a0\u00bb header_text_color=\u00a0\u00bbgcid-secondary-color\u00a0\u00bb header_2_text_color=\u00a0\u00bbgcid-secondary-color\u00a0\u00bb animation_direction=\u00a0\u00bbleft\u00a0\u00bb global_colors_info=\u00a0\u00bb{%22gcid-secondary-color%22:%91%22header_2_text_color%22,%22header_text_color%22%93}\u00a0\u00bb]<\/p>\n<h1>Documents utiles<\/h1>\n<p>[\/et_pb_text][et_pb_text _builder_version=\u00a0\u00bb4.27.4&Prime; _module_preset=\u00a0\u00bbdefault\u00a0\u00bb max_width=\u00a0\u00bb1000px\u00a0\u00bb]<\/p>\n<p>Retrouvez ici l\u2019essentiel des documents cl\u00e9s, r\u00e9unis pour vous accompagner \u00e0 chaque \u00e9tape de votre projet avec Coverseal. Si vous ne trouvez pas l&rsquo;information souhait\u00e9e, n&rsquo;h\u00e9sitez pas \u00e0 consulter notre section <a href=\"https:\/\/coverseal.be\/faq\/\">FAQ<\/a> pour obtenir rapidement des r\u00e9ponses \u00e0 vos questions.<\/p>\n<p>[\/et_pb_text][\/et_pb_column][\/et_pb_row][et_pb_row _builder_version=\u00a0\u00bb4.27.4&Prime; _module_preset=\u00a0\u00bbdefault\u00a0\u00bb custom_css_free_form=\u00a0\u00bb.custom_card_doc figure .dsm_card_carousel_child_image_background {||  position: relative;||}||||.custom_card_doc figure .dsm_card_carousel_child_image_background::after {||  content: %22T\u00e9l\u00e9charger%22;||  color: #fff;||  display: block;||  position: absolute;||  inset: 0;||  height: 100;||  width: 100%;||\tmax-width: 208px;||\tmargin: 0 auto;||\ttext-align: center;||  display: flex;||  align-items:center;||  justify-content: center;||  background-color: rgba(0,0,0,0.5);||  border-radius: 10px;||}||||||.custom_card_doc figure .dsm_card_carousel_child_image_background::before {||\tcontent:%22%22;||  display: block;||  width: 40px;||  height: 40px;||  background: url(&lsquo;https:\/\/coverseal.be\/wp-content\/uploads\/2025\/04\/icon-download.svg&rsquo;)no-repeat;||  background-size: contain;||  position: absolute;||  top:90px;||  left: 50%;||  margin-left: -20px;||  z-index: 200;||}||||.custom_card_doc figure .dsm_card_carousel_child_image_background::before,||.custom_card_doc figure .dsm_card_carousel_child_image_background::after {||  opacity: 0; ||  transform: translateY(-500px);||\ttransition: all .6s ease-in-out;||}||||.custom_card_doc figure .dsm_card_carousel_child_image_background::before {||  transition-delay: .1s;||}||||.custom_card_doc figure:hover .dsm_card_carousel_child_image_background::before,||.custom_card_doc figure:hover .dsm_card_carousel_child_image_background::after {||  transform: translateY(0px);||  opacity: 1; ||}\u00a0\u00bb global_colors_info=\u00a0\u00bb{}\u00a0\u00bb][et_pb_column type=\u00a0\u00bb4_4&Prime; _builder_version=\u00a0\u00bb4.27.4&Prime; _module_preset=\u00a0\u00bbdefault\u00a0\u00bb global_colors_info=\u00a0\u00bb{}\u00a0\u00bb][dsm_card_carousel slide_to_show=\u00a0\u00bb4&Prime; speed=\u00a0\u00bb2000&Prime; infinite=\u00a0\u00bboff\u00a0\u00bb use_arrow_custom_position=\u00a0\u00bbon\u00a0\u00bb arrow_prev=\u00a0\u00bbon\u00a0\u00bb arrow_prev_font_icon=\u00a0\u00bb&#x23;||divi||400&Prime; arrow_next=\u00a0\u00bbon\u00a0\u00bb arrow_next_font_icon=\u00a0\u00bb&#x24;||divi||400&Prime; arrow_size=\u00a0\u00bb25px\u00a0\u00bb arrow_color=\u00a0\u00bbgcid-secondary-color\u00a0\u00bb arrow_background_color=\u00a0\u00bbgcid-939ec961-e35a-49a0-8fe6-b17c10e8d88d\u00a0\u00bb image_alignment=\u00a0\u00bbcenter\u00a0\u00bb slide_to_show_tablet=\u00a0\u00bb2&Prime; slide_to_show_phone=\u00a0\u00bb1&Prime; slide_to_show_last_edited=\u00a0\u00bbon|phone\u00a0\u00bb arrow_custom_position_tablet=\u00a0\u00bb-30px\u00a0\u00bb arrow_custom_position_phone=\u00a0\u00bb-15px\u00a0\u00bb arrow_custom_position_last_edited=\u00a0\u00bbon|phone\u00a0\u00bb module_class=\u00a0\u00bbcustom_card_doc\u00a0\u00bb _builder_version=\u00a0\u00bb4.27.4&Prime; _module_preset=\u00a0\u00bbdefault\u00a0\u00bb header_font=\u00a0\u00bb&#8211;et_global_body_font||||||||\u00a0\u00bb header_text_align=\u00a0\u00bbcenter\u00a0\u00bb subhead_text_align=\u00a0\u00bbcenter\u00a0\u00bb subhead_font_size=\u00a0\u00bb20px\u00a0\u00bb hover_enabled=\u00a0\u00bb0&Prime; border_radii_image=\u00a0\u00bbon|20px|20px|20px|20px\u00a0\u00bb border_radii_arrow=\u00a0\u00bbon|40px|40px|40px|40px\u00a0\u00bb global_colors_info=\u00a0\u00bb{%22gcid-secondary-color%22:%91%22arrow_color%22%93,%22gcid-939ec961-e35a-49a0-8fe6-b17c10e8d88d%22:%91%22arrow_background_color%22%93}\u00a0\u00bb sticky_enabled=\u00a0\u00bb0&Prime;][dsm_card_carousel_child title=\u00a0\u00bbManuel d&rsquo;utilisation\u00a0\u00bb subtitle=\u00a0\u00bbCouverture 102 &#8211; Rails Alu\u00a0\u00bb image=\u00a0\u00bbhttps:\/\/coverseal.be\/wp-content\/uploads\/2025\/12\/Manuel-dutilisation_siteweb.jpg\u00a0\u00bb image_background_height=\u00a0\u00bb300px\u00a0\u00bb image_background_size=\u00a0\u00bbcontain\u00a0\u00bb image_alignment=\u00a0\u00bbcenter\u00a0\u00bb alt=\u00a0\u00bbManuel d&rsquo;utilisation\u00a0\u00bb button_url_new_window=\u00a0\u00bb1&Prime; _builder_version=\u00a0\u00bb4.27.4&Prime; _module_preset=\u00a0\u00bbdefault\u00a0\u00bb link_option_url=\u00a0\u00bbhttps:\/\/coverseal.be\/wp-content\/uploads\/2025\/05\/2.-MANUEL-UTILISATION.pdf\u00a0\u00bb link_option_url_new_window=\u00a0\u00bbon\u00a0\u00bb global_colors_info=\u00a0\u00bb{}\u00a0\u00bb parent_button=\u00a0\u00bboff\u00a0\u00bb parent_header_level=\u00a0\u00bbh4&Prime;][\/dsm_card_carousel_child][dsm_card_carousel_child title=\u00a0\u00bbFonctionnalit\u00e9 Bluetooth\u00a0\u00bb image=\u00a0\u00bbhttps:\/\/coverseal.be\/wp-content\/uploads\/2025\/09\/Fonctionnalite-Bluetooth-rounded.png\u00a0\u00bb image_background_height=\u00a0\u00bb300px\u00a0\u00bb image_background_size=\u00a0\u00bbcontain\u00a0\u00bb image_alignment=\u00a0\u00bbcenter\u00a0\u00bb alt=\u00a0\u00bbFonctionnalit\u00e9 Bluetooth Clients\u00a0\u00bb button_url_new_window=\u00a0\u00bb1&Prime; _builder_version=\u00a0\u00bb4.27.4&Prime; _module_preset=\u00a0\u00bbdefault\u00a0\u00bb link_option_url=\u00a0\u00bbhttps:\/\/coverseal.be\/wp-content\/uploads\/2026\/02\/FR-fonctionnalite_bluetooth_utilisateur_07_11_25_compressed.pdf\u00a0\u00bb link_option_url_new_window=\u00a0\u00bbon\u00a0\u00bb hover_enabled=\u00a0\u00bb0&Prime; global_colors_info=\u00a0\u00bb{}\u00a0\u00bb parent_button=\u00a0\u00bboff\u00a0\u00bb parent_header_level=\u00a0\u00bbh4&Prime; sticky_enabled=\u00a0\u00bb0&Prime;][\/dsm_card_carousel_child][dsm_card_carousel_child title=\u00a0\u00bbRapport d&rsquo;impact\u00a0\u00bb subtitle=\u00a0\u00bb2025&Prime; image=\u00a0\u00bbhttps:\/\/coverseal.be\/wp-content\/uploads\/2026\/01\/Capture-decran-2026-01-14-145003.jpg\u00a0\u00bb image_background_height=\u00a0\u00bb300px\u00a0\u00bb image_background_size=\u00a0\u00bbcontain\u00a0\u00bb button_url_new_window=\u00a0\u00bb1&Prime; _builder_version=\u00a0\u00bb4.27.4&Prime; _module_preset=\u00a0\u00bbdefault\u00a0\u00bb link_option_url=\u00a0\u00bbhttps:\/\/coverseal.be\/wp-content\/uploads\/2026\/01\/Rapport-dimpact-Coverseal-Becoflex-2025_compressed.pdf\u00a0\u00bb global_colors_info=\u00a0\u00bb{}\u00a0\u00bb parent_button=\u00a0\u00bboff\u00a0\u00bb parent_header_level=\u00a0\u00bbh4&Prime;][\/dsm_card_carousel_child][dsm_card_carousel_child title=\u00a0\u00bbCode \u00e9thique\u00a0\u00bb image=\u00a0\u00bbhttps:\/\/coverseal.be\/wp-content\/uploads\/2026\/01\/Capture-decran-2026-01-14-144730.png\u00a0\u00bb image_background_height=\u00a0\u00bb300px\u00a0\u00bb image_background_size=\u00a0\u00bbcontain\u00a0\u00bb button_url_new_window=\u00a0\u00bb1&Prime; _builder_version=\u00a0\u00bb4.27.4&Prime; _module_preset=\u00a0\u00bbdefault\u00a0\u00bb link_option_url=\u00a0\u00bbhttps:\/\/coverseal.be\/wp-content\/uploads\/2026\/01\/Code-Ethique-DOC-03-16-A.pdf\u00a0\u00bb global_colors_info=\u00a0\u00bb{}\u00a0\u00bb parent_button=\u00a0\u00bboff\u00a0\u00bb parent_header_level=\u00a0\u00bbh4&Prime;][\/dsm_card_carousel_child][dsm_card_carousel_child title=\u00a0\u00bbPolitique environnementale\u00a0\u00bb image=\u00a0\u00bbhttps:\/\/coverseal.be\/wp-content\/uploads\/2026\/01\/Capture-decran-2026-01-20-112708.png\u00a0\u00bb image_background_height=\u00a0\u00bb300px\u00a0\u00bb image_background_size=\u00a0\u00bbcontain\u00a0\u00bb button_url_new_window=\u00a0\u00bb1&Prime; _builder_version=\u00a0\u00bb4.27.4&Prime; _module_preset=\u00a0\u00bbdefault\u00a0\u00bb link_option_url=\u00a0\u00bbhttps:\/\/coverseal.be\/wp-content\/uploads\/2026\/01\/Becoflex_Politique-environnementale-2025.pdf\u00a0\u00bb global_colors_info=\u00a0\u00bb{}\u00a0\u00bb parent_button=\u00a0\u00bboff\u00a0\u00bb parent_header_level=\u00a0\u00bbh4&Prime;][\/dsm_card_carousel_child][dsm_card_carousel_child title=\u00a0\u00bbCode de conduite\u00a0\u00bb subtitle=\u00a0\u00bbFournisseurs\u00a0\u00bb image=\u00a0\u00bbhttps:\/\/coverseal.be\/wp-content\/uploads\/2026\/01\/Capture-decran-2026-01-14-144339.png\u00a0\u00bb image_background_height=\u00a0\u00bb300px\u00a0\u00bb image_background_size=\u00a0\u00bbcontain\u00a0\u00bb button_url_new_window=\u00a0\u00bb1&Prime; _builder_version=\u00a0\u00bb4.27.4&Prime; _module_preset=\u00a0\u00bbdefault\u00a0\u00bb link_option_url=\u00a0\u00bbhttps:\/\/coverseal.be\/wp-content\/uploads\/2026\/01\/Code-de-conduite-Fournisseurs-FR_DOC-05-07-A.pdf\u00a0\u00bb global_colors_info=\u00a0\u00bb{}\u00a0\u00bb parent_button=\u00a0\u00bboff\u00a0\u00bb parent_header_level=\u00a0\u00bbh4&Prime;][\/dsm_card_carousel_child][\/dsm_card_carousel][\/et_pb_column][\/et_pb_row][\/et_pb_section]<\/p>\n","protected":false},"excerpt":{"rendered":"<p>Documents utilesRetrouvez ici l\u2019essentiel des documents cl\u00e9s, r\u00e9unis pour vous accompagner \u00e0 chaque \u00e9tape de votre projet avec Coverseal. Si vous ne trouvez pas l&rsquo;information souhait\u00e9e, n&rsquo;h\u00e9sitez pas \u00e0 consulter notre section FAQ pour obtenir rapidement des r\u00e9ponses \u00e0 vos questions.<div class=\"et_pb_module dsm_card_carousel dsm_card_carousel_0 custom_card_doc dsm_card_carousel_layout_stacked \">\n\t\t\t\t\n\t\t\t\t\n\t\t\t\t\n\t\t\t\t\n\t\t\t\t\n\t\t\t\t\n\t\t\t\t<div class=\"et_pb_module_inner\">\n\t\t\t\t\t\n\t\t\t\n\t\t\t<div class=\"swiper-container dsm_card_carousel_wrapper\" dir=\"ltr\" data-params=\"[{&quot;direction&quot;:&quot;horizontal&quot;,&quot;effect&quot;:&quot;default&quot;,&quot;slider_effect_shadows&quot;:false,&quot;slider_effect_coverflow_rotate&quot;:&quot;30&quot;,&quot;slider_effect_coverflow_depth&quot;:&quot;0&quot;,&quot;loop&quot;:false,&quot;infinite_smooth_scrolling&quot;:false,&quot;slide_to_show&quot;:&quot;4&quot;,&quot;slide_to_show_tablet&quot;:&quot;2&quot;,&quot;slide_to_show_phone&quot;:&quot;1&quot;,&quot;slide_to_scroll&quot;:&quot;1&quot;,&quot;slide_to_scroll_tablet&quot;:&quot;1&quot;,&quot;slide_to_scroll_phone&quot;:&quot;1&quot;,&quot;space_between&quot;:&quot;15&quot;,&quot;space_between_tablet&quot;:&quot;15&quot;,&quot;space_between_phone&quot;:&quot;15&quot;,&quot;centered_slides&quot;:false,&quot;multiple_slide_row&quot;:&quot;off&quot;,&quot;slide_row&quot;:&quot;1&quot;,&quot;slide_row_tablet&quot;:&quot;1&quot;,&quot;slide_row_phone&quot;:&quot;1&quot;,&quot;speed&quot;:&quot;2000&quot;,&quot;autoplay&quot;:true,&quot;autoplay_speed&quot;:&quot;3000&quot;,&quot;autoplay_viewport&quot;:&quot;80%&quot;,&quot;touch_move&quot;:true,&quot;grab&quot;:true,&quot;pause_on_hover&quot;:false,&quot;mousewheel&quot;:false,&quot;auto_height&quot;:false,&quot;equal_height&quot;:false,&quot;equal_height_tablet&quot;:true,&quot;equal_height_phone&quot;:true}]\">\n\t\t\t<div class=\"swiper-wrapper\"><div class=\"dsm_card_carousel_child dsm_card_carousel_child_0 et_clickable swiper-slide\">\n\t\t\t\t\n\t\t\t\t\n\t\t\t\t\n\t\t\t\t\n\t\t\t\t\n\t\t\t\t\n\t\t\t\t<div class=\"et_pb_module_inner\">\n\t\t\t\t\t\n\t\t\t\n\t\t\t<figure class=\"dsm_card_carousel_child_image_wrapper dsm_card_carousel_child_badge_top_right\"><div class=\"dsm_card_carousel_child_image_background dsm_card_carousel_child_img\"><\/div><\/figure>\n\t\t\t<div class=\"dsm_card_wrapper et_pb_text_align_left et_pb_bg_layout_light\">\n\t\t\t\t\t<h4 class=\"dsm_card_title et_pb_module_header\">Manuel d'utilisation<\/h4>\n\t\t\t\t\t<div class=\"dsm_card_carousel_child_subtitle\">Couverture 102 - Rails Alu<\/div>\n\t\t\t\t\t\n\t\t\t\t\t\n\t\t\t\t<\/div>\n\t\t\t\t<\/div>\n\t\t\t<\/div><div class=\"dsm_card_carousel_child dsm_card_carousel_child_1 et_clickable swiper-slide\">\n\t\t\t\t\n\t\t\t\t\n\t\t\t\t\n\t\t\t\t\n\t\t\t\t\n\t\t\t\t\n\t\t\t\t<div class=\"et_pb_module_inner\">\n\t\t\t\t\t\n\t\t\t\n\t\t\t<figure class=\"dsm_card_carousel_child_image_wrapper dsm_card_carousel_child_badge_top_right\"><div class=\"dsm_card_carousel_child_image_background dsm_card_carousel_child_img\"><\/div><\/figure>\n\t\t\t<div class=\"dsm_card_wrapper et_pb_text_align_left et_pb_bg_layout_light\">\n\t\t\t\t\t<h4 class=\"dsm_card_title et_pb_module_header\">Fonctionnalit\u00e9 Bluetooth<\/h4>\n\t\t\t\t\t\n\t\t\t\t\t\n\t\t\t\t\t\n\t\t\t\t<\/div>\n\t\t\t\t<\/div>\n\t\t\t<\/div><div class=\"dsm_card_carousel_child dsm_card_carousel_child_2 et_clickable swiper-slide\">\n\t\t\t\t\n\t\t\t\t\n\t\t\t\t\n\t\t\t\t\n\t\t\t\t\n\t\t\t\t\n\t\t\t\t<div class=\"et_pb_module_inner\">\n\t\t\t\t\t\n\t\t\t\n\t\t\t<figure class=\"dsm_card_carousel_child_image_wrapper dsm_card_carousel_child_badge_top_right\"><div class=\"dsm_card_carousel_child_image_background dsm_card_carousel_child_img\"><\/div><\/figure>\n\t\t\t<div class=\"dsm_card_wrapper et_pb_text_align_left et_pb_bg_layout_light\">\n\t\t\t\t\t<h4 class=\"dsm_card_title et_pb_module_header\">Rapport d'impact<\/h4>\n\t\t\t\t\t<div class=\"dsm_card_carousel_child_subtitle\">2025<\/div>\n\t\t\t\t\t\n\t\t\t\t\t\n\t\t\t\t<\/div>\n\t\t\t\t<\/div>\n\t\t\t<\/div><div class=\"dsm_card_carousel_child dsm_card_carousel_child_3 et_clickable swiper-slide\">\n\t\t\t\t\n\t\t\t\t\n\t\t\t\t\n\t\t\t\t\n\t\t\t\t\n\t\t\t\t\n\t\t\t\t<div class=\"et_pb_module_inner\">\n\t\t\t\t\t\n\t\t\t\n\t\t\t<figure class=\"dsm_card_carousel_child_image_wrapper dsm_card_carousel_child_badge_top_right\"><div class=\"dsm_card_carousel_child_image_background dsm_card_carousel_child_img\"><\/div><\/figure>\n\t\t\t<div class=\"dsm_card_wrapper et_pb_text_align_left et_pb_bg_layout_light\">\n\t\t\t\t\t<h4 class=\"dsm_card_title et_pb_module_header\">Code \u00e9thique<\/h4>\n\t\t\t\t\t\n\t\t\t\t\t\n\t\t\t\t\t\n\t\t\t\t<\/div>\n\t\t\t\t<\/div>\n\t\t\t<\/div><div class=\"dsm_card_carousel_child dsm_card_carousel_child_4 et_clickable swiper-slide\">\n\t\t\t\t\n\t\t\t\t\n\t\t\t\t\n\t\t\t\t\n\t\t\t\t\n\t\t\t\t\n\t\t\t\t<div class=\"et_pb_module_inner\">\n\t\t\t\t\t\n\t\t\t\n\t\t\t<figure class=\"dsm_card_carousel_child_image_wrapper dsm_card_carousel_child_badge_top_right\"><div class=\"dsm_card_carousel_child_image_background dsm_card_carousel_child_img\"><\/div><\/figure>\n\t\t\t<div class=\"dsm_card_wrapper et_pb_text_align_left et_pb_bg_layout_light\">\n\t\t\t\t\t<h4 class=\"dsm_card_title et_pb_module_header\">Politique environnementale<\/h4>\n\t\t\t\t\t\n\t\t\t\t\t\n\t\t\t\t\t\n\t\t\t\t<\/div>\n\t\t\t\t<\/div>\n\t\t\t<\/div><div class=\"dsm_card_carousel_child dsm_card_carousel_child_5 et_clickable swiper-slide\">\n\t\t\t\t\n\t\t\t\t\n\t\t\t\t\n\t\t\t\t\n\t\t\t\t\n\t\t\t\t\n\t\t\t\t<div class=\"et_pb_module_inner\">\n\t\t\t\t\t\n\t\t\t\n\t\t\t<figure class=\"dsm_card_carousel_child_image_wrapper dsm_card_carousel_child_badge_top_right\"><div class=\"dsm_card_carousel_child_image_background dsm_card_carousel_child_img\"><\/div><\/figure>\n\t\t\t<div class=\"dsm_card_wrapper et_pb_text_align_left et_pb_bg_layout_light\">\n\t\t\t\t\t<h4 class=\"dsm_card_title et_pb_module_header\">Code de conduite<\/h4>\n\t\t\t\t\t<div class=\"dsm_card_carousel_child_subtitle\">Fournisseurs<\/div>\n\t\t\t\t\t\n\t\t\t\t\t\n\t\t\t\t<\/div>\n\t\t\t\t<\/div>\n\t\t\t<\/div><\/div>\n\t\t\t<\/div><div class=\"swiper-button-prev dsm_card_carousel_arrow\" data-icon=\"&#x23;\"><\/div><div class=\"swiper-button-next dsm_card_carousel_arrow\" data-icon=\"&#x24;\"><\/div><div class=\"swiper-pagination dsm_card_carousel_pagination\"><\/div>\n\t\t\t\t<\/div>\n\t\t\t<\/div><\/p>\n","protected":false},"author":3,"featured_media":0,"parent":0,"menu_order":0,"comment_status":"closed","ping_status":"closed","template":"","meta":{"_et_pb_use_builder":"on","_et_pb_old_content":"","_et_gb_content_width":"","footnotes":""},"class_list":["post-1266","page","type-page","status-publish","hentry"],"yoast_head":"<!-- This site is optimized with the Yoast SEO plugin v27.4 - https:\/\/yoast.com\/product\/yoast-seo-wordpress\/ -->\n<title>Documents | Coverseal<\/title>\n<meta name=\"robots\" content=\"index, follow, max-snippet:-1, max-image-preview:large, max-video-preview:-1\" \/>\n<link rel=\"canonical\" href=\"https:\/\/coverseal.be\/fr\/documents\/\" \/>\n<meta property=\"og:locale\" content=\"fr_FR\" \/>\n<meta property=\"og:type\" content=\"article\" \/>\n<meta property=\"og:title\" content=\"Documents | Coverseal\" \/>\n<meta property=\"og:description\" content=\"Documents utilesRetrouvez ici l\u2019essentiel des documents cl\u00e9s, r\u00e9unis pour vous accompagner \u00e0 chaque \u00e9tape de votre projet avec Coverseal. Si vous ne trouvez pas l&#039;information souhait\u00e9e, n&#039;h\u00e9sitez pas \u00e0 consulter notre section FAQ pour obtenir rapidement des r\u00e9ponses \u00e0 vos questions.\" \/>\n<meta property=\"og:url\" content=\"https:\/\/coverseal.be\/fr\/documents\/\" \/>\n<meta property=\"og:site_name\" content=\"Coverseal\" \/>\n<meta property=\"article:modified_time\" content=\"2026-02-06T14:15:34+00:00\" \/>\n<meta name=\"twitter:card\" content=\"summary_large_image\" \/>\n<meta name=\"twitter:label1\" content=\"Dur\u00e9e de lecture est.\" \/>\n\t<meta name=\"twitter:data1\" content=\"1 minute\" \/>\n<script type=\"application\/ld+json\" class=\"yoast-schema-graph\">{\"@context\":\"https:\\\/\\\/schema.org\",\"@graph\":[{\"@type\":\"WebPage\",\"@id\":\"https:\\\/\\\/coverseal.be\\\/fr\\\/documents\\\/\",\"url\":\"https:\\\/\\\/coverseal.be\\\/fr\\\/documents\\\/\",\"name\":\"Documents | Coverseal\",\"isPartOf\":{\"@id\":\"https:\\\/\\\/coverseal.be\\\/fr\\\/#website\"},\"datePublished\":\"2025-03-25T08:53:05+00:00\",\"dateModified\":\"2026-02-06T14:15:34+00:00\",\"breadcrumb\":{\"@id\":\"https:\\\/\\\/coverseal.be\\\/fr\\\/documents\\\/#breadcrumb\"},\"inLanguage\":\"fr-BE\",\"potentialAction\":[{\"@type\":\"ReadAction\",\"target\":[\"https:\\\/\\\/coverseal.be\\\/fr\\\/documents\\\/\"]}]},{\"@type\":\"BreadcrumbList\",\"@id\":\"https:\\\/\\\/coverseal.be\\\/fr\\\/documents\\\/#breadcrumb\",\"itemListElement\":[{\"@type\":\"ListItem\",\"position\":1,\"name\":\"Accueil\",\"item\":\"https:\\\/\\\/coverseal.be\\\/fr\\\/\"},{\"@type\":\"ListItem\",\"position\":2,\"name\":\"Documents\"}]},{\"@type\":\"WebSite\",\"@id\":\"https:\\\/\\\/coverseal.be\\\/fr\\\/#website\",\"url\":\"https:\\\/\\\/coverseal.be\\\/fr\\\/\",\"name\":\"Coverseal\",\"description\":\"\",\"potentialAction\":[{\"@type\":\"SearchAction\",\"target\":{\"@type\":\"EntryPoint\",\"urlTemplate\":\"https:\\\/\\\/coverseal.be\\\/fr\\\/?s={search_term_string}\"},\"query-input\":{\"@type\":\"PropertyValueSpecification\",\"valueRequired\":true,\"valueName\":\"search_term_string\"}}],\"inLanguage\":\"fr-BE\"}]}<\/script>\n<!-- \/ Yoast SEO plugin. -->","yoast_head_json":{"title":"Documents | Coverseal","robots":{"index":"index","follow":"follow","max-snippet":"max-snippet:-1","max-image-preview":"max-image-preview:large","max-video-preview":"max-video-preview:-1"},"canonical":"https:\/\/coverseal.be\/fr\/documents\/","og_locale":"fr_FR","og_type":"article","og_title":"Documents | Coverseal","og_description":"Documents utilesRetrouvez ici l\u2019essentiel des documents cl\u00e9s, r\u00e9unis pour vous accompagner \u00e0 chaque \u00e9tape de votre projet avec Coverseal. Si vous ne trouvez pas l'information souhait\u00e9e, n'h\u00e9sitez pas \u00e0 consulter notre section FAQ pour obtenir rapidement des r\u00e9ponses \u00e0 vos questions.","og_url":"https:\/\/coverseal.be\/fr\/documents\/","og_site_name":"Coverseal","article_modified_time":"2026-02-06T14:15:34+00:00","twitter_card":"summary_large_image","twitter_misc":{"Dur\u00e9e de lecture est.":"1 minute"},"schema":{"@context":"https:\/\/schema.org","@graph":[{"@type":"WebPage","@id":"https:\/\/coverseal.be\/fr\/documents\/","url":"https:\/\/coverseal.be\/fr\/documents\/","name":"Documents | Coverseal","isPartOf":{"@id":"https:\/\/coverseal.be\/fr\/#website"},"datePublished":"2025-03-25T08:53:05+00:00","dateModified":"2026-02-06T14:15:34+00:00","breadcrumb":{"@id":"https:\/\/coverseal.be\/fr\/documents\/#breadcrumb"},"inLanguage":"fr-BE","potentialAction":[{"@type":"ReadAction","target":["https:\/\/coverseal.be\/fr\/documents\/"]}]},{"@type":"BreadcrumbList","@id":"https:\/\/coverseal.be\/fr\/documents\/#breadcrumb","itemListElement":[{"@type":"ListItem","position":1,"name":"Accueil","item":"https:\/\/coverseal.be\/fr\/"},{"@type":"ListItem","position":2,"name":"Documents"}]},{"@type":"WebSite","@id":"https:\/\/coverseal.be\/fr\/#website","url":"https:\/\/coverseal.be\/fr\/","name":"Coverseal","description":"","potentialAction":[{"@type":"SearchAction","target":{"@type":"EntryPoint","urlTemplate":"https:\/\/coverseal.be\/fr\/?s={search_term_string}"},"query-input":{"@type":"PropertyValueSpecification","valueRequired":true,"valueName":"search_term_string"}}],"inLanguage":"fr-BE"}]}},"_links":{"self":[{"href":"https:\/\/coverseal.be\/fr\/wp-json\/wp\/v2\/pages\/1266","targetHints":{"allow":["GET"]}}],"collection":[{"href":"https:\/\/coverseal.be\/fr\/wp-json\/wp\/v2\/pages"}],"about":[{"href":"https:\/\/coverseal.be\/fr\/wp-json\/wp\/v2\/types\/page"}],"author":[{"embeddable":true,"href":"https:\/\/coverseal.be\/fr\/wp-json\/wp\/v2\/users\/3"}],"replies":[{"embeddable":true,"href":"https:\/\/coverseal.be\/fr\/wp-json\/wp\/v2\/comments?post=1266"}],"version-history":[{"count":45,"href":"https:\/\/coverseal.be\/fr\/wp-json\/wp\/v2\/pages\/1266\/revisions"}],"predecessor-version":[{"id":11667,"href":"https:\/\/coverseal.be\/fr\/wp-json\/wp\/v2\/pages\/1266\/revisions\/11667"}],"wp:attachment":[{"href":"https:\/\/coverseal.be\/fr\/wp-json\/wp\/v2\/media?parent=1266"}],"curies":[{"name":"wp","href":"https:\/\/api.w.org\/{rel}","templated":true}]}}