{"id":9668,"date":"2025-04-03T12:19:31","date_gmt":"2025-04-03T10:19:31","guid":{"rendered":"https:\/\/coverseal-be.poush-dev.be\/confirmation-devis\/"},"modified":"2025-10-14T16:01:27","modified_gmt":"2025-10-14T14:01:27","slug":"angebotsbestaetigung","status":"publish","type":"page","link":"https:\/\/coverseal.be\/de\/angebotsbestaetigung\/","title":{"rendered":"Angebotsbest\u00e4tigung"},"content":{"rendered":"<p>[et_pb_section fb_built=&#8220;1&#8243; _builder_version=&#8220;4.27.4&#8243; _module_preset=&#8220;default&#8220; custom_padding=&#8220;90px|6vw|90px|6vw|true|true&#8220; locked=&#8220;off&#8220; global_colors_info=&#8220;{%22gcid-primary-color%22:%91%22background_color%22%93}&#8220;][et_pb_row _builder_version=&#8220;4.27.4&#8243; _module_preset=&#8220;default&#8220; custom_margin=&#8220;||20px||false|false&#8220; custom_padding=&#8220;0px|15px|0px|15px|true|true&#8220; global_colors_info=&#8220;{}&#8220;][et_pb_column type=&#8220;4_4&#8243; _builder_version=&#8220;4.27.4&#8243; _module_preset=&#8220;default&#8220; global_colors_info=&#8220;{}&#8220;][et_pb_text module_class=&#8220;h2-size&#8220; _builder_version=&#8220;4.27.4&#8243; _module_preset=&#8220;default&#8220; header_font=&#8220;Lexend-Regular||||||||&#8220; header_text_align=&#8220;center&#8220; header_text_color=&#8220;gcid-secondary-color&#8220; header_2_text_color=&#8220;gcid-secondary-color&#8220; animation_direction=&#8220;left&#8220; hover_enabled=&#8220;0&#8243; global_colors_info=&#8220;{%22gcid-secondary-color%22:%91%22header_2_text_color%22,%22header_text_color%22,%22header_2_text_color%22%93,%22gcid-fb453400-2325-4dbb-bd00-62d95f666066%22:%91%22header_text_color%22%93}&#8220; sticky_enabled=&#8220;0&#8243;]<\/p>\n<h1>Vielen Dank f\u00fcr Ihre Angebotsanfrage.<\/h1>\n<p>[\/et_pb_text][et_pb_text _builder_version=&#8220;4.27.4&#8243; _module_preset=&#8220;default&#8220; text_orientation=&#8220;center&#8220; max_width=&#8220;1040px&#8220; module_alignment=&#8220;center&#8220; hover_enabled=&#8220;0&#8243; sticky_enabled=&#8220;0&#8243;]<\/p>\n<p>Ein Mitarbeiter wird Sie in K\u00fcrze kontaktieren, um einen Termin f\u00fcr eine Videokonferenz zu vereinbaren. Damit wir Ihre Kostensch\u00e4tzung m\u00f6glichst pr\u00e4zise erstellen k\u00f6nnen, bereiten Sie gerne bereits Fotos oder Pl\u00e4ne Ihres Projekts, dessen Ma\u00dfe sowie technische Besonderheiten vor.<\/p>\n<p>[\/et_pb_text][\/et_pb_column][\/et_pb_row][et_pb_row use_custom_gutter=&#8220;on&#8220; _builder_version=&#8220;4.27.4&#8243; _module_preset=&#8220;default&#8220; max_width=&#8220;800px&#8220; global_colors_info=&#8220;{}&#8220;][et_pb_column type=&#8220;4_4&#8243; _builder_version=&#8220;4.27.4&#8243; _module_preset=&#8220;default&#8220; global_colors_info=&#8220;{}&#8220;][et_pb_button button_url=&#8220;@ET-DC@eyJkeW5hbWljIjp0cnVlLCJjb250ZW50IjoicG9zdF9saW5rX3VybF9wYWdlIiwic2V0dGluZ3MiOnsicG9zdF9pZCI6IjIifX0=@&#8220; button_text=&#8220;Zur\u00fcck zur Startseite&#8220; button_alignment=&#8220;center&#8220; _builder_version=&#8220;4.27.4&#8243; _dynamic_attributes=&#8220;button_url&#8220; _module_preset=&#8220;default&#8220; custom_padding=&#8220;|55px||35px|true|false&#8220; hover_enabled=&#8220;0&#8243; global_colors_info=&#8220;{}&#8220; sticky_enabled=&#8220;0&#8243;][\/et_pb_button][\/et_pb_column][\/et_pb_row][\/et_pb_section]<\/p>\n","protected":false},"excerpt":{"rendered":"<p>Vielen Dank f\u00fcr Ihre Angebotsanfrage.Ein Mitarbeiter wird Sie in K\u00fcrze kontaktieren, um einen Termin f\u00fcr eine Videokonferenz zu vereinbaren. Damit wir Ihre Kostensch\u00e4tzung m\u00f6glichst pr\u00e4zise erstellen k\u00f6nnen, bereiten Sie gerne bereits Fotos oder Pl\u00e4ne Ihres Projekts, dessen Ma\u00dfe sowie technische Besonderheiten vor.<\/p>\n","protected":false},"author":3,"featured_media":0,"parent":0,"menu_order":1012,"comment_status":"closed","ping_status":"closed","template":"","meta":{"_et_pb_use_builder":"on","_et_pb_old_content":"","_et_gb_content_width":"","footnotes":""},"class_list":["post-9668","page","type-page","status-publish","hentry"],"yoast_head":"<!-- This site is optimized with the Yoast SEO plugin v27.5 - https:\/\/yoast.com\/product\/yoast-seo-wordpress\/ -->\n<title>Angebotsbest\u00e4tigung | Coverseal<\/title>\n<meta name=\"robots\" content=\"index, follow, max-snippet:-1, max-image-preview:large, max-video-preview:-1\" \/>\n<link rel=\"canonical\" href=\"https:\/\/coverseal.be\/de\/angebotsbestaetigung\/\" \/>\n<meta property=\"og:locale\" content=\"de_DE\" \/>\n<meta property=\"og:type\" content=\"article\" \/>\n<meta property=\"og:title\" content=\"Angebotsbest\u00e4tigung | Coverseal\" \/>\n<meta property=\"og:description\" content=\"Vielen Dank f\u00fcr Ihre Angebotsanfrage.Ein Mitarbeiter wird Sie in K\u00fcrze kontaktieren, um einen Termin f\u00fcr eine Videokonferenz zu vereinbaren. Damit wir Ihre Kostensch\u00e4tzung m\u00f6glichst pr\u00e4zise erstellen k\u00f6nnen, bereiten Sie gerne bereits Fotos oder Pl\u00e4ne Ihres Projekts, dessen Ma\u00dfe sowie technische Besonderheiten vor.\" \/>\n<meta property=\"og:url\" content=\"https:\/\/coverseal.be\/de\/angebotsbestaetigung\/\" \/>\n<meta property=\"og:site_name\" content=\"Coverseal\" \/>\n<meta property=\"article:modified_time\" content=\"2025-10-14T14:01:27+00:00\" \/>\n<meta name=\"twitter:card\" content=\"summary_large_image\" \/>\n<meta name=\"twitter:label1\" content=\"Gesch\u00e4tzte Lesezeit\" \/>\n\t<meta name=\"twitter:data1\" content=\"1\u00a0Minute\" \/>\n<script type=\"application\/ld+json\" class=\"yoast-schema-graph\">{\"@context\":\"https:\\\/\\\/schema.org\",\"@graph\":[{\"@type\":\"WebPage\",\"@id\":\"https:\\\/\\\/coverseal.be\\\/de\\\/angebotsbestaetigung\\\/\",\"url\":\"https:\\\/\\\/coverseal.be\\\/de\\\/angebotsbestaetigung\\\/\",\"name\":\"Angebotsbest\u00e4tigung | Coverseal\",\"isPartOf\":{\"@id\":\"https:\\\/\\\/coverseal.be\\\/de\\\/#website\"},\"datePublished\":\"2025-04-03T10:19:31+00:00\",\"dateModified\":\"2025-10-14T14:01:27+00:00\",\"breadcrumb\":{\"@id\":\"https:\\\/\\\/coverseal.be\\\/de\\\/angebotsbestaetigung\\\/#breadcrumb\"},\"inLanguage\":\"de\",\"potentialAction\":[{\"@type\":\"ReadAction\",\"target\":[\"https:\\\/\\\/coverseal.be\\\/de\\\/angebotsbestaetigung\\\/\"]}]},{\"@type\":\"BreadcrumbList\",\"@id\":\"https:\\\/\\\/coverseal.be\\\/de\\\/angebotsbestaetigung\\\/#breadcrumb\",\"itemListElement\":[{\"@type\":\"ListItem\",\"position\":1,\"name\":\"Accueil\",\"item\":\"https:\\\/\\\/coverseal.be\\\/de\\\/\"},{\"@type\":\"ListItem\",\"position\":2,\"name\":\"Angebotsbest\u00e4tigung\"}]},{\"@type\":\"WebSite\",\"@id\":\"https:\\\/\\\/coverseal.be\\\/de\\\/#website\",\"url\":\"https:\\\/\\\/coverseal.be\\\/de\\\/\",\"name\":\"Coverseal\",\"description\":\"\",\"potentialAction\":[{\"@type\":\"SearchAction\",\"target\":{\"@type\":\"EntryPoint\",\"urlTemplate\":\"https:\\\/\\\/coverseal.be\\\/de\\\/?s={search_term_string}\"},\"query-input\":{\"@type\":\"PropertyValueSpecification\",\"valueRequired\":true,\"valueName\":\"search_term_string\"}}],\"inLanguage\":\"de\"}]}<\/script>\n<!-- \/ Yoast SEO plugin. -->","yoast_head_json":{"title":"Angebotsbest\u00e4tigung | Coverseal","robots":{"index":"index","follow":"follow","max-snippet":"max-snippet:-1","max-image-preview":"max-image-preview:large","max-video-preview":"max-video-preview:-1"},"canonical":"https:\/\/coverseal.be\/de\/angebotsbestaetigung\/","og_locale":"de_DE","og_type":"article","og_title":"Angebotsbest\u00e4tigung | Coverseal","og_description":"Vielen Dank f\u00fcr Ihre Angebotsanfrage.Ein Mitarbeiter wird Sie in K\u00fcrze kontaktieren, um einen Termin f\u00fcr eine Videokonferenz zu vereinbaren. Damit wir Ihre Kostensch\u00e4tzung m\u00f6glichst pr\u00e4zise erstellen k\u00f6nnen, bereiten Sie gerne bereits Fotos oder Pl\u00e4ne Ihres Projekts, dessen Ma\u00dfe sowie technische Besonderheiten vor.","og_url":"https:\/\/coverseal.be\/de\/angebotsbestaetigung\/","og_site_name":"Coverseal","article_modified_time":"2025-10-14T14:01:27+00:00","twitter_card":"summary_large_image","twitter_misc":{"Gesch\u00e4tzte Lesezeit":"1\u00a0Minute"},"schema":{"@context":"https:\/\/schema.org","@graph":[{"@type":"WebPage","@id":"https:\/\/coverseal.be\/de\/angebotsbestaetigung\/","url":"https:\/\/coverseal.be\/de\/angebotsbestaetigung\/","name":"Angebotsbest\u00e4tigung | Coverseal","isPartOf":{"@id":"https:\/\/coverseal.be\/de\/#website"},"datePublished":"2025-04-03T10:19:31+00:00","dateModified":"2025-10-14T14:01:27+00:00","breadcrumb":{"@id":"https:\/\/coverseal.be\/de\/angebotsbestaetigung\/#breadcrumb"},"inLanguage":"de","potentialAction":[{"@type":"ReadAction","target":["https:\/\/coverseal.be\/de\/angebotsbestaetigung\/"]}]},{"@type":"BreadcrumbList","@id":"https:\/\/coverseal.be\/de\/angebotsbestaetigung\/#breadcrumb","itemListElement":[{"@type":"ListItem","position":1,"name":"Accueil","item":"https:\/\/coverseal.be\/de\/"},{"@type":"ListItem","position":2,"name":"Angebotsbest\u00e4tigung"}]},{"@type":"WebSite","@id":"https:\/\/coverseal.be\/de\/#website","url":"https:\/\/coverseal.be\/de\/","name":"Coverseal","description":"","potentialAction":[{"@type":"SearchAction","target":{"@type":"EntryPoint","urlTemplate":"https:\/\/coverseal.be\/de\/?s={search_term_string}"},"query-input":{"@type":"PropertyValueSpecification","valueRequired":true,"valueName":"search_term_string"}}],"inLanguage":"de"}]}},"_links":{"self":[{"href":"https:\/\/coverseal.be\/de\/wp-json\/wp\/v2\/pages\/9668","targetHints":{"allow":["GET"]}}],"collection":[{"href":"https:\/\/coverseal.be\/de\/wp-json\/wp\/v2\/pages"}],"about":[{"href":"https:\/\/coverseal.be\/de\/wp-json\/wp\/v2\/types\/page"}],"author":[{"embeddable":true,"href":"https:\/\/coverseal.be\/de\/wp-json\/wp\/v2\/users\/3"}],"replies":[{"embeddable":true,"href":"https:\/\/coverseal.be\/de\/wp-json\/wp\/v2\/comments?post=9668"}],"version-history":[{"count":4,"href":"https:\/\/coverseal.be\/de\/wp-json\/wp\/v2\/pages\/9668\/revisions"}],"predecessor-version":[{"id":9673,"href":"https:\/\/coverseal.be\/de\/wp-json\/wp\/v2\/pages\/9668\/revisions\/9673"}],"wp:attachment":[{"href":"https:\/\/coverseal.be\/de\/wp-json\/wp\/v2\/media?parent=9668"}],"curies":[{"name":"wp","href":"https:\/\/api.w.org\/{rel}","templated":true}]}}