{"id":9657,"date":"2022-04-26T15:56:47","date_gmt":"2022-04-26T13:56:47","guid":{"rendered":"https:\/\/coverseal-be.poush-dev.be\/confirmation\/"},"modified":"2025-10-14T16:01:27","modified_gmt":"2025-10-14T14:01:27","slug":"bestaetigung","status":"publish","type":"page","link":"https:\/\/coverseal.be\/de\/bestaetigung\/","title":{"rendered":"Best\u00e4tigung"},"content":{"rendered":"<p>[et_pb_section fb_built=&#8220;1&#8243; admin_label=&#8220;section&#8220; _builder_version=&#8220;4.27.4&#8243; custom_padding=&#8220;90px|6vw|90px|6vw|true|true&#8220; global_colors_info=&#8220;{}&#8220;][et_pb_row admin_label=&#8220;row&#8220; _builder_version=&#8220;4.16&#8243; background_size=&#8220;initial&#8220; background_position=&#8220;top_left&#8220; background_repeat=&#8220;repeat&#8220; global_colors_info=&#8220;{}&#8220;][et_pb_column type=&#8220;4_4&#8243; _builder_version=&#8220;4.16&#8243; custom_padding=&#8220;|||&#8220; global_colors_info=&#8220;{}&#8220; custom_padding__hover=&#8220;|||&#8220;][et_pb_text admin_label=&#8220;Text&#8220; module_class=&#8220;h2-size&#8220; _builder_version=&#8220;4.27.4&#8243; header_font=&#8220;Lexend-Regular||||||||&#8220; header_text_align=&#8220;center&#8220; header_text_color=&#8220;gcid-secondary-color&#8220; header_2_text_color=&#8220;gcid-secondary-color&#8220; animation_direction=&#8220;left&#8220; hover_enabled=&#8220;0&#8243; global_colors_info=&#8220;{%22gcid-secondary-color%22:%91%22header_2_text_color%22,%22header_text_color%22%93,%22gcid-fb453400-2325-4dbb-bd00-62d95f666066%22:%91%22header_text_color%22%93}&#8220; sticky_enabled=&#8220;0&#8243;]<\/p>\n<h1 style=\"text-align: center;\">Vielen Dank f\u00fcr Ihre Anfrage!<\/h1>\n<p>[\/et_pb_text][et_pb_text admin_label=&#8220;Text&#8220; _builder_version=&#8220;4.27.4&#8243; background_size=&#8220;initial&#8220; background_position=&#8220;top_left&#8220; background_repeat=&#8220;repeat&#8220; custom_margin=&#8220;||68px|||&#8220; hover_enabled=&#8220;0&#8243; sticky_enabled=&#8220;0&#8243;]<\/p>\n<p data-start=\"69\" data-end=\"204\" style=\"text-align: center;\">Sie wurde erfolgreich \u00fcbermittelt. Wir bearbeiten diese und melden uns schnellstm\u00f6glich bei Ihnen.<\/p>\n<p data-start=\"206\" data-end=\"232\">[\/et_pb_text][et_pb_button button_url=&#8220;@ET-DC@eyJkeW5hbWljIjp0cnVlLCJjb250ZW50IjoiaG9tZV91cmwiLCJzZXR0aW5ncyI6e319@&#8220; button_text=&#8220;Zur\u00fcck zur Startseite&#8220; button_alignment=&#8220;center&#8220; _builder_version=&#8220;4.27.4&#8243; _dynamic_attributes=&#8220;button_text,button_url&#8220; _module_preset=&#8220;_initial&#8220; hover_enabled=&#8220;0&#8243; global_colors_info=&#8220;{}&#8220; sticky_enabled=&#8220;0&#8243;][\/et_pb_button][\/et_pb_column][\/et_pb_row][\/et_pb_section]<\/p>\n","protected":false},"excerpt":{"rendered":"<p>Vielen Dank f\u00fcr Ihre Anfrage!Sie wurde erfolgreich \u00fcbermittelt. Wir bearbeiten diese und melden uns schnellstm\u00f6glich bei Ihnen.<\/p>\n","protected":false},"author":3,"featured_media":0,"parent":0,"menu_order":1010,"comment_status":"closed","ping_status":"closed","template":"","meta":{"_et_pb_use_builder":"on","_et_pb_old_content":"[vc_row css=\".vc_custom_1650981400486{padding-top: 150px !important;padding-bottom: 150px !important;}\"][vc_column][vc_column_text]\r\n<h1 style=\"text-align: center;\">Merci pour votre demande !<\/h1>\r\n<p style=\"text-align: center;\">Elle a \u00e9t\u00e9 envoy\u00e9e avec succ\u00e8s. Nous la traitons et revenons vers vous dans les plus brefs d\u00e9lais.<\/p>\r\n[\/vc_column_text][dt_default_button link=\"url:https%3A%2F%2Fcoverseal.be%2F|title:Accueil\" size=\"big\" button_alignment=\"btn_center\"]Revenez \u00e0 la page d\u2019accueil[\/dt_default_button][\/vc_column][\/vc_row]","_et_gb_content_width":"","footnotes":""},"class_list":["post-9657","page","type-page","status-publish","hentry"],"yoast_head":"<!-- This site is optimized with the Yoast SEO plugin v27.5 - https:\/\/yoast.com\/product\/yoast-seo-wordpress\/ -->\n<title>Best\u00e4tigung | Coverseal<\/title>\n<meta name=\"robots\" content=\"index, follow, max-snippet:-1, max-image-preview:large, max-video-preview:-1\" \/>\n<link rel=\"canonical\" href=\"https:\/\/coverseal.be\/de\/bestaetigung\/\" \/>\n<meta property=\"og:locale\" content=\"de_DE\" \/>\n<meta property=\"og:type\" content=\"article\" \/>\n<meta property=\"og:title\" content=\"Best\u00e4tigung | Coverseal\" \/>\n<meta property=\"og:description\" content=\"Vielen Dank f\u00fcr Ihre Anfrage!Sie wurde erfolgreich \u00fcbermittelt. Wir bearbeiten diese und melden uns schnellstm\u00f6glich bei Ihnen.\" \/>\n<meta property=\"og:url\" content=\"https:\/\/coverseal.be\/de\/bestaetigung\/\" \/>\n<meta property=\"og:site_name\" content=\"Coverseal\" \/>\n<meta property=\"article:modified_time\" content=\"2025-10-14T14:01:27+00:00\" \/>\n<meta name=\"twitter:card\" content=\"summary_large_image\" \/>\n<meta name=\"twitter:label1\" content=\"Gesch\u00e4tzte Lesezeit\" \/>\n\t<meta name=\"twitter:data1\" content=\"1\u00a0Minute\" \/>\n<script type=\"application\/ld+json\" class=\"yoast-schema-graph\">{\"@context\":\"https:\\\/\\\/schema.org\",\"@graph\":[{\"@type\":\"WebPage\",\"@id\":\"https:\\\/\\\/coverseal.be\\\/de\\\/bestaetigung\\\/\",\"url\":\"https:\\\/\\\/coverseal.be\\\/de\\\/bestaetigung\\\/\",\"name\":\"Best\u00e4tigung | Coverseal\",\"isPartOf\":{\"@id\":\"https:\\\/\\\/coverseal.be\\\/de\\\/#website\"},\"datePublished\":\"2022-04-26T13:56:47+00:00\",\"dateModified\":\"2025-10-14T14:01:27+00:00\",\"breadcrumb\":{\"@id\":\"https:\\\/\\\/coverseal.be\\\/de\\\/bestaetigung\\\/#breadcrumb\"},\"inLanguage\":\"de\",\"potentialAction\":[{\"@type\":\"ReadAction\",\"target\":[\"https:\\\/\\\/coverseal.be\\\/de\\\/bestaetigung\\\/\"]}]},{\"@type\":\"BreadcrumbList\",\"@id\":\"https:\\\/\\\/coverseal.be\\\/de\\\/bestaetigung\\\/#breadcrumb\",\"itemListElement\":[{\"@type\":\"ListItem\",\"position\":1,\"name\":\"Accueil\",\"item\":\"https:\\\/\\\/coverseal.be\\\/de\\\/\"},{\"@type\":\"ListItem\",\"position\":2,\"name\":\"Best\u00e4tigung\"}]},{\"@type\":\"WebSite\",\"@id\":\"https:\\\/\\\/coverseal.be\\\/de\\\/#website\",\"url\":\"https:\\\/\\\/coverseal.be\\\/de\\\/\",\"name\":\"Coverseal\",\"description\":\"\",\"potentialAction\":[{\"@type\":\"SearchAction\",\"target\":{\"@type\":\"EntryPoint\",\"urlTemplate\":\"https:\\\/\\\/coverseal.be\\\/de\\\/?s={search_term_string}\"},\"query-input\":{\"@type\":\"PropertyValueSpecification\",\"valueRequired\":true,\"valueName\":\"search_term_string\"}}],\"inLanguage\":\"de\"}]}<\/script>\n<!-- \/ Yoast SEO plugin. -->","yoast_head_json":{"title":"Best\u00e4tigung | Coverseal","robots":{"index":"index","follow":"follow","max-snippet":"max-snippet:-1","max-image-preview":"max-image-preview:large","max-video-preview":"max-video-preview:-1"},"canonical":"https:\/\/coverseal.be\/de\/bestaetigung\/","og_locale":"de_DE","og_type":"article","og_title":"Best\u00e4tigung | Coverseal","og_description":"Vielen Dank f\u00fcr Ihre Anfrage!Sie wurde erfolgreich \u00fcbermittelt. Wir bearbeiten diese und melden uns schnellstm\u00f6glich bei Ihnen.","og_url":"https:\/\/coverseal.be\/de\/bestaetigung\/","og_site_name":"Coverseal","article_modified_time":"2025-10-14T14:01:27+00:00","twitter_card":"summary_large_image","twitter_misc":{"Gesch\u00e4tzte Lesezeit":"1\u00a0Minute"},"schema":{"@context":"https:\/\/schema.org","@graph":[{"@type":"WebPage","@id":"https:\/\/coverseal.be\/de\/bestaetigung\/","url":"https:\/\/coverseal.be\/de\/bestaetigung\/","name":"Best\u00e4tigung | Coverseal","isPartOf":{"@id":"https:\/\/coverseal.be\/de\/#website"},"datePublished":"2022-04-26T13:56:47+00:00","dateModified":"2025-10-14T14:01:27+00:00","breadcrumb":{"@id":"https:\/\/coverseal.be\/de\/bestaetigung\/#breadcrumb"},"inLanguage":"de","potentialAction":[{"@type":"ReadAction","target":["https:\/\/coverseal.be\/de\/bestaetigung\/"]}]},{"@type":"BreadcrumbList","@id":"https:\/\/coverseal.be\/de\/bestaetigung\/#breadcrumb","itemListElement":[{"@type":"ListItem","position":1,"name":"Accueil","item":"https:\/\/coverseal.be\/de\/"},{"@type":"ListItem","position":2,"name":"Best\u00e4tigung"}]},{"@type":"WebSite","@id":"https:\/\/coverseal.be\/de\/#website","url":"https:\/\/coverseal.be\/de\/","name":"Coverseal","description":"","potentialAction":[{"@type":"SearchAction","target":{"@type":"EntryPoint","urlTemplate":"https:\/\/coverseal.be\/de\/?s={search_term_string}"},"query-input":{"@type":"PropertyValueSpecification","valueRequired":true,"valueName":"search_term_string"}}],"inLanguage":"de"}]}},"_links":{"self":[{"href":"https:\/\/coverseal.be\/de\/wp-json\/wp\/v2\/pages\/9657","targetHints":{"allow":["GET"]}}],"collection":[{"href":"https:\/\/coverseal.be\/de\/wp-json\/wp\/v2\/pages"}],"about":[{"href":"https:\/\/coverseal.be\/de\/wp-json\/wp\/v2\/types\/page"}],"author":[{"embeddable":true,"href":"https:\/\/coverseal.be\/de\/wp-json\/wp\/v2\/users\/3"}],"replies":[{"embeddable":true,"href":"https:\/\/coverseal.be\/de\/wp-json\/wp\/v2\/comments?post=9657"}],"version-history":[{"count":4,"href":"https:\/\/coverseal.be\/de\/wp-json\/wp\/v2\/pages\/9657\/revisions"}],"predecessor-version":[{"id":9661,"href":"https:\/\/coverseal.be\/de\/wp-json\/wp\/v2\/pages\/9657\/revisions\/9661"}],"wp:attachment":[{"href":"https:\/\/coverseal.be\/de\/wp-json\/wp\/v2\/media?parent=9657"}],"curies":[{"name":"wp","href":"https:\/\/api.w.org\/{rel}","templated":true}]}}