{"id":9654,"date":"2025-04-07T09:31:27","date_gmt":"2025-04-07T07:31:27","guid":{"rendered":"https:\/\/coverseal-be.poush-dev.be\/cookies\/"},"modified":"2026-02-05T11:23:32","modified_gmt":"2026-02-05T10:23:32","slug":"cookies","status":"publish","type":"page","link":"https:\/\/coverseal.be\/de\/cookies\/","title":{"rendered":"Cookies"},"content":{"rendered":"<p>[et_pb_section fb_built=&#8220;1&#8243; _builder_version=&#8220;4.27.4&#8243; _module_preset=&#8220;default&#8220; custom_padding=&#8220;80px|6vw|40px|6vw|false|true&#8220; global_colors_info=&#8220;{}&#8220;][et_pb_row _builder_version=&#8220;4.27.4&#8243; _module_preset=&#8220;default&#8220; custom_margin=&#8220;|auto|0px|auto|false|false&#8220; global_colors_info=&#8220;{}&#8220;][et_pb_column type=&#8220;4_4&#8243; _builder_version=&#8220;4.27.4&#8243; _module_preset=&#8220;default&#8220; global_colors_info=&#8220;{}&#8220;][et_pb_text admin_label=&#8220;Text&#8220; module_class=&#8220;h2-size&#8220; _builder_version=&#8220;4.27.4&#8243; _module_preset=&#8220;default&#8220; header_font=&#8220;Lexend-Regular||||||||&#8220; header_text_color=&#8220;gcid-secondary-color&#8220; header_2_text_color=&#8220;gcid-secondary-color&#8220; locked=&#8220;off&#8220; global_colors_info=&#8220;{%22gcid-secondary-color%22:%91%22header_2_text_color%22,%22header_text_color%22,%22header_text_color%22%93}&#8220;]<\/p>\n<h1><span>Cookie-Richtlinie<\/span><\/h1>\n<p>[\/et_pb_text][\/et_pb_column][\/et_pb_row][\/et_pb_section][et_pb_section fb_built=&#8220;1&#8243; _builder_version=&#8220;4.27.4&#8243; background_color=&#8220;gcid-cc026ee9-2dfb-4c5b-892b-7f86cd297fec&#8220; custom_padding=&#8220;40px|6vw|80px|6vw|false|true&#8220; global_colors_info=&#8220;{%22gcid-cc026ee9-2dfb-4c5b-892b-7f86cd297fec%22:%91%22background_color%22%93}&#8220;][et_pb_row _builder_version=&#8220;4.16&#8243; background_size=&#8220;initial&#8220; background_position=&#8220;top_left&#8220; background_repeat=&#8220;repeat&#8220; custom_margin=&#8220;|auto|-1px|auto|false|false&#8220; global_colors_info=&#8220;{}&#8220;][et_pb_column type=&#8220;4_4&#8243; _builder_version=&#8220;4.16&#8243; custom_padding=&#8220;|||&#8220; global_colors_info=&#8220;{}&#8220; custom_padding__hover=&#8220;|||&#8220;][et_pb_text module_class=&#8220;h3-size&#8220; _builder_version=&#8220;4.27.4&#8243; _module_preset=&#8220;default&#8220;]<\/p>\n<h2><span>Was ist ein Cookie?<\/span><\/h2>\n<p>[\/et_pb_text][et_pb_text _builder_version=&#8220;4.27.4&#8243; _module_preset=&#8220;default&#8220;]<\/p>\n<p><span>Cookies sind kleine Textdateien, die es erm\u00f6glichen, ger\u00e4tebezogene Informationen auf Ihrem Zugangsger\u00e4t zu speichern. Diese Daten k\u00f6nnen Angaben zu Ihrer Person, Ihren Einstellungen oder Ihrem Endger\u00e4t enthalten. Viele Websites verwenden Cookies, um statistische Daten \u00fcber die Nutzung der Website zu sammeln. Coverseal verwendet Cookies, um die Benutzerfreundlichkeit und Effizienz der Website zu verbessern. Cookies helfen uns dabei, die Funktionsf\u00e4higkeit der Website zu gew\u00e4hrleisten sowie die Nutzung der Website zu analysieren, um Ihnen Inhalte bereitzustellen, die auf Ihre Bed\u00fcrfnisse zugeschnitten sind. Wenn Sie dies \u00fcberhaupt nicht m\u00f6chten oder die installierten Cookies einschr\u00e4nken wollen, haben Sie hier die M\u00f6glichkeit, Ihre Cookie-Einstellungen anzupassen. Bei Coverseal haben Sie die Kontrolle \u00fcber Ihre individuelle Online-Erfahrung. Weitere Informationen finden Sie in der Cookie-Richtlinie.<\/span><\/p>\n<p>[\/et_pb_text][et_pb_text module_class=&#8220;h4-size&#8220; _builder_version=&#8220;4.27.4&#8243; _module_preset=&#8220;default&#8220;]<\/p>\n<h2><span>Unbedingt notwendige Cookies (immer aktiv)<\/span><\/h2>\n<p>[\/et_pb_text][et_pb_text _builder_version=&#8220;4.27.4&#8243; _module_preset=&#8220;default&#8220; locked=&#8220;off&#8220;]<\/p>\n<p><span>Diese Cookies sind f\u00fcr das Funktionieren der Website erforderlich, tragen zu ihrer sicheren Nutzung bei und k\u00f6nnen in unseren Systemen nicht deaktiviert werden. Diese Cookies werden normalerweise nur gesetzt, wenn Sie bestimmte Aktionen ausf\u00fchren, die einer Serviceanfrage entsprechen &#8211; zum Beispiel beim Einstellen Ihrer Datenschutzoptionen, beim Einloggen oder beim Ausf\u00fcllen von Formularen. Sie k\u00f6nnen Ihren Browser so einstellen, dass er diese Cookies blockiert oder Sie darauf hinweist, aber dann funktionieren einige Teile der Website m\u00f6glicherweise nicht.<\/span><\/p>\n<p>[\/et_pb_text][et_pb_text module_class=&#8220;h4-size&#8220; _builder_version=&#8220;4.27.4&#8243; _module_preset=&#8220;default&#8220;]<\/p>\n<h2><span>Analytische Cookies<\/span><\/h2>\n<p>[\/et_pb_text][et_pb_text _builder_version=&#8220;4.27.4&#8243; _module_preset=&#8220;default&#8220; locked=&#8220;off&#8220;]<\/p>\n<p><span>Diese Cookies werden von unseren Analysepartnern eingesetzt, um den Datenverkehr auf der Website und das Nutzerverhalten zu \u00fcberwachen. Sie helfen uns zu verstehen, wie Besucher mit unserer Website interagieren, indem sie anonym Informationen sammeln und \u00fcbermitteln. Diese Daten k\u00f6nnen die H\u00e4ufigkeit der Besuche, die Dauer der Sitzungen und die am h\u00e4ufigsten besuchten Seiten umfassen. Die so gewonnenen Informationen dienen dazu, die Funktionalit\u00e4t der Website und die Relevanz ihres Inhalts zu verbessern. Wenn Sie sich daf\u00fcr entscheiden, diese Cookies nicht zu aktivieren, werden wir weniger gut \u00fcber die Leistung unserer Website informiert, was die Qualit\u00e4t Ihrer Nutzererfahrung beeintr\u00e4chtigen kann.<\/span><\/p>\n<p>[\/et_pb_text][et_pb_text module_class=&#8220;h4-size&#8220; _builder_version=&#8220;4.27.4&#8243; _module_preset=&#8220;default&#8220;]<\/p>\n<h2><span>Targeting-Cookies<\/span><\/h2>\n<p>[\/et_pb_text][et_pb_text _builder_version=&#8220;4.27.4&#8243; _module_preset=&#8220;default&#8220; locked=&#8220;off&#8220;]<\/p>\n<div class=\"et_pb_text_inner\">\n<div data-shortcode-id=\"3.0.0.8-1747830700956\" data-quickaccess-editable=\"yes\" class=\"et-fb-popover-tinymce\">\n<div class=\"mce-content-body\" contenteditable=\"true\" style=\"position: relative;\">\n<p><span>Targeting-Cookies werden verwendet, um das Marketing auf Sie und Ihre Interessen abzustimmen. Diese merken sich, dass Sie eine Website besucht haben, und k\u00f6nnen diese Informationen an andere Organisationen wie Werbetreibende weitergeben. Diese Cookies k\u00f6nnen uns auch dabei helfen, die Wirksamkeit unserer Werbekampagnen auf den Webseiten Dritter zu bewerten. Wenn Sie diese Cookies ablehnen, sehen Sie m\u00f6glicherweise weniger relevante Werbung und k\u00f6nnen Links zu sozialen Netzwerken nicht nutzen.<\/span><\/p>\n<\/div>\n<\/div>\n<\/div>\n<div class=\"et-fb-mousetrap et-fb-mousetrap--module et-fb-mousetrap-move\" style=\"background: 0px center; pointer-events: none;\"><\/div>\n<p>[\/et_pb_text][\/et_pb_column][\/et_pb_row][\/et_pb_section]<\/p>\n","protected":false},"excerpt":{"rendered":"<p>Cookie-RichtlinieWas ist ein Cookie?Cookies sind kleine Textdateien, die es erm\u00f6glichen, ger\u00e4tebezogene Informationen auf Ihrem Zugangsger\u00e4t zu speichern. Diese Daten k\u00f6nnen Angaben zu Ihrer Person, Ihren Einstellungen oder Ihrem Endger\u00e4t enthalten. Viele Websites verwenden Cookies, um statistische Daten \u00fcber die Nutzung der Website zu sammeln. Coverseal verwendet Cookies, um die Benutzerfreundlichkeit und Effizienz der Website zu verbessern. Cookies helfen uns dabei, die Funktionsf\u00e4higkeit der Website zu gew\u00e4hrleisten sowie die Nutzung der Website zu analysieren, um Ihnen Inhalte bereitzustellen, die auf Ihre Bed\u00fcrfnisse zugeschnitten sind. Wenn Sie dies \u00fcberhaupt nicht m\u00f6chten oder die installierten Cookies einschr\u00e4nken wollen, haben Sie hier die M\u00f6glichkeit, Ihre Cookie-Einstellungen anzupassen. Bei Coverseal haben Sie die Kontrolle \u00fcber Ihre individuelle Online-Erfahrung. Weitere Informationen finden Sie in der Cookie-Richtlinie.Unbedingt notwendige Cookies (immer aktiv)Diese Cookies sind f\u00fcr das Funktionieren der Website erforderlich, tragen zu ihrer sicheren Nutzung bei und k\u00f6nnen in unseren Systemen nicht deaktiviert werden. Diese Cookies werden normalerweise nur gesetzt, wenn Sie bestimmte Aktionen ausf\u00fchren, die einer Serviceanfrage entsprechen &#8211; zum Beispiel beim Einstellen Ihrer Datenschutzoptionen, beim Einloggen oder beim Ausf\u00fcllen von Formularen. Sie k\u00f6nnen Ihren Browser so einstellen, dass er diese Cookies blockiert oder Sie darauf hinweist, aber dann funktionieren einige Teile der Website m\u00f6glicherweise nicht.Analytische CookiesDiese [&hellip;]<\/p>\n","protected":false},"author":3,"featured_media":0,"parent":0,"menu_order":1002,"comment_status":"closed","ping_status":"closed","template":"","meta":{"_et_pb_use_builder":"on","_et_pb_old_content":"<h1 class=\"main-title main-title--terra-cotta\">Politique de cookies<\/h1><div class=\"main-paragraph wysiwyg\"><h2 id=\"mui-1\">What is a cookie ?<\/h2><p>Cookies are small text files that allow the storage of device-related information on your access device. This information might be about you, your preferences or your device. Many websites use cookies to collect statistical data about the usage of the website. We as Coverseal use Cookies to make our website user friendly and effective. Cookies help us ensuring the proper functioning of the website as well as analyzing the website usage to provide you with content tailored to you. If you do not want this at all of if you would like to restrict the cookies set, you have the possibility to adapt your cookie settings here. At Coverseal your personal web experience is at your hands. See the full cookie policy for more information.<\/p><h3>Strictly Necessary Cookies (Always Active)<\/h3><p>These cookies are necessary for the website to function, contribute to the safe use of the website and cannot be switched off in our systems. They are usually only set in response to actions made by you which amount to a request for services, such as setting your privacy preferences, logging in or filling in forms. You can set your browser to block or alert you about these cookies, but some parts of the site may not work then.<\/p><h3>Analytical Cookies<\/h3><p>These cookies are deployed by our analytics partners to monitor site traffic and user behavior. They help us understand how visitors interact with our website by collecting and reporting information anonymously. This data may include the frequency of visits, duration of sessions, and pages most frequented. The insights gained aid in enhancing site functionality and content relevance. If you choose not to enable these cookies, we will be less informed about our site performance, which may affect the quality of your user experience.<\/p><h3>Targeting Cookies<\/h3><p>Targeting cookies are used to tailor marketing to you and your interests. They remember that you visited a website and may share this information with other organizations such as advertisers. These cookies can also help us track the efficiency of our ad campaigns on third-party websites. By refusing these cookies, you may see less relevant advertisements and not be able to use links to social\u00a0networks.<\/p><\/div>","_et_gb_content_width":"","footnotes":""},"class_list":["post-9654","page","type-page","status-publish","hentry"],"yoast_head":"<!-- This site is optimized with the Yoast SEO plugin v27.4 - https:\/\/yoast.com\/product\/yoast-seo-wordpress\/ -->\n<title>Cookies | Coverseal<\/title>\n<meta name=\"robots\" content=\"index, follow, max-snippet:-1, max-image-preview:large, max-video-preview:-1\" \/>\n<link rel=\"canonical\" href=\"https:\/\/coverseal.be\/de\/cookies\/\" \/>\n<meta property=\"og:locale\" content=\"de_DE\" \/>\n<meta property=\"og:type\" content=\"article\" \/>\n<meta property=\"og:title\" content=\"Cookies | Coverseal\" \/>\n<meta property=\"og:description\" content=\"Cookie-RichtlinieWas ist ein Cookie?Cookies sind kleine Textdateien, die es erm\u00f6glichen, ger\u00e4tebezogene Informationen auf Ihrem Zugangsger\u00e4t zu speichern. Diese Daten k\u00f6nnen Angaben zu Ihrer Person, Ihren Einstellungen oder Ihrem Endger\u00e4t enthalten. Viele Websites verwenden Cookies, um statistische Daten \u00fcber die Nutzung der Website zu sammeln. Coverseal verwendet Cookies, um die Benutzerfreundlichkeit und Effizienz der Website zu verbessern. Cookies helfen uns dabei, die Funktionsf\u00e4higkeit der Website zu gew\u00e4hrleisten sowie die Nutzung der Website zu analysieren, um Ihnen Inhalte bereitzustellen, die auf Ihre Bed\u00fcrfnisse zugeschnitten sind. Wenn Sie dies \u00fcberhaupt nicht m\u00f6chten oder die installierten Cookies einschr\u00e4nken wollen, haben Sie hier die M\u00f6glichkeit, Ihre Cookie-Einstellungen anzupassen. Bei Coverseal haben Sie die Kontrolle \u00fcber Ihre individuelle Online-Erfahrung. Weitere Informationen finden Sie in der Cookie-Richtlinie.Unbedingt notwendige Cookies (immer aktiv)Diese Cookies sind f\u00fcr das Funktionieren der Website erforderlich, tragen zu ihrer sicheren Nutzung bei und k\u00f6nnen in unseren Systemen nicht deaktiviert werden. Diese Cookies werden normalerweise nur gesetzt, wenn Sie bestimmte Aktionen ausf\u00fchren, die einer Serviceanfrage entsprechen - zum Beispiel beim Einstellen Ihrer Datenschutzoptionen, beim Einloggen oder beim Ausf\u00fcllen von Formularen. Sie k\u00f6nnen Ihren Browser so einstellen, dass er diese Cookies blockiert oder Sie darauf hinweist, aber dann funktionieren einige Teile der Website m\u00f6glicherweise nicht.Analytische CookiesDiese [&hellip;]\" \/>\n<meta property=\"og:url\" content=\"https:\/\/coverseal.be\/de\/cookies\/\" \/>\n<meta property=\"og:site_name\" content=\"Coverseal\" \/>\n<meta property=\"article:modified_time\" content=\"2026-02-05T10:23:32+00:00\" \/>\n<meta name=\"twitter:card\" content=\"summary_large_image\" \/>\n<meta name=\"twitter:label1\" content=\"Gesch\u00e4tzte Lesezeit\" \/>\n\t<meta name=\"twitter:data1\" content=\"2\u00a0Minuten\" \/>\n<script type=\"application\/ld+json\" class=\"yoast-schema-graph\">{\"@context\":\"https:\\\/\\\/schema.org\",\"@graph\":[{\"@type\":\"WebPage\",\"@id\":\"https:\\\/\\\/coverseal.be\\\/de\\\/cookies\\\/\",\"url\":\"https:\\\/\\\/coverseal.be\\\/de\\\/cookies\\\/\",\"name\":\"Cookies | Coverseal\",\"isPartOf\":{\"@id\":\"https:\\\/\\\/coverseal.be\\\/de\\\/#website\"},\"datePublished\":\"2025-04-07T07:31:27+00:00\",\"dateModified\":\"2026-02-05T10:23:32+00:00\",\"breadcrumb\":{\"@id\":\"https:\\\/\\\/coverseal.be\\\/de\\\/cookies\\\/#breadcrumb\"},\"inLanguage\":\"de\",\"potentialAction\":[{\"@type\":\"ReadAction\",\"target\":[\"https:\\\/\\\/coverseal.be\\\/de\\\/cookies\\\/\"]}]},{\"@type\":\"BreadcrumbList\",\"@id\":\"https:\\\/\\\/coverseal.be\\\/de\\\/cookies\\\/#breadcrumb\",\"itemListElement\":[{\"@type\":\"ListItem\",\"position\":1,\"name\":\"Accueil\",\"item\":\"https:\\\/\\\/coverseal.be\\\/de\\\/\"},{\"@type\":\"ListItem\",\"position\":2,\"name\":\"Cookies\"}]},{\"@type\":\"WebSite\",\"@id\":\"https:\\\/\\\/coverseal.be\\\/de\\\/#website\",\"url\":\"https:\\\/\\\/coverseal.be\\\/de\\\/\",\"name\":\"Coverseal\",\"description\":\"\",\"potentialAction\":[{\"@type\":\"SearchAction\",\"target\":{\"@type\":\"EntryPoint\",\"urlTemplate\":\"https:\\\/\\\/coverseal.be\\\/de\\\/?s={search_term_string}\"},\"query-input\":{\"@type\":\"PropertyValueSpecification\",\"valueRequired\":true,\"valueName\":\"search_term_string\"}}],\"inLanguage\":\"de\"}]}<\/script>\n<!-- \/ Yoast SEO plugin. -->","yoast_head_json":{"title":"Cookies | Coverseal","robots":{"index":"index","follow":"follow","max-snippet":"max-snippet:-1","max-image-preview":"max-image-preview:large","max-video-preview":"max-video-preview:-1"},"canonical":"https:\/\/coverseal.be\/de\/cookies\/","og_locale":"de_DE","og_type":"article","og_title":"Cookies | Coverseal","og_description":"Cookie-RichtlinieWas ist ein Cookie?Cookies sind kleine Textdateien, die es erm\u00f6glichen, ger\u00e4tebezogene Informationen auf Ihrem Zugangsger\u00e4t zu speichern. Diese Daten k\u00f6nnen Angaben zu Ihrer Person, Ihren Einstellungen oder Ihrem Endger\u00e4t enthalten. Viele Websites verwenden Cookies, um statistische Daten \u00fcber die Nutzung der Website zu sammeln. Coverseal verwendet Cookies, um die Benutzerfreundlichkeit und Effizienz der Website zu verbessern. Cookies helfen uns dabei, die Funktionsf\u00e4higkeit der Website zu gew\u00e4hrleisten sowie die Nutzung der Website zu analysieren, um Ihnen Inhalte bereitzustellen, die auf Ihre Bed\u00fcrfnisse zugeschnitten sind. Wenn Sie dies \u00fcberhaupt nicht m\u00f6chten oder die installierten Cookies einschr\u00e4nken wollen, haben Sie hier die M\u00f6glichkeit, Ihre Cookie-Einstellungen anzupassen. Bei Coverseal haben Sie die Kontrolle \u00fcber Ihre individuelle Online-Erfahrung. Weitere Informationen finden Sie in der Cookie-Richtlinie.Unbedingt notwendige Cookies (immer aktiv)Diese Cookies sind f\u00fcr das Funktionieren der Website erforderlich, tragen zu ihrer sicheren Nutzung bei und k\u00f6nnen in unseren Systemen nicht deaktiviert werden. Diese Cookies werden normalerweise nur gesetzt, wenn Sie bestimmte Aktionen ausf\u00fchren, die einer Serviceanfrage entsprechen - zum Beispiel beim Einstellen Ihrer Datenschutzoptionen, beim Einloggen oder beim Ausf\u00fcllen von Formularen. Sie k\u00f6nnen Ihren Browser so einstellen, dass er diese Cookies blockiert oder Sie darauf hinweist, aber dann funktionieren einige Teile der Website m\u00f6glicherweise nicht.Analytische CookiesDiese [&hellip;]","og_url":"https:\/\/coverseal.be\/de\/cookies\/","og_site_name":"Coverseal","article_modified_time":"2026-02-05T10:23:32+00:00","twitter_card":"summary_large_image","twitter_misc":{"Gesch\u00e4tzte Lesezeit":"2\u00a0Minuten"},"schema":{"@context":"https:\/\/schema.org","@graph":[{"@type":"WebPage","@id":"https:\/\/coverseal.be\/de\/cookies\/","url":"https:\/\/coverseal.be\/de\/cookies\/","name":"Cookies | Coverseal","isPartOf":{"@id":"https:\/\/coverseal.be\/de\/#website"},"datePublished":"2025-04-07T07:31:27+00:00","dateModified":"2026-02-05T10:23:32+00:00","breadcrumb":{"@id":"https:\/\/coverseal.be\/de\/cookies\/#breadcrumb"},"inLanguage":"de","potentialAction":[{"@type":"ReadAction","target":["https:\/\/coverseal.be\/de\/cookies\/"]}]},{"@type":"BreadcrumbList","@id":"https:\/\/coverseal.be\/de\/cookies\/#breadcrumb","itemListElement":[{"@type":"ListItem","position":1,"name":"Accueil","item":"https:\/\/coverseal.be\/de\/"},{"@type":"ListItem","position":2,"name":"Cookies"}]},{"@type":"WebSite","@id":"https:\/\/coverseal.be\/de\/#website","url":"https:\/\/coverseal.be\/de\/","name":"Coverseal","description":"","potentialAction":[{"@type":"SearchAction","target":{"@type":"EntryPoint","urlTemplate":"https:\/\/coverseal.be\/de\/?s={search_term_string}"},"query-input":{"@type":"PropertyValueSpecification","valueRequired":true,"valueName":"search_term_string"}}],"inLanguage":"de"}]}},"_links":{"self":[{"href":"https:\/\/coverseal.be\/de\/wp-json\/wp\/v2\/pages\/9654","targetHints":{"allow":["GET"]}}],"collection":[{"href":"https:\/\/coverseal.be\/de\/wp-json\/wp\/v2\/pages"}],"about":[{"href":"https:\/\/coverseal.be\/de\/wp-json\/wp\/v2\/types\/page"}],"author":[{"embeddable":true,"href":"https:\/\/coverseal.be\/de\/wp-json\/wp\/v2\/users\/3"}],"replies":[{"embeddable":true,"href":"https:\/\/coverseal.be\/de\/wp-json\/wp\/v2\/comments?post=9654"}],"version-history":[{"count":5,"href":"https:\/\/coverseal.be\/de\/wp-json\/wp\/v2\/pages\/9654\/revisions"}],"predecessor-version":[{"id":11647,"href":"https:\/\/coverseal.be\/de\/wp-json\/wp\/v2\/pages\/9654\/revisions\/11647"}],"wp:attachment":[{"href":"https:\/\/coverseal.be\/de\/wp-json\/wp\/v2\/media?parent=9654"}],"curies":[{"name":"wp","href":"https:\/\/api.w.org\/{rel}","templated":true}]}}