{"id":9641,"date":"2022-04-26T13:33:04","date_gmt":"2022-04-26T11:33:04","guid":{"rendered":"https:\/\/coverseal-be.poush-dev.be\/politique-de-confidentialite\/"},"modified":"2026-02-05T11:23:30","modified_gmt":"2026-02-05T10:23:30","slug":"datenschutzerklaerung","status":"publish","type":"page","link":"https:\/\/coverseal.be\/de\/datenschutzerklaerung\/","title":{"rendered":"Datenschutzerkl\u00e4rung"},"content":{"rendered":"<p>[et_pb_section fb_built=&#8220;1&#8243; _builder_version=&#8220;4.27.4&#8243; _module_preset=&#8220;default&#8220; custom_padding=&#8220;80px|6vw|40px|6vw|false|true&#8220; global_colors_info=&#8220;{}&#8220;][et_pb_row _builder_version=&#8220;4.27.4&#8243; _module_preset=&#8220;default&#8220; custom_margin=&#8220;|auto|0px|auto|false|false&#8220; global_colors_info=&#8220;{}&#8220;][et_pb_column type=&#8220;4_4&#8243; _builder_version=&#8220;4.27.4&#8243; _module_preset=&#8220;default&#8220; global_colors_info=&#8220;{}&#8220;][et_pb_text module_class=&#8220;h2-size&#8220; _builder_version=&#8220;4.27.4&#8243; _module_preset=&#8220;default&#8220; header_font=&#8220;Lexend-Regular||||||||&#8220; header_text_color=&#8220;gcid-secondary-color&#8220; header_2_text_color=&#8220;gcid-secondary-color&#8220; global_colors_info=&#8220;{%22gcid-secondary-color%22:%91%22header_2_text_color%22,%22header_text_color%22,%22header_text_color%22%93}&#8220;]<\/p>\n<h1><span>Datenschutzerkl\u00e4rung<\/span><\/h1>\n<p>[\/et_pb_text][\/et_pb_column][\/et_pb_row][\/et_pb_section][et_pb_section fb_built=&#8220;1&#8243; _builder_version=&#8220;4.27.4&#8243; _module_preset=&#8220;default&#8220; background_color=&#8220;gcid-cc026ee9-2dfb-4c5b-892b-7f86cd297fec&#8220; custom_padding=&#8220;40px|6vw|80px|6vw|false|true&#8220; global_colors_info=&#8220;{%22gcid-cc026ee9-2dfb-4c5b-892b-7f86cd297fec%22:%91%22background_color%22%93}&#8220;][et_pb_row _builder_version=&#8220;4.27.4&#8243; _module_preset=&#8220;default&#8220; custom_margin=&#8220;|auto|1px|auto|false|false&#8220; global_colors_info=&#8220;{}&#8220;][et_pb_column type=&#8220;4_4&#8243; _builder_version=&#8220;4.27.4&#8243; _module_preset=&#8220;default&#8220; global_colors_info=&#8220;{}&#8220;][et_pb_text module_class=&#8220;h3-size&#8220; _builder_version=&#8220;4.27.4&#8243; _module_preset=&#8220;default&#8220; global_colors_info=&#8220;{}&#8220;]<\/p>\n<h2><span>1. Rechtliche Hinweise<\/span><\/h2>\n<p>[\/et_pb_text][et_pb_text _builder_version=&#8220;4.27.4&#8243; _module_preset=&#8220;default&#8220; global_colors_info=&#8220;{}&#8220;]<\/p>\n<div class=\"ewa-rteLine\">Die Website https:\/\/www.coverseal.be geh\u00f6rt der belgischen Aktiengesellschaft Becoflex (im Folgenden als \u201eCoverseal\u201d bezeichnet) und wird von dieser betrieben.<\/div>\n<div class=\"ewa-rteLine\">\n<p>Anschrift und eingetragener Sitz: 8, Route du Grand Peuplier &#8211; 7110 Str\u00e9py-Bracquegnies, Belgien.<\/p>\n<p>Handelsname: <strong>Coverseal<\/strong>.<\/div>\n<div class=\"ewa-rteLine\">Telefon: 0032.(0)2.367.10.80.<\/div>\n<div class=\"ewa-rteLine\">E-Mail: info@coverseal.fr<\/div>\n<div class=\"ewa-rteLine\">\n<p>TVA: BE 0893.262.805.<\/p>\n<p>Die Allgemeinen Gesch\u00e4ftsbedingungen k\u00f6nnen hier eingesehen werden : Allgemeine Gesch\u00e4ftsbedingungen<\/p><\/div>\n<div class=\"ewa-rteLine\">\n<p>Standardm\u00e4\u00dfige Garantie: 2 Jahre auf das Produkt.<\/p>\n<p>Becoflex ist in der Herstellung und dem Verkauf von Sicherheitsabdeckungen f\u00fcr Schwimmb\u00e4der t\u00e4tig.<\/p>\n<p>Becoflex ist bei der Gesellschaft MS Amlin versichert<\/p><\/div>\n<p>[\/et_pb_text][et_pb_text module_class=&#8220;h3-size&#8220; _builder_version=&#8220;4.27.4&#8243; _module_preset=&#8220;default&#8220; global_colors_info=&#8220;{}&#8220;]<\/p>\n<h2><span>2. Geltung der Allgemeinen Nutzungsbedingungen<\/span><\/h2>\n<p>[\/et_pb_text][et_pb_text _builder_version=&#8220;4.27.4&#8243; _module_preset=&#8220;default&#8220; custom_padding=&#8220;||0px|||&#8220; global_colors_info=&#8220;{}&#8220;]<\/p>\n<div class=\"ewa-rteLine\">\n<p>2.1 Diese Allgemeinen Nutzungsbedingungen (im Folgenden &#8222;ANB&#8220;) legen die Rechte und Pflichten fest, die f\u00fcr Sie als Nutzer (im Folgenden &#8222;Nutzer&#8220;) gelten, wenn Sie auf unsere Website (im Folgenden &#8222;Website&#8220;) zugreifen.<\/p>\n<p>2.2 Durch den Zugriff auf und\/oder die Nutzung der Website akzeptieren Sie die ANB und alle \u00c4nderungen, die an ihnen vorgenommen werden, unbeschadet etwaiger anwendbarer besonderer Vertragsbedingungen.<\/p>\n<p>2.3 Coverseal beh\u00e4lt sich das Recht vor, die vorliegenden ANB jederzeit und ohne Vorank\u00fcndigung zu \u00e4ndern. Es wird davon ausgegangen, dass der Nutzer in regelm\u00e4\u00dfigen Abst\u00e4nden \u00c4nderungen an diesen AGB zur Kenntnis nimmt.<\/p><\/div>\n<p>[\/et_pb_text][et_pb_text module_class=&#8220;h3-size&#8220; _builder_version=&#8220;4.27.4&#8243; _module_preset=&#8220;default&#8220; global_colors_info=&#8220;{}&#8220;]<\/p>\n<h2><span>3. Zug\u00e4nglichkeit<\/span><\/h2>\n<p>[\/et_pb_text][et_pb_text _builder_version=&#8220;4.27.4&#8243; _module_preset=&#8220;default&#8220; custom_padding=&#8220;||6px|||&#8220; locked=&#8220;off&#8220; global_colors_info=&#8220;{}&#8220;]<\/p>\n<p><span>3.1 Coverseal beh\u00e4lt sich das Recht vor, \u00c4nderungen oder Korrekturen an der Website sowie an den auf der Website enthaltenen Informationen vorzunehmen, Informationen von der Website zu entfernen und\/oder die Funktionen der Website oder den Zugang zur Website selbst ganz oder teilweise zu unterbrechen oder auszusetzen (zu Wartungszwecken oder zu allen anderen technischen und betrieblichen Zwecken).<\/span><\/p>\n<p>[\/et_pb_text][et_pb_text module_class=&#8220;h3-size&#8220; _builder_version=&#8220;4.27.4&#8243; _module_preset=&#8220;default&#8220; global_colors_info=&#8220;{}&#8220;]<\/p>\n<h2><span>4. Nutzung der Seite<\/span><\/h2>\n<p>[\/et_pb_text][et_pb_text _builder_version=&#8220;4.27.4&#8243; _module_preset=&#8220;default&#8220; locked=&#8220;off&#8220; global_colors_info=&#8220;{}&#8220;]<\/p>\n<p><span>4.1 Der Nutzer erkennt an, dass er die Website ausschlie\u00dflich zur Suche nach Informationen, zur Einreichung von Anfragen oder zur Aufgabe von Bestellungen nutzen darf. Der Nutzer verpflichtet sich, die Website nicht zu anderen Zwecken zu nutzen, insbesondere nicht zu illegalen Zwecken oder zu Zwecken, die geeignet sind, die guten Sitten, die Integrit\u00e4t, die Sicherheit oder den Ruf der Website oder die Rechte von Coverseal oder Dritten zu beeintr\u00e4chtigen.<\/span><\/p>\n<p>[\/et_pb_text][et_pb_text module_class=&#8220;h3-size&#8220; _builder_version=&#8220;4.27.4&#8243; _module_preset=&#8220;default&#8220; global_colors_info=&#8220;{}&#8220;]<\/p>\n<h2><span>5. Haftung<\/span><\/h2>\n<p>[\/et_pb_text][et_pb_text _builder_version=&#8220;4.27.4&#8243; _module_preset=&#8220;default&#8220; locked=&#8220;off&#8220; global_colors_info=&#8220;{}&#8220;]<\/p>\n<div class=\"ewa-rteLine\">\n<p>5.1 Alle Informationen auf der Website von Coverseal sind allgemeine Informationen, die au\u00dferhalb eines Vertragsverh\u00e4ltnisses mit Coverseal zur Verf\u00fcgung gestellt werden. Diese Informationen stellen keine pers\u00f6nliche, berufliche oder rechtliche Beratung f\u00fcr den Nutzer dar.<\/p>\n<p>5.2 Coverseal unternimmt angemessene Anstrengungen, um die Richtigkeit dieser Informationen sicherzustellen, garantiert jedoch nicht, dass diese Informationen frei von Fehlern oder Auslassungen sind.<\/p>\n<p>5.3 Coverseal kann nicht haftbar gemacht werden (au\u00dfer bei grober Fahrl\u00e4ssigkeit oder Vorsatz seinerseits) f\u00fcr direkte oder indirekte Sch\u00e4den (au\u00dfer Personensch\u00e4den, die dem Nutzer zugef\u00fcgt werden), die entstehen k\u00f6nnten durch:<\/p>\n<p>&#8211; die Nutzung der auf der Website bereitgestellten Informationen,<\/p><\/div>\n<div class=\"ewa-rteLine\">&#8211; die Tatsache, dass bestimmte Informationen unrichtig, unvollst\u00e4ndig oder nicht verf\u00fcgbar sind,<\/div>\n<div class=\"ewa-rteLine\">&#8211; die Nutzung der Website oder die Unm\u00f6glichkeit, die Website zu nutzen,<\/div>\n<div class=\"ewa-rteLine\">&#8211; die betr\u00fcgerische Nutzung seiner Website durch Nutzer oder Dritte,<\/div>\n<div class=\"ewa-rteLine\">&#8211; die \u00dcbertragung von Viren oder anderen Schadprogrammen an den Nutzer \u00fcber die Website.<\/div>\n<p>[\/et_pb_text][et_pb_text module_class=&#8220;h3-size&#8220; _builder_version=&#8220;4.27.4&#8243; _module_preset=&#8220;default&#8220; global_colors_info=&#8220;{}&#8220;]<\/p>\n<h2><span>6. Geistiges Eigentum<\/span><\/h2>\n<p>[\/et_pb_text][et_pb_text _builder_version=&#8220;4.27.4&#8243; _module_preset=&#8220;default&#8220; locked=&#8220;off&#8220; global_colors_info=&#8220;{}&#8220;]<\/p>\n<div class=\"ewa-rteLine\">\n<p>6.1 Die Website und alle ihre Bestandteile sind durch geistige Eigentumsrechte gesch\u00fctzt. Insbesondere k\u00f6nnen die Namen, Logos und andere Unterscheidungszeichen von Coverseal, seinen Partnern oder Dritten, die auf der Website vorhanden sind, durch das Markenrecht gesch\u00fctzt sein. Das Layout der Website, die redaktionellen Inhalte, Texte, Bilder, Fotografien oder audiovisuellen Inhalte der Website sind urheberrechtlich gesch\u00fctzt.<\/p>\n<p>6.2 Vorbehaltlich gesetzlicher Ausnahmen ist jede vollst\u00e4ndige oder teilweise Vervielf\u00e4ltigung und\/oder \u00f6ffentliche Wiedergabe von Elementen auf der Website ohne die vorherige schriftliche Zustimmung von Coverseal untersagt.<\/p>\n<p>6.3 Der Nutzer verpflichtet sich, keinen Urheberrechtsvermerk oder Hinweis auf den Schutz durch ein Recht des geistigen Eigentums auf der Website zu entfernen, zu ver\u00e4ndern oder zu verdecken.<\/p><\/div>\n<p>[\/et_pb_text][et_pb_text module_class=&#8220;h3-size&#8220; _builder_version=&#8220;4.27.4&#8243; _module_preset=&#8220;default&#8220; global_colors_info=&#8220;{}&#8220;]<\/p>\n<h2><span>7. Verarbeitung personenbezogener Daten und Cookies<\/span><\/h2>\n<p>[\/et_pb_text][et_pb_text _builder_version=&#8220;4.27.4&#8243; _module_preset=&#8220;default&#8220; locked=&#8220;off&#8220; global_colors_info=&#8220;{}&#8220;]<\/p>\n<div class=\"ewa-rteLine\">\n<p>7.1 Coverseal verwendet die Daten, die der Nutzer \u00fcber das Kontaktformular auf der Website oder per E-Mail zur Verf\u00fcgung stellt, um auf seine Fragen, eine Angebotsanfrage oder eine Terminvereinbarung zu antworten.<\/p>\n<p>7.2 Die personenbezogenen Daten, die der Nutzer zur Verf\u00fcgung stellt, werden gem\u00e4\u00df der Datenschutzerkl\u00e4rung von Coverseal behandelt, die hier eingesehen werden kann: Datenschutzerkl\u00e4rung<\/p>\n<p>7.3 Coverseal platziert ebenfalls Cookies \u00fcber die Website. Diese Cookies werden von Dritten gesetzt, mit denen wir zusammenarbeiten. Informationen \u00fcber Cookies und deren Annahme oder Ablehnung durch den Nutzer sind ebenfalls in unserer Datenschutzerkl\u00e4rung geregelt, die hier eingesehen werden kann: Datenschutzerkl\u00e4rung<\/p>\n<p>7.4 Berechtigungen f\u00fcr Bluetooth Low Energy (BLE) und Standortzugriff<\/p>\n<p>Unsere App verwendet Bluetooth Low Energy (BLE), um eine Verbindung zu Ger\u00e4ten in der N\u00e4he herzustellen. BLE erfordert den Zugriff auf Standortdienste, um Scans durchzuf\u00fchren, obwohl wir keine Standortdaten verfolgen oder speichern. Standortberechtigungen werden nur abgefragt, um die Kommunikation \u00fcber BLE zu erleichtern, und Ihr Standort wird nicht gespeichert oder f\u00fcr andere Zwecke verwendet. Sie k\u00f6nnen die Bluetooth- und Standortberechtigungen jederzeit \u00fcber die Einstellungen Ihres Ger\u00e4ts verwalten oder widerrufen.<\/p><\/div>\n<p>[\/et_pb_text][et_pb_text module_class=&#8220;h3-size&#8220; _builder_version=&#8220;4.27.4&#8243; _module_preset=&#8220;default&#8220; global_colors_info=&#8220;{}&#8220;]<\/p>\n<h2><span>8. Allgemeine Gesch\u00e4ftsbedingungen<\/span><\/h2>\n<p>[\/et_pb_text][et_pb_text _builder_version=&#8220;4.27.4&#8243; _module_preset=&#8220;default&#8220; locked=&#8220;off&#8220; global_colors_info=&#8220;{}&#8220;]<\/p>\n<p><span>8.1 Alle Verk\u00e4ufe oder Dienstleistungen von Coverseal unterliegen den Allgemeinen Gesch\u00e4ftsbedingungen von Coverseal, die hier eingesehen werden k\u00f6nnen: Allgemeine Gesch\u00e4ftsbedingungen.<\/span><\/p>\n<p>[\/et_pb_text][et_pb_text module_class=&#8220;h3-size&#8220; _builder_version=&#8220;4.27.4&#8243; _module_preset=&#8220;default&#8220; global_colors_info=&#8220;{}&#8220;]<\/p>\n<h2><span>9. Verschiedenes<\/span><\/h2>\n<p>[\/et_pb_text][et_pb_text _builder_version=&#8220;4.27.4&#8243; _module_preset=&#8220;default&#8220; locked=&#8220;off&#8220; global_colors_info=&#8220;{}&#8220;]<\/p>\n<div class=\"ewa-rteLine\">\n<p>9.1 Die Nichtigkeit oder Nichtdurchsetzbarkeit einer Bestimmung dieser ANB hat keinen Einfluss auf die G\u00fcltigkeit der \u00fcbrigen Bestimmungen dieser ANB .<\/p>\n<p>9.2 Alle Mitteilungen oder Beschwerden bez\u00fcglich der Website oder dieser Nutzungsbedingungen sind per E-Mail an rgpd@coverseal.com zu richten.<\/p>\n<p>9.3 Die Nichtwahrnehmung eines Rechts aus diesen ANB durch Coverseal stellt keinen Verzicht auf dieses Recht dar.<\/p><\/div>\n<p>[\/et_pb_text][et_pb_text module_class=&#8220;h3-size&#8220; _builder_version=&#8220;4.27.4&#8243; _module_preset=&#8220;default&#8220; global_colors_info=&#8220;{}&#8220;]<\/p>\n<h2><span>10. Anwendbares Recht und Gerichtsbarkeit<\/span><\/h2>\n<p>[\/et_pb_text][et_pb_text _builder_version=&#8220;4.27.4&#8243; _module_preset=&#8220;default&#8220; locked=&#8220;off&#8220; global_colors_info=&#8220;{}&#8220;]<\/p>\n<p><span>F\u00fcr diese Nutzungsbedingungen gilt belgisches Recht. Regelungen zum internationalen Privatrecht finden keine Anwendung. Alle Streitigkeiten, die sich aus oder im Zusammenhang mit diesen ANB ergeben, werden den Gerichten des Bezirks Br\u00fcssel vorgelegt.<\/span><\/p>\n<p>[\/et_pb_text][\/et_pb_column][\/et_pb_row][\/et_pb_section]<\/p>\n","protected":false},"excerpt":{"rendered":"<p>Datenschutzerkl\u00e4rung1. Rechtliche HinweiseDie Website https:\/\/www.coverseal.be geh\u00f6rt der belgischen Aktiengesellschaft Becoflex (im Folgenden als \u201eCoverseal\u201d bezeichnet) und wird von dieser betrieben. Anschrift und eingetragener Sitz: 8, Route du Grand Peuplier &#8211; 7110 Str\u00e9py-Bracquegnies, Belgien. Handelsname: Coverseal. Telefon: 0032.(0)2.367.10.80. E-Mail: info@coverseal.fr TVA: BE 0893.262.805. Die Allgemeinen Gesch\u00e4ftsbedingungen k\u00f6nnen hier eingesehen werden : Allgemeine Gesch\u00e4ftsbedingungen Standardm\u00e4\u00dfige Garantie: 2 Jahre auf das Produkt. Becoflex ist in der Herstellung und dem Verkauf von Sicherheitsabdeckungen f\u00fcr Schwimmb\u00e4der t\u00e4tig. Becoflex ist bei der Gesellschaft MS Amlin versichert2. Geltung der Allgemeinen Nutzungsbedingungen2.1 Diese Allgemeinen Nutzungsbedingungen (im Folgenden &#8222;ANB&#8220;) legen die Rechte und Pflichten fest, die f\u00fcr Sie als Nutzer (im Folgenden &#8222;Nutzer&#8220;) gelten, wenn Sie auf unsere Website (im Folgenden &#8222;Website&#8220;) zugreifen. 2.2 Durch den Zugriff auf und\/oder die Nutzung der Website akzeptieren Sie die ANB und alle \u00c4nderungen, die an ihnen vorgenommen werden, unbeschadet etwaiger anwendbarer besonderer Vertragsbedingungen. 2.3 Coverseal beh\u00e4lt sich das Recht vor, die vorliegenden ANB jederzeit und ohne Vorank\u00fcndigung zu \u00e4ndern. Es wird davon ausgegangen, dass der Nutzer in regelm\u00e4\u00dfigen Abst\u00e4nden \u00c4nderungen an diesen AGB zur Kenntnis nimmt.3. Zug\u00e4nglichkeit3.1 Coverseal beh\u00e4lt sich das Recht vor, \u00c4nderungen oder Korrekturen an der Website sowie an den auf der Website enthaltenen Informationen vorzunehmen, Informationen von der Website [&hellip;]<\/p>\n","protected":false},"author":3,"featured_media":0,"parent":0,"menu_order":1000,"comment_status":"closed","ping_status":"closed","template":"","meta":{"_et_pb_use_builder":"on","_et_pb_old_content":"","_et_gb_content_width":"","footnotes":""},"class_list":["post-9641","page","type-page","status-publish","hentry"],"yoast_head":"<!-- This site is optimized with the Yoast SEO plugin v27.4 - https:\/\/yoast.com\/product\/yoast-seo-wordpress\/ -->\n<title>Datenschutzerkl\u00e4rung | Coverseal<\/title>\n<meta name=\"robots\" content=\"index, follow, max-snippet:-1, max-image-preview:large, max-video-preview:-1\" \/>\n<link rel=\"canonical\" href=\"https:\/\/coverseal.be\/de\/datenschutzerklaerung\/\" \/>\n<meta property=\"og:locale\" content=\"de_DE\" \/>\n<meta property=\"og:type\" content=\"article\" \/>\n<meta property=\"og:title\" content=\"Datenschutzerkl\u00e4rung | Coverseal\" \/>\n<meta property=\"og:description\" content=\"Datenschutzerkl\u00e4rung1. Rechtliche HinweiseDie Website https:\/\/www.coverseal.be geh\u00f6rt der belgischen Aktiengesellschaft Becoflex (im Folgenden als \u201eCoverseal\u201d bezeichnet) und wird von dieser betrieben. Anschrift und eingetragener Sitz: 8, Route du Grand Peuplier - 7110 Str\u00e9py-Bracquegnies, Belgien. Handelsname: Coverseal. Telefon: 0032.(0)2.367.10.80. E-Mail: info@coverseal.fr TVA: BE 0893.262.805. Die Allgemeinen Gesch\u00e4ftsbedingungen k\u00f6nnen hier eingesehen werden : Allgemeine Gesch\u00e4ftsbedingungen Standardm\u00e4\u00dfige Garantie: 2 Jahre auf das Produkt. Becoflex ist in der Herstellung und dem Verkauf von Sicherheitsabdeckungen f\u00fcr Schwimmb\u00e4der t\u00e4tig. Becoflex ist bei der Gesellschaft MS Amlin versichert2. Geltung der Allgemeinen Nutzungsbedingungen2.1 Diese Allgemeinen Nutzungsbedingungen (im Folgenden &quot;ANB&quot;) legen die Rechte und Pflichten fest, die f\u00fcr Sie als Nutzer (im Folgenden &quot;Nutzer&quot;) gelten, wenn Sie auf unsere Website (im Folgenden &quot;Website&quot;) zugreifen. 2.2 Durch den Zugriff auf und\/oder die Nutzung der Website akzeptieren Sie die ANB und alle \u00c4nderungen, die an ihnen vorgenommen werden, unbeschadet etwaiger anwendbarer besonderer Vertragsbedingungen. 2.3 Coverseal beh\u00e4lt sich das Recht vor, die vorliegenden ANB jederzeit und ohne Vorank\u00fcndigung zu \u00e4ndern. Es wird davon ausgegangen, dass der Nutzer in regelm\u00e4\u00dfigen Abst\u00e4nden \u00c4nderungen an diesen AGB zur Kenntnis nimmt.3. Zug\u00e4nglichkeit3.1 Coverseal beh\u00e4lt sich das Recht vor, \u00c4nderungen oder Korrekturen an der Website sowie an den auf der Website enthaltenen Informationen vorzunehmen, Informationen von der Website [&hellip;]\" \/>\n<meta property=\"og:url\" content=\"https:\/\/coverseal.be\/de\/datenschutzerklaerung\/\" \/>\n<meta property=\"og:site_name\" content=\"Coverseal\" \/>\n<meta property=\"article:modified_time\" content=\"2026-02-05T10:23:30+00:00\" \/>\n<meta name=\"twitter:card\" content=\"summary_large_image\" \/>\n<meta name=\"twitter:label1\" content=\"Gesch\u00e4tzte Lesezeit\" \/>\n\t<meta name=\"twitter:data1\" content=\"4\u00a0Minuten\" \/>\n<script type=\"application\/ld+json\" class=\"yoast-schema-graph\">{\"@context\":\"https:\\\/\\\/schema.org\",\"@graph\":[{\"@type\":\"WebPage\",\"@id\":\"https:\\\/\\\/coverseal.be\\\/de\\\/datenschutzerklaerung\\\/\",\"url\":\"https:\\\/\\\/coverseal.be\\\/de\\\/datenschutzerklaerung\\\/\",\"name\":\"Datenschutzerkl\u00e4rung | Coverseal\",\"isPartOf\":{\"@id\":\"https:\\\/\\\/coverseal.be\\\/de\\\/#website\"},\"datePublished\":\"2022-04-26T11:33:04+00:00\",\"dateModified\":\"2026-02-05T10:23:30+00:00\",\"breadcrumb\":{\"@id\":\"https:\\\/\\\/coverseal.be\\\/de\\\/datenschutzerklaerung\\\/#breadcrumb\"},\"inLanguage\":\"de\",\"potentialAction\":[{\"@type\":\"ReadAction\",\"target\":[\"https:\\\/\\\/coverseal.be\\\/de\\\/datenschutzerklaerung\\\/\"]}]},{\"@type\":\"BreadcrumbList\",\"@id\":\"https:\\\/\\\/coverseal.be\\\/de\\\/datenschutzerklaerung\\\/#breadcrumb\",\"itemListElement\":[{\"@type\":\"ListItem\",\"position\":1,\"name\":\"Accueil\",\"item\":\"https:\\\/\\\/coverseal.be\\\/de\\\/\"},{\"@type\":\"ListItem\",\"position\":2,\"name\":\"Datenschutzerkl\u00e4rung\"}]},{\"@type\":\"WebSite\",\"@id\":\"https:\\\/\\\/coverseal.be\\\/de\\\/#website\",\"url\":\"https:\\\/\\\/coverseal.be\\\/de\\\/\",\"name\":\"Coverseal\",\"description\":\"\",\"potentialAction\":[{\"@type\":\"SearchAction\",\"target\":{\"@type\":\"EntryPoint\",\"urlTemplate\":\"https:\\\/\\\/coverseal.be\\\/de\\\/?s={search_term_string}\"},\"query-input\":{\"@type\":\"PropertyValueSpecification\",\"valueRequired\":true,\"valueName\":\"search_term_string\"}}],\"inLanguage\":\"de\"}]}<\/script>\n<!-- \/ Yoast SEO plugin. -->","yoast_head_json":{"title":"Datenschutzerkl\u00e4rung | Coverseal","robots":{"index":"index","follow":"follow","max-snippet":"max-snippet:-1","max-image-preview":"max-image-preview:large","max-video-preview":"max-video-preview:-1"},"canonical":"https:\/\/coverseal.be\/de\/datenschutzerklaerung\/","og_locale":"de_DE","og_type":"article","og_title":"Datenschutzerkl\u00e4rung | Coverseal","og_description":"Datenschutzerkl\u00e4rung1. Rechtliche HinweiseDie Website https:\/\/www.coverseal.be geh\u00f6rt der belgischen Aktiengesellschaft Becoflex (im Folgenden als \u201eCoverseal\u201d bezeichnet) und wird von dieser betrieben. Anschrift und eingetragener Sitz: 8, Route du Grand Peuplier - 7110 Str\u00e9py-Bracquegnies, Belgien. Handelsname: Coverseal. Telefon: 0032.(0)2.367.10.80. E-Mail: info@coverseal.fr TVA: BE 0893.262.805. Die Allgemeinen Gesch\u00e4ftsbedingungen k\u00f6nnen hier eingesehen werden : Allgemeine Gesch\u00e4ftsbedingungen Standardm\u00e4\u00dfige Garantie: 2 Jahre auf das Produkt. Becoflex ist in der Herstellung und dem Verkauf von Sicherheitsabdeckungen f\u00fcr Schwimmb\u00e4der t\u00e4tig. Becoflex ist bei der Gesellschaft MS Amlin versichert2. Geltung der Allgemeinen Nutzungsbedingungen2.1 Diese Allgemeinen Nutzungsbedingungen (im Folgenden \"ANB\") legen die Rechte und Pflichten fest, die f\u00fcr Sie als Nutzer (im Folgenden \"Nutzer\") gelten, wenn Sie auf unsere Website (im Folgenden \"Website\") zugreifen. 2.2 Durch den Zugriff auf und\/oder die Nutzung der Website akzeptieren Sie die ANB und alle \u00c4nderungen, die an ihnen vorgenommen werden, unbeschadet etwaiger anwendbarer besonderer Vertragsbedingungen. 2.3 Coverseal beh\u00e4lt sich das Recht vor, die vorliegenden ANB jederzeit und ohne Vorank\u00fcndigung zu \u00e4ndern. Es wird davon ausgegangen, dass der Nutzer in regelm\u00e4\u00dfigen Abst\u00e4nden \u00c4nderungen an diesen AGB zur Kenntnis nimmt.3. Zug\u00e4nglichkeit3.1 Coverseal beh\u00e4lt sich das Recht vor, \u00c4nderungen oder Korrekturen an der Website sowie an den auf der Website enthaltenen Informationen vorzunehmen, Informationen von der Website [&hellip;]","og_url":"https:\/\/coverseal.be\/de\/datenschutzerklaerung\/","og_site_name":"Coverseal","article_modified_time":"2026-02-05T10:23:30+00:00","twitter_card":"summary_large_image","twitter_misc":{"Gesch\u00e4tzte Lesezeit":"4\u00a0Minuten"},"schema":{"@context":"https:\/\/schema.org","@graph":[{"@type":"WebPage","@id":"https:\/\/coverseal.be\/de\/datenschutzerklaerung\/","url":"https:\/\/coverseal.be\/de\/datenschutzerklaerung\/","name":"Datenschutzerkl\u00e4rung | Coverseal","isPartOf":{"@id":"https:\/\/coverseal.be\/de\/#website"},"datePublished":"2022-04-26T11:33:04+00:00","dateModified":"2026-02-05T10:23:30+00:00","breadcrumb":{"@id":"https:\/\/coverseal.be\/de\/datenschutzerklaerung\/#breadcrumb"},"inLanguage":"de","potentialAction":[{"@type":"ReadAction","target":["https:\/\/coverseal.be\/de\/datenschutzerklaerung\/"]}]},{"@type":"BreadcrumbList","@id":"https:\/\/coverseal.be\/de\/datenschutzerklaerung\/#breadcrumb","itemListElement":[{"@type":"ListItem","position":1,"name":"Accueil","item":"https:\/\/coverseal.be\/de\/"},{"@type":"ListItem","position":2,"name":"Datenschutzerkl\u00e4rung"}]},{"@type":"WebSite","@id":"https:\/\/coverseal.be\/de\/#website","url":"https:\/\/coverseal.be\/de\/","name":"Coverseal","description":"","potentialAction":[{"@type":"SearchAction","target":{"@type":"EntryPoint","urlTemplate":"https:\/\/coverseal.be\/de\/?s={search_term_string}"},"query-input":{"@type":"PropertyValueSpecification","valueRequired":true,"valueName":"search_term_string"}}],"inLanguage":"de"}]}},"_links":{"self":[{"href":"https:\/\/coverseal.be\/de\/wp-json\/wp\/v2\/pages\/9641","targetHints":{"allow":["GET"]}}],"collection":[{"href":"https:\/\/coverseal.be\/de\/wp-json\/wp\/v2\/pages"}],"about":[{"href":"https:\/\/coverseal.be\/de\/wp-json\/wp\/v2\/types\/page"}],"author":[{"embeddable":true,"href":"https:\/\/coverseal.be\/de\/wp-json\/wp\/v2\/users\/3"}],"replies":[{"embeddable":true,"href":"https:\/\/coverseal.be\/de\/wp-json\/wp\/v2\/comments?post=9641"}],"version-history":[{"count":7,"href":"https:\/\/coverseal.be\/de\/wp-json\/wp\/v2\/pages\/9641\/revisions"}],"predecessor-version":[{"id":11645,"href":"https:\/\/coverseal.be\/de\/wp-json\/wp\/v2\/pages\/9641\/revisions\/11645"}],"wp:attachment":[{"href":"https:\/\/coverseal.be\/de\/wp-json\/wp\/v2\/media?parent=9641"}],"curies":[{"name":"wp","href":"https:\/\/api.w.org\/{rel}","templated":true}]}}