{"id":9567,"date":"2025-03-25T09:52:36","date_gmt":"2025-03-25T08:52:36","guid":{"rendered":"https:\/\/coverseal-be.poush-dev.be\/job\/"},"modified":"2026-04-08T13:34:09","modified_gmt":"2026-04-08T11:34:09","slug":"job","status":"publish","type":"page","link":"https:\/\/coverseal.be\/de\/job\/","title":{"rendered":"Jobs"},"content":{"rendered":"<p>[et_pb_section fb_built=&#8220;1&#8243; _builder_version=&#8220;4.27.4&#8243; _module_preset=&#8220;default&#8220; background_color=&#8220;gcid-primary-color&#8220; custom_padding=&#8220;80px|6vw|2px|6vw|false|true&#8220; locked=&#8220;off&#8220; global_colors_info=&#8220;{%22gcid-primary-color%22:%91%22background_color%22%93}&#8220;][et_pb_row _builder_version=&#8220;4.27.4&#8243; _module_preset=&#8220;default&#8220; custom_margin=&#8220;||20px||false|false&#8220; global_colors_info=&#8220;{}&#8220;][et_pb_column type=&#8220;4_4&#8243; _builder_version=&#8220;4.27.4&#8243; _module_preset=&#8220;default&#8220; global_colors_info=&#8220;{}&#8220;][et_pb_text module_class=&#8220;h2-size&#8220; _builder_version=&#8220;4.27.4&#8243; _module_preset=&#8220;default&#8220; header_font=&#8220;Lexend-Regular||||||||&#8220; header_text_color=&#8220;gcid-secondary-color&#8220; header_2_text_color=&#8220;gcid-secondary-color&#8220; max_width_tablet=&#8220;&#8220; max_width_phone=&#8220;94%&#8220; max_width_last_edited=&#8220;on|phone&#8220; animation_direction=&#8220;left&#8220; global_colors_info=&#8220;{%22gcid-secondary-color%22:%91%22header_2_text_color%22,%22header_text_color%22%93}&#8220;]<\/p>\n<h1><span>Werden Sie Teil der Coverseal-Exzellenz<\/span><\/h1>\n<p>[\/et_pb_text][et_pb_text _builder_version=&#8220;4.27.4&#8243; _module_preset=&#8220;default&#8220; max_width=&#8220;1040px&#8220; global_colors_info=&#8220;{}&#8220;]<\/p>\n<div class=\"ewa-rteLine\">\n<div class=\"ewa-rteLine\">\n<p>Sie wollen sich neuen Herausforderungen stellen und einem grenz\u00fcberschreitenden Abenteuer anschlie\u00dfen?<br \/>Bei Coverseal geh\u00f6rt die Ambition zu den Grundwerten. Jede Herausforderung, der wir uns stellen, st\u00e4rkt unseren Willen, <strong>die Standards neu zu definieren<\/strong> und dabei <strong>\u00c4sthetik<\/strong>, <strong>Performance<\/strong> und Nachhaltigkeit sinnvoll zu verbinden.<\/p>\n<p>Bei Coverseal erwartet Sie ein <strong>engagiertes Unternehmen<\/strong>, das von einem <strong>begeisterten und zusammengewachsenen Team<\/strong> getragen wird und anspruchsvoll in die Zukunft blickt, wobei der <strong>Mensch<\/strong> im Rahmen jedes Projekts einen zentralen Stellenwert einnimmt.<\/div>\n<\/div>\n<p>[\/et_pb_text][\/et_pb_column][\/et_pb_row][\/et_pb_section][et_pb_section fb_built=&#8220;1&#8243; _builder_version=&#8220;4.27.4&#8243; _module_preset=&#8220;default&#8220; custom_margin_tablet=&#8220;&#8220; custom_margin_phone=&#8220;&#8220; custom_margin_last_edited=&#8220;on|phone&#8220; custom_padding=&#8220;0px|6vw|0px|6vw|true|true&#8220; global_colors_info=&#8220;{}&#8220;][et_pb_row _builder_version=&#8220;4.27.4&#8243; _module_preset=&#8220;default&#8220; global_colors_info=&#8220;{}&#8220;][et_pb_column type=&#8220;4_4&#8243; _builder_version=&#8220;4.27.4&#8243; _module_preset=&#8220;default&#8220; global_colors_info=&#8220;{}&#8220;][brbl_post_carousel post_type=&#8220;job&#8220; layout=&#8220;layout3&#8243; show_excerpt=&#8220;off&#8220; show_date=&#8220;off&#8220; button_text=&#8220;Ich bewerbe mich&#8220; animation_speed=&#8220;2000ms&#8220; use_pagi=&#8220;on&#8220; slide_count=&#8220;3&#8243; nav_icon_size=&#8220;25px&#8220; nav_color=&#8220;gcid-secondary-color&#8220; nav_bg=&#8220;#FFFFFF&#8220; nav_pos_x=&#8220;-60px&#8220; icon_left=&#8220;&#x23;||divi||400&#8243; icon_right=&#8220;&#x24;||divi||400&#8243; content_padding=&#8220;|30px||30px|true|true&#8220; image_height=&#8220;300px&#8220; overlay_bg_color=&#8220;rgba(0,0,0,0.35)&#8220; content_bg_color=&#8220;RGBA(255,255,255,0)&#8220; content_bg_enable_image=&#8220;off&#8220; slide_count_tablet=&#8220;2&#8243; slide_count_phone=&#8220;1&#8243; slide_count_last_edited=&#8220;on|phone&#8220; nav_pos_x_tablet=&#8220;-35px&#8220; nav_pos_x_phone=&#8220;-15px&#8220; nav_pos_x_last_edited=&#8220;on|phone&#8220; _builder_version=&#8220;4.27.4&#8243; _module_preset=&#8220;default&#8220; title_font=&#8220;Lexend-Regular||||||||&#8220; title_text_color=&#8220;gcid-primary-color&#8220; custom_button=&#8220;on&#8220; button_text_color=&#8220;#FFFFFF&#8220; button_bg_color=&#8220;RGBA(255,255,255,0)&#8220; button_border_width=&#8220;0px&#8220; button_icon=&#8220;&#x24;||divi||400&#8243; button_icon_color=&#8220;#FFFFFF&#8220; button_on_hover=&#8220;off&#8220; custom_css_free_form=&#8220;selector .brbl-post-btn-wrap.brbl-flex-base {||  text-align: end;||}||||#et-boc selector .slick-track {||  margin-left: 0;||  margin-right: auto;||}&#8220; custom_css_read_more=&#8220;display: inline-block;||background-image: linear-gradient(to right, #fff, #fff);||background-size: 0% 1px;||background-repeat: no-repeat;||background-position: 0 100%;||transition: background-size 0.5s ease-in-out;&#8220; border_width_all_content=&#8220;0px&#8220; border_color_all_content=&#8220;gcid-secondary-color&#8220; global_colors_info=&#8220;{%22gcid-cc026ee9-2dfb-4c5b-892b-7f86cd297fec%22:%91%22pagi_bg%22%93,%22gcid-secondary-color%22:%91%22pagi_bg_active%22,%22border_color_all_content%22,%22button_text_color__hover%22,%22nav_color%22,%22button_icon_color__hover%22%93,%22gcid-primary-color%22:%91%22button_bg_color__hover%22,%22title_text_color%22%93}&#8220; button_bg_color__hover_enabled=&#8220;off|hover&#8220; button_bg_enable_color__hover=&#8220;on&#8220; button_text_color__hover_enabled=&#8220;off|hover&#8220; button_text_color__hover=&#8220;#7f351a&#8220; custom_css_read_more__hover_enabled=&#8220;on|hover&#8220; button_bg_color__hover=&#8220;#fbf6f1&#8243; button_icon_color__hover_enabled=&#8220;off|hover&#8220; button_icon_color__hover=&#8220;#7f351a&#8220; custom_css_read_more__hover=&#8220;background-size: 100% 1px;&#8220;][\/brbl_post_carousel][\/et_pb_column][\/et_pb_row][\/et_pb_section][et_pb_section fb_built=&#8220;1&#8243; _builder_version=&#8220;4.27.4&#8243; _module_preset=&#8220;default&#8220; background_color=&#8220;gcid-cc026ee9-2dfb-4c5b-892b-7f86cd297fec&#8220; hover_enabled=&#8220;0&#8243; global_colors_info=&#8220;{%22gcid-cc026ee9-2dfb-4c5b-892b-7f86cd297fec%22:%91%22background_color%22%93}&#8220; sticky_enabled=&#8220;0&#8243;][et_pb_row column_structure=&#8220;1_2,1_2&#8243; make_equal=&#8220;on&#8220; _builder_version=&#8220;4.27.4&#8243; _module_preset=&#8220;default&#8220; background_size=&#8220;contain&#8220; custom_margin=&#8220;||0px||false|false&#8220; hover_enabled=&#8220;0&#8243; custom_css_main_element=&#8220;display:flex;||align-items:stretch;||&#8220; locked=&#8220;off&#8220; global_colors_info=&#8220;{}&#8220; custom_css_main_element_last_edited=&#8220;on|tablet&#8220; custom_css_main_element_tablet=&#8220;display: block;&#8220; custom_css_main_element_phone=&#8220;display: block;&#8220; sticky_enabled=&#8220;0&#8243;][et_pb_column type=&#8220;1_2&#8243; _builder_version=&#8220;4.27.4&#8243; _module_preset=&#8220;default&#8220; background_image=&#8220;https:\/\/coverseal.be\/wp-content\/uploads\/2026\/04\/Image-4-1.jpg&#8220; custom_padding=&#8220;||||false|false&#8220; hover_enabled=&#8220;0&#8243; global_colors_info=&#8220;{}&#8220; alt=&#8220;Coverseal &#8211; D\u00e9couvrez notre entreprise&#8220; title_text=&#8220;Image (4) (1)&#8220; sticky_enabled=&#8220;0&#8243; parallax=&#8220;on&#8220;][\/et_pb_column][et_pb_column type=&#8220;1_2&#8243; _builder_version=&#8220;4.27.4&#8243; _module_preset=&#8220;default&#8220; custom_padding=&#8220;80px|30px|80px|6vw|true|false&#8220; custom_padding_tablet=&#8220;0px|30px|0px|6vw|true|false&#8220; custom_padding_phone=&#8220;0px|6vw|0px|6vw|false|false&#8220; custom_padding_last_edited=&#8220;on|desktop&#8220; global_colors_info=&#8220;{}&#8220;][et_pb_text _builder_version=&#8220;4.27.4&#8243; _module_preset=&#8220;default&#8220; header_2_text_color=&#8220;gcid-secondary-color&#8220; max_width=&#8220;680px&#8220; animation_direction=&#8220;right&#8220; global_colors_info=&#8220;{%22gcid-secondary-color%22:%91%22header_2_text_color%22%93}&#8220;]<\/p>\n<h2><span>Informieren Sie sich \u00fcber unser Unternehmen<\/span><\/h2>\n<p>[\/et_pb_text][et_pb_text _builder_version=&#8220;4.27.4&#8243; _module_preset=&#8220;default&#8220; text_text_color=&#8220;gcid-body-color&#8220; max_width=&#8220;620px&#8220; custom_margin=&#8220;||40px||false|false&#8220; global_colors_info=&#8220;{%22gcid-body-color%22:%91%22text_text_color%22%93}&#8220;]<\/p>\n<div class=\"ewa-rteLine\">\n<div class=\"ewa-rteLine\">\n<p>Unser Wachstum ist grenz\u00fcberschreitend: Coverseal entwickelt ihr Know-how<strong> vom Eigenheim bis zu Luxusanlagen in Europa und in den USA, aber auch in den nordischen L\u00e4ndern<\/strong>, in denen die Witterungsbedingungen besonders anspruchsvoll sind, auf namhaftesten internationalen Schaupl\u00e4tzen.<\/p>\n<p>Unsere Vision : weltweit die unstrittige <strong>Referenz<\/strong> anspruchsvoller <strong>Pooleigent\u00fcmer<\/strong> zu werden und mit neuen Standards, die auf <strong>Exzellenz setzen<\/strong>, aktiv zum Schutz der Wasser- und Energieressourcen beizutragen.<\/p>\n<p>Auch wenn unsere Ausstrahlung mit den Jahren zunimmt, bleibt unser Geist dem unserer Gr\u00fcnder treu: ein <strong>kollektives Engagement<\/strong> und eine <strong>aufrichtige Kundenn\u00e4he<\/strong>.<\/div>\n<\/div>\n<p>[\/et_pb_text][et_pb_button button_url=&#8220;@ET-DC@eyJkeW5hbWljIjp0cnVlLCJjb250ZW50IjoicG9zdF9saW5rX3VybF9wYWdlIiwic2V0dGluZ3MiOnsicG9zdF9pZCI6IjEyNDkifX0=@&#8220; button_text=&#8220;Informieren Sie sich \u00fcber die Gesellschaft&#8220; button_alignment=&#8220;right&#8220; _builder_version=&#8220;4.27.4&#8243; _dynamic_attributes=&#8220;button_url&#8220; _module_preset=&#8220;default&#8220; global_colors_info=&#8220;{}&#8220;][\/et_pb_button][\/et_pb_column][\/et_pb_row][\/et_pb_section]<\/p>\n","protected":false},"excerpt":{"rendered":"<p>Werden Sie Teil der Coverseal-Exzellenz Sie wollen sich neuen Herausforderungen stellen und einem grenz\u00fcberschreitenden Abenteuer anschlie\u00dfen?Bei Coverseal geh\u00f6rt die Ambition zu den Grundwerten. Jede Herausforderung, der wir uns stellen, st\u00e4rkt unseren Willen, die Standards neu zu definieren und dabei \u00c4sthetik, Performance und Nachhaltigkeit sinnvoll zu verbinden. Bei Coverseal erwartet Sie ein engagiertes Unternehmen, das von einem begeisterten und zusammengewachsenen Team getragen wird und anspruchsvoll in die Zukunft blickt, wobei der Mensch im Rahmen jedes Projekts einen zentralen Stellenwert einnimmt. <div class=\"et_pb_with_border et_pb_module brbl_post_carousel brbl_post_carousel_0\">\n\t\t\t\t\n\t\t\t\t\n\t\t\t\t\n\t\t\t\t\n\t\t\t\t\n\t\t\t\t\n\t\t\t\t<div class=\"et_pb_module_inner\">\n\t\t\t\t\t<div class=\"brbl-carousel brbl-blog-carousel brbl-carousel-frontend equal-height-on\" data-settings=\"{&quot;responsive&quot;:[{&quot;breakpoint&quot;:980,&quot;settings&quot;:{&quot;slidesToShow&quot;:2}},{&quot;breakpoint&quot;:767,&quot;settings&quot;:{&quot;slidesToShow&quot;:1}}],&quot;rtl&quot;:false,&quot;cssEase&quot;:&quot;ease-in-out&quot;,&quot;swipe&quot;:true,&quot;variableWidth&quot;:false,&quot;dots&quot;:true,&quot;arrows&quot;:true,&quot;infinite&quot;:true,&quot;autoplay&quot;:true,&quot;autoplaySpeed&quot;:2000,&quot;speed&quot;:2000,&quot;slidesToShow&quot;:3,&quot;slidesToScroll&quot;:1,&quot;centerPadding&quot;:&quot;70px&quot;,&quot;centerMode&quot;:false,&quot;prevArrow&quot;:&quot;&lt;button type=\\&quot;button\\&quot; data-icon=\\&quot;&amp;#x23;\\&quot; class=\\&quot;slick-arrow slick-prev\\&quot;&gt;Prev&lt;\\\/button&gt;&quot;,&quot;nextArrow&quot;:&quot;&lt;button type=\\&quot;button\\&quot; data-icon=\\&quot;&amp;#x24;\\&quot; class=\\&quot;slick-arrow slick-next\\&quot;&gt;Prev&lt;\\\/button&gt;&quot;}\" dir=\"ltr\">\r\n                <div class=\"brbl-blog-item brbl-blog-item-layout3-0\">\r\n        <article class=\"brbl-post-card brbl-post-card-3 \">\r\n            <figure class=\"brbl-post-thumb\">\r\n\t\t\t<a href=\"https:\/\/coverseal.be\/de\/job\/initiativbewerbung\/\">\r\n\t\t\t\t<div class=\"brbl-overlay\" data-icon=\"\"><\/div>\r\n\t\t\t\t<img width=\"800\" height=\"500\" src=\"https:\/\/coverseal.be\/wp-content\/uploads\/2025\/04\/candidature.webp\" class=\"attachment-full size-full wp-post-image\" alt=\"Une femme en blazer bleu clair tient un document et sourit \u00e0 deux personnes assises de dos, autour d&#039;une table en bois.\" decoding=\"async\" loading=\"lazy\" srcset=\"https:\/\/coverseal.be\/wp-content\/uploads\/2025\/04\/candidature.webp 800w, https:\/\/coverseal.be\/wp-content\/uploads\/2025\/04\/candidature-480x300.webp 480w\" sizes=\"(min-width: 0px) and (max-width: 480px) 480px, (min-width: 481px) 800px, 100vw\" \/>\r\n\t\t\t<\/a>\r\n\t\t<\/figure>\r\n\t\t\t<div class=\"brbl-blog-content\">\r\n                 <h4 class=\"brbl-post-title\">\r\n                <a href=\"https:\/\/coverseal.be\/de\/job\/initiativbewerbung\/\">Initiativbewerbung<\/a>\r\n            <\/h4>\r\n\t\t\t\t<div class=\"brbl-blog-meta\">\r\n\t\t\t\t\t \r\n\t\t\t\t<\/div>\r\n\t\t\t\t\r\n\t\t\t\t<div class=\"brbl-post-btn-wrap brbl-flex-base\">\r\n                <a href=\"https:\/\/coverseal.be\/de\/job\/initiativbewerbung\/\" target=\"_self\" class=\"et_pb_button brbl-post-btn\" data-icon=\"&#x24;\">\r\n                    Ich bewerbe mich\r\n                <\/a>\r\n            <\/div>\r\n            <\/div>\r\n        <\/article>\r\n    <\/div>\r\n            <\/div>\n\t\t\t\t<\/div>\n\t\t\t<\/div>Informieren Sie sich \u00fcber unser Unternehmen Unser Wachstum ist grenz\u00fcberschreitend: Coverseal entwickelt ihr Know-how vom Eigenheim bis zu Luxusanlagen in Europa und in den USA, aber auch in den nordischen L\u00e4ndern, in denen die Witterungsbedingungen besonders anspruchsvoll sind, auf namhaftesten internationalen Schaupl\u00e4tzen. Unsere [&hellip;]<\/p>\n","protected":false},"author":3,"featured_media":0,"parent":0,"menu_order":0,"comment_status":"closed","ping_status":"closed","template":"","meta":{"_et_pb_use_builder":"on","_et_pb_old_content":"","_et_gb_content_width":"","footnotes":""},"class_list":["post-9567","page","type-page","status-publish","hentry"],"yoast_head":"<!-- This site is optimized with the Yoast SEO plugin v27.4 - https:\/\/yoast.com\/product\/yoast-seo-wordpress\/ -->\n<title>Jobs | Coverseal<\/title>\n<meta name=\"robots\" content=\"index, follow, max-snippet:-1, max-image-preview:large, max-video-preview:-1\" \/>\n<link rel=\"canonical\" href=\"https:\/\/coverseal.be\/de\/job\/\" \/>\n<meta property=\"og:locale\" content=\"de_DE\" \/>\n<meta property=\"og:type\" content=\"article\" \/>\n<meta property=\"og:title\" content=\"Jobs | Coverseal\" \/>\n<meta property=\"og:description\" content=\"Werden Sie Teil der Coverseal-Exzellenz Sie wollen sich neuen Herausforderungen stellen und einem grenz\u00fcberschreitenden Abenteuer anschlie\u00dfen?Bei Coverseal geh\u00f6rt die Ambition zu den Grundwerten. Jede Herausforderung, der wir uns stellen, st\u00e4rkt unseren Willen, die Standards neu zu definieren und dabei \u00c4sthetik, Performance und Nachhaltigkeit sinnvoll zu verbinden. Bei Coverseal erwartet Sie ein engagiertes Unternehmen, das von einem begeisterten und zusammengewachsenen Team getragen wird und anspruchsvoll in die Zukunft blickt, wobei der Mensch im Rahmen jedes Projekts einen zentralen Stellenwert einnimmt. Informieren Sie sich \u00fcber unser Unternehmen Unser Wachstum ist grenz\u00fcberschreitend: Coverseal entwickelt ihr Know-how vom Eigenheim bis zu Luxusanlagen in Europa und in den USA, aber auch in den nordischen L\u00e4ndern, in denen die Witterungsbedingungen besonders anspruchsvoll sind, auf namhaftesten internationalen Schaupl\u00e4tzen. Unsere [&hellip;]\" \/>\n<meta property=\"og:url\" content=\"https:\/\/coverseal.be\/de\/job\/\" \/>\n<meta property=\"og:site_name\" content=\"Coverseal\" \/>\n<meta property=\"article:modified_time\" content=\"2026-04-08T11:34:09+00:00\" \/>\n<meta name=\"twitter:card\" content=\"summary_large_image\" \/>\n<meta name=\"twitter:label1\" content=\"Gesch\u00e4tzte Lesezeit\" \/>\n\t<meta name=\"twitter:data1\" content=\"2\u00a0Minuten\" \/>\n<script type=\"application\/ld+json\" class=\"yoast-schema-graph\">{\"@context\":\"https:\\\/\\\/schema.org\",\"@graph\":[{\"@type\":\"WebPage\",\"@id\":\"https:\\\/\\\/coverseal.be\\\/de\\\/job\\\/\",\"url\":\"https:\\\/\\\/coverseal.be\\\/de\\\/job\\\/\",\"name\":\"Jobs | Coverseal\",\"isPartOf\":{\"@id\":\"https:\\\/\\\/coverseal.be\\\/de\\\/#website\"},\"datePublished\":\"2025-03-25T08:52:36+00:00\",\"dateModified\":\"2026-04-08T11:34:09+00:00\",\"breadcrumb\":{\"@id\":\"https:\\\/\\\/coverseal.be\\\/de\\\/job\\\/#breadcrumb\"},\"inLanguage\":\"de\",\"potentialAction\":[{\"@type\":\"ReadAction\",\"target\":[\"https:\\\/\\\/coverseal.be\\\/de\\\/job\\\/\"]}]},{\"@type\":\"BreadcrumbList\",\"@id\":\"https:\\\/\\\/coverseal.be\\\/de\\\/job\\\/#breadcrumb\",\"itemListElement\":[{\"@type\":\"ListItem\",\"position\":1,\"name\":\"Accueil\",\"item\":\"https:\\\/\\\/coverseal.be\\\/de\\\/\"},{\"@type\":\"ListItem\",\"position\":2,\"name\":\"Jobs\"}]},{\"@type\":\"WebSite\",\"@id\":\"https:\\\/\\\/coverseal.be\\\/de\\\/#website\",\"url\":\"https:\\\/\\\/coverseal.be\\\/de\\\/\",\"name\":\"Coverseal\",\"description\":\"\",\"potentialAction\":[{\"@type\":\"SearchAction\",\"target\":{\"@type\":\"EntryPoint\",\"urlTemplate\":\"https:\\\/\\\/coverseal.be\\\/de\\\/?s={search_term_string}\"},\"query-input\":{\"@type\":\"PropertyValueSpecification\",\"valueRequired\":true,\"valueName\":\"search_term_string\"}}],\"inLanguage\":\"de\"}]}<\/script>\n<!-- \/ Yoast SEO plugin. -->","yoast_head_json":{"title":"Jobs | Coverseal","robots":{"index":"index","follow":"follow","max-snippet":"max-snippet:-1","max-image-preview":"max-image-preview:large","max-video-preview":"max-video-preview:-1"},"canonical":"https:\/\/coverseal.be\/de\/job\/","og_locale":"de_DE","og_type":"article","og_title":"Jobs | Coverseal","og_description":"Werden Sie Teil der Coverseal-Exzellenz Sie wollen sich neuen Herausforderungen stellen und einem grenz\u00fcberschreitenden Abenteuer anschlie\u00dfen?Bei Coverseal geh\u00f6rt die Ambition zu den Grundwerten. Jede Herausforderung, der wir uns stellen, st\u00e4rkt unseren Willen, die Standards neu zu definieren und dabei \u00c4sthetik, Performance und Nachhaltigkeit sinnvoll zu verbinden. Bei Coverseal erwartet Sie ein engagiertes Unternehmen, das von einem begeisterten und zusammengewachsenen Team getragen wird und anspruchsvoll in die Zukunft blickt, wobei der Mensch im Rahmen jedes Projekts einen zentralen Stellenwert einnimmt. Informieren Sie sich \u00fcber unser Unternehmen Unser Wachstum ist grenz\u00fcberschreitend: Coverseal entwickelt ihr Know-how vom Eigenheim bis zu Luxusanlagen in Europa und in den USA, aber auch in den nordischen L\u00e4ndern, in denen die Witterungsbedingungen besonders anspruchsvoll sind, auf namhaftesten internationalen Schaupl\u00e4tzen. Unsere [&hellip;]","og_url":"https:\/\/coverseal.be\/de\/job\/","og_site_name":"Coverseal","article_modified_time":"2026-04-08T11:34:09+00:00","twitter_card":"summary_large_image","twitter_misc":{"Gesch\u00e4tzte Lesezeit":"2\u00a0Minuten"},"schema":{"@context":"https:\/\/schema.org","@graph":[{"@type":"WebPage","@id":"https:\/\/coverseal.be\/de\/job\/","url":"https:\/\/coverseal.be\/de\/job\/","name":"Jobs | Coverseal","isPartOf":{"@id":"https:\/\/coverseal.be\/de\/#website"},"datePublished":"2025-03-25T08:52:36+00:00","dateModified":"2026-04-08T11:34:09+00:00","breadcrumb":{"@id":"https:\/\/coverseal.be\/de\/job\/#breadcrumb"},"inLanguage":"de","potentialAction":[{"@type":"ReadAction","target":["https:\/\/coverseal.be\/de\/job\/"]}]},{"@type":"BreadcrumbList","@id":"https:\/\/coverseal.be\/de\/job\/#breadcrumb","itemListElement":[{"@type":"ListItem","position":1,"name":"Accueil","item":"https:\/\/coverseal.be\/de\/"},{"@type":"ListItem","position":2,"name":"Jobs"}]},{"@type":"WebSite","@id":"https:\/\/coverseal.be\/de\/#website","url":"https:\/\/coverseal.be\/de\/","name":"Coverseal","description":"","potentialAction":[{"@type":"SearchAction","target":{"@type":"EntryPoint","urlTemplate":"https:\/\/coverseal.be\/de\/?s={search_term_string}"},"query-input":{"@type":"PropertyValueSpecification","valueRequired":true,"valueName":"search_term_string"}}],"inLanguage":"de"}]}},"_links":{"self":[{"href":"https:\/\/coverseal.be\/de\/wp-json\/wp\/v2\/pages\/9567","targetHints":{"allow":["GET"]}}],"collection":[{"href":"https:\/\/coverseal.be\/de\/wp-json\/wp\/v2\/pages"}],"about":[{"href":"https:\/\/coverseal.be\/de\/wp-json\/wp\/v2\/types\/page"}],"author":[{"embeddable":true,"href":"https:\/\/coverseal.be\/de\/wp-json\/wp\/v2\/users\/3"}],"replies":[{"embeddable":true,"href":"https:\/\/coverseal.be\/de\/wp-json\/wp\/v2\/comments?post=9567"}],"version-history":[{"count":6,"href":"https:\/\/coverseal.be\/de\/wp-json\/wp\/v2\/pages\/9567\/revisions"}],"predecessor-version":[{"id":12818,"href":"https:\/\/coverseal.be\/de\/wp-json\/wp\/v2\/pages\/9567\/revisions\/12818"}],"wp:attachment":[{"href":"https:\/\/coverseal.be\/de\/wp-json\/wp\/v2\/media?parent=9567"}],"curies":[{"name":"wp","href":"https:\/\/api.w.org\/{rel}","templated":true}]}}