{"id":9558,"date":"2025-03-25T09:53:05","date_gmt":"2025-03-25T08:53:05","guid":{"rendered":"https:\/\/coverseal-be.poush-dev.be\/documents\/"},"modified":"2026-02-06T15:16:55","modified_gmt":"2026-02-06T14:16:55","slug":"unterlagen","status":"publish","type":"page","link":"https:\/\/coverseal.be\/de\/unterlagen\/","title":{"rendered":"N\u00fctzliche Unterlagen"},"content":{"rendered":"<p>[et_pb_section fb_built=&#8220;1&#8243; _builder_version=&#8220;4.27.4&#8243; _module_preset=&#8220;default&#8220; custom_padding=&#8220;80px|6vw||6vw|false|true&#8220; locked=&#8220;off&#8220; global_colors_info=&#8220;{}&#8220;][et_pb_row _builder_version=&#8220;4.27.4&#8243; _module_preset=&#8220;default&#8220; custom_margin=&#8220;||20px||false|false&#8220; global_colors_info=&#8220;{}&#8220;][et_pb_column type=&#8220;4_4&#8243; _builder_version=&#8220;4.27.4&#8243; _module_preset=&#8220;default&#8220; global_colors_info=&#8220;{}&#8220;][et_pb_text module_class=&#8220;h2-size&#8220; _builder_version=&#8220;4.27.4&#8243; _module_preset=&#8220;default&#8220; header_font=&#8220;Lexend-Regular||||||||&#8220; header_text_color=&#8220;gcid-secondary-color&#8220; header_2_text_color=&#8220;gcid-secondary-color&#8220; animation_direction=&#8220;left&#8220; global_colors_info=&#8220;{%22gcid-secondary-color%22:%91%22header_2_text_color%22,%22header_text_color%22%93}&#8220;]<\/p>\n<h1><span>N\u00fctzliche Unterlagen<\/span><\/h1>\n<p>[\/et_pb_text][et_pb_text _builder_version=&#8220;4.27.4&#8243; _module_preset=&#8220;default&#8220; max_width=&#8220;1000px&#8220;]<\/p>\n<p><span>Hier finden Sie die wichtigsten Schl\u00fcsselunterlagen, die zusammengefasst wurden, um Sie in jeder Phase Ihres Projekts mit Coverseal zu begleiten. Falls die gew\u00fcnschte Information in diesen Unterlagen nicht enthalten ist, finden Sie im Abschnitt <a href=\"https:\/\/coverseal.be\/de\/faq\/\">FAQ<\/a> ganz sicher eine Antwort auf Ihre Fragen. <\/span><\/p>\n<p>[\/et_pb_text][\/et_pb_column][\/et_pb_row][et_pb_row _builder_version=&#8220;4.27.4&#8243; _module_preset=&#8220;default&#8220; custom_css_free_form=&#8220;.custom_card_doc figure .dsm_card_carousel_child_image_background {||  position: relative;||}||||.custom_card_doc figure .dsm_card_carousel_child_image_background::after {||  content: %22Herunterladen%22;||  color: #fff;||  display: block;||  position: absolute;||  inset: 0;||  height: 100;||  width: 100%;||\tmax-width: 208px;||\tmargin: 0 auto;||\ttext-align: center;||  display: flex;||  align-items:center;||  justify-content: center;||  background-color: rgba(0,0,0,0.5);||  border-radius: 10px;||}||||||.custom_card_doc figure .dsm_card_carousel_child_image_background::before {||\tcontent:%22%22;||  display: block;||  width: 40px;||  height: 40px;||  background: url(&#8218;https:\/\/coverseal.be\/wp-content\/uploads\/2025\/04\/icon-download.svg&#8216;)no-repeat;||  background-size: contain;||  position: absolute;||  top:90px;||  left: 50%;||  margin-left: -20px;||  z-index: 200;||}||||.custom_card_doc figure .dsm_card_carousel_child_image_background::before,||.custom_card_doc figure .dsm_card_carousel_child_image_background::after {||  opacity: 0; ||  transform: translateY(-500px);||\ttransition: all .6s ease-in-out;||}||||.custom_card_doc figure .dsm_card_carousel_child_image_background::before {||  transition-delay: .1s;||}||||.custom_card_doc figure:hover .dsm_card_carousel_child_image_background::before,||.custom_card_doc figure:hover .dsm_card_carousel_child_image_background::after {||  transform: translateY(0px);||  opacity: 1; ||}&#8220; global_colors_info=&#8220;{}&#8220;][et_pb_column type=&#8220;4_4&#8243; _builder_version=&#8220;4.27.4&#8243; _module_preset=&#8220;default&#8220; global_colors_info=&#8220;{}&#8220;][dsm_card_carousel slide_to_show=&#8220;4&#8243; speed=&#8220;2000&#8243; infinite=&#8220;off&#8220; use_arrow_custom_position=&#8220;on&#8220; arrow_prev=&#8220;on&#8220; arrow_prev_font_icon=&#8220;&#x23;||divi||400&#8243; arrow_next=&#8220;on&#8220; arrow_next_font_icon=&#8220;&#x24;||divi||400&#8243; arrow_size=&#8220;25px&#8220; arrow_color=&#8220;gcid-secondary-color&#8220; arrow_background_color=&#8220;gcid-939ec961-e35a-49a0-8fe6-b17c10e8d88d&#8220; image_alignment=&#8220;center&#8220; slide_to_show_tablet=&#8220;2&#8243; slide_to_show_phone=&#8220;1&#8243; slide_to_show_last_edited=&#8220;on|phone&#8220; arrow_custom_position_tablet=&#8220;-30px&#8220; arrow_custom_position_phone=&#8220;-15px&#8220; arrow_custom_position_last_edited=&#8220;on|phone&#8220; module_class=&#8220;custom_card_doc&#8220; _builder_version=&#8220;4.27.4&#8243; _module_preset=&#8220;default&#8220; header_font=&#8220;&#8211;et_global_body_font||||||||&#8220; header_text_align=&#8220;center&#8220; subhead_text_align=&#8220;center&#8220; subhead_font_size=&#8220;20px&#8220; hover_enabled=&#8220;0&#8243; border_radii_image=&#8220;on|20px|20px|20px|20px&#8220; border_radii_arrow=&#8220;on|40px|40px|40px|40px&#8220; global_colors_info=&#8220;{%22gcid-secondary-color%22:%91%22arrow_color%22%93,%22gcid-939ec961-e35a-49a0-8fe6-b17c10e8d88d%22:%91%22arrow_background_color%22%93}&#8220; sticky_enabled=&#8220;0&#8243;][dsm_card_carousel_child title=&#8220;Bedienungshandbuch&#8220; subtitle=&#8220;Abdeckung 102 &#8211; Aluminiumschienen&#8220; image=&#8220;https:\/\/coverseal.be\/wp-content\/uploads\/2025\/10\/Manuel-dutilisation-DE.jpg&#8220; image_background_height=&#8220;300px&#8220; image_background_size=&#8220;contain&#8220; image_alignment=&#8220;center&#8220; alt=&#8220;Bedienungshandbuch&#8220; button_url_new_window=&#8220;1&#8243; _builder_version=&#8220;4.27.4&#8243; _module_preset=&#8220;default&#8220; link_option_url=&#8220;https:\/\/coverseal.be\/wp-content\/uploads\/2025\/10\/DEUTSCH_BEDIENUNGS_HANDBUCH-1_compressed.pdf&#8220; link_option_url_new_window=&#8220;on&#8220; global_colors_info=&#8220;{}&#8220; parent_button=&#8220;off&#8220; parent_header_level=&#8220;h4&#8243;][\/dsm_card_carousel_child][dsm_card_carousel_child title=&#8220;Bluetooth Funktion&#8220; image=&#8220;https:\/\/coverseal.be\/wp-content\/uploads\/2025\/11\/Bluetooth-Funktion-Kunde.png&#8220; image_background_height=&#8220;300px&#8220; image_background_size=&#8220;contain&#8220; image_alignment=&#8220;center&#8220; alt=&#8220;Bluetooth Funktion&#8220; button_url_new_window=&#8220;1&#8243; _builder_version=&#8220;4.27.4&#8243; _module_preset=&#8220;default&#8220; link_option_url=&#8220;https:\/\/coverseal.be\/wp-content\/uploads\/2026\/02\/DE-fonctionnalite_bluetooth_utilisateur_07_11_25_compressed.pdf&#8220; link_option_url_new_window=&#8220;on&#8220; hover_enabled=&#8220;0&#8243; global_colors_info=&#8220;{}&#8220; parent_button=&#8220;off&#8220; parent_header_level=&#8220;h4&#8243; sticky_enabled=&#8220;0&#8243;][\/dsm_card_carousel_child][dsm_card_carousel_child title=&#8220;Auswirkungsbericht&#8220; subtitle=&#8220;2025&#8243; image=&#8220;https:\/\/coverseal.be\/wp-content\/uploads\/2026\/01\/Capture-decran-2026-01-15-113005.jpg&#8220; image_background_height=&#8220;300px&#8220; image_background_size=&#8220;contain&#8220; image_alignment=&#8220;center&#8220; alt=&#8220;Bluetooth Funktion&#8220; button_url_new_window=&#8220;1&#8243; _builder_version=&#8220;4.27.4&#8243; _module_preset=&#8220;default&#8220; link_option_url=&#8220;https:\/\/coverseal.be\/wp-content\/uploads\/2026\/01\/LONGUE_Rapport-dimpact-CoversealBecoflex-2025-EN_compressed.pdf&#8220; link_option_url_new_window=&#8220;on&#8220; global_colors_info=&#8220;{}&#8220; parent_button=&#8220;off&#8220; parent_header_level=&#8220;h4&#8243;][\/dsm_card_carousel_child][dsm_card_carousel_child title=&#8220;Ethikkodex&#8220; image=&#8220;https:\/\/coverseal.be\/wp-content\/uploads\/2026\/01\/Capture-decran-2026-01-14-161412.png&#8220; image_background_height=&#8220;300px&#8220; image_background_size=&#8220;contain&#8220; image_alignment=&#8220;center&#8220; alt=&#8220;Bluetooth Funktion&#8220; button_url_new_window=&#8220;1&#8243; _builder_version=&#8220;4.27.4&#8243; _module_preset=&#8220;default&#8220; link_option_url=&#8220;https:\/\/coverseal.be\/wp-content\/uploads\/2026\/01\/Code-Ethique-EN-DOC-03-16-B.pdf&#8220; link_option_url_new_window=&#8220;on&#8220; global_colors_info=&#8220;{}&#8220; parent_button=&#8220;off&#8220; parent_header_level=&#8220;h4&#8243;][\/dsm_card_carousel_child][dsm_card_carousel_child title=&#8220;Verhaltenskodex&#8220; subtitle=&#8220;Lieferanten&#8220; image=&#8220;https:\/\/coverseal.be\/wp-content\/uploads\/2026\/01\/Capture-decran-2026-01-14-161714.png&#8220; image_background_height=&#8220;300px&#8220; image_background_size=&#8220;contain&#8220; image_alignment=&#8220;center&#8220; alt=&#8220;Bluetooth Funktion&#8220; button_url_new_window=&#8220;1&#8243; _builder_version=&#8220;4.27.4&#8243; _module_preset=&#8220;default&#8220; link_option_url=&#8220;https:\/\/coverseal.be\/wp-content\/uploads\/2026\/01\/Code-de-conduite-Fournisseurs-EN_DOC-05-07-B.pdf&#8220; link_option_url_new_window=&#8220;on&#8220; global_colors_info=&#8220;{}&#8220; parent_button=&#8220;off&#8220; parent_header_level=&#8220;h4&#8243;][\/dsm_card_carousel_child][\/dsm_card_carousel][\/et_pb_column][\/et_pb_row][\/et_pb_section]<\/p>\n","protected":false},"excerpt":{"rendered":"<p>N\u00fctzliche UnterlagenHier finden Sie die wichtigsten Schl\u00fcsselunterlagen, die zusammengefasst wurden, um Sie in jeder Phase Ihres Projekts mit Coverseal zu begleiten. Falls die gew\u00fcnschte Information in diesen Unterlagen nicht enthalten ist, finden Sie im Abschnitt FAQ ganz sicher eine Antwort auf Ihre Fragen. <div class=\"et_pb_module dsm_card_carousel dsm_card_carousel_0 custom_card_doc dsm_card_carousel_layout_stacked \">\n\t\t\t\t\n\t\t\t\t\n\t\t\t\t\n\t\t\t\t\n\t\t\t\t\n\t\t\t\t\n\t\t\t\t<div class=\"et_pb_module_inner\">\n\t\t\t\t\t\n\t\t\t\n\t\t\t<div class=\"swiper-container dsm_card_carousel_wrapper\" dir=\"ltr\" data-params=\"[{&quot;direction&quot;:&quot;horizontal&quot;,&quot;effect&quot;:&quot;default&quot;,&quot;slider_effect_shadows&quot;:false,&quot;slider_effect_coverflow_rotate&quot;:&quot;30&quot;,&quot;slider_effect_coverflow_depth&quot;:&quot;0&quot;,&quot;loop&quot;:false,&quot;infinite_smooth_scrolling&quot;:false,&quot;slide_to_show&quot;:&quot;4&quot;,&quot;slide_to_show_tablet&quot;:&quot;2&quot;,&quot;slide_to_show_phone&quot;:&quot;1&quot;,&quot;slide_to_scroll&quot;:&quot;1&quot;,&quot;slide_to_scroll_tablet&quot;:&quot;1&quot;,&quot;slide_to_scroll_phone&quot;:&quot;1&quot;,&quot;space_between&quot;:&quot;15&quot;,&quot;space_between_tablet&quot;:&quot;15&quot;,&quot;space_between_phone&quot;:&quot;15&quot;,&quot;centered_slides&quot;:false,&quot;multiple_slide_row&quot;:&quot;off&quot;,&quot;slide_row&quot;:&quot;1&quot;,&quot;slide_row_tablet&quot;:&quot;1&quot;,&quot;slide_row_phone&quot;:&quot;1&quot;,&quot;speed&quot;:&quot;2000&quot;,&quot;autoplay&quot;:true,&quot;autoplay_speed&quot;:&quot;3000&quot;,&quot;autoplay_viewport&quot;:&quot;80%&quot;,&quot;touch_move&quot;:true,&quot;grab&quot;:true,&quot;pause_on_hover&quot;:false,&quot;mousewheel&quot;:false,&quot;auto_height&quot;:false,&quot;equal_height&quot;:false,&quot;equal_height_tablet&quot;:true,&quot;equal_height_phone&quot;:true}]\">\n\t\t\t<div class=\"swiper-wrapper\"><div class=\"dsm_card_carousel_child dsm_card_carousel_child_0 et_clickable swiper-slide\">\n\t\t\t\t\n\t\t\t\t\n\t\t\t\t\n\t\t\t\t\n\t\t\t\t\n\t\t\t\t\n\t\t\t\t<div class=\"et_pb_module_inner\">\n\t\t\t\t\t\n\t\t\t\n\t\t\t<figure class=\"dsm_card_carousel_child_image_wrapper dsm_card_carousel_child_badge_top_right\"><div class=\"dsm_card_carousel_child_image_background dsm_card_carousel_child_img\"><\/div><\/figure>\n\t\t\t<div class=\"dsm_card_wrapper et_pb_text_align_left et_pb_bg_layout_light\">\n\t\t\t\t\t<h4 class=\"dsm_card_title et_pb_module_header\">Bedienungshandbuch<\/h4>\n\t\t\t\t\t<div class=\"dsm_card_carousel_child_subtitle\">Abdeckung 102 - Aluminiumschienen<\/div>\n\t\t\t\t\t\n\t\t\t\t\t\n\t\t\t\t<\/div>\n\t\t\t\t<\/div>\n\t\t\t<\/div><div class=\"dsm_card_carousel_child dsm_card_carousel_child_1 et_clickable swiper-slide\">\n\t\t\t\t\n\t\t\t\t\n\t\t\t\t\n\t\t\t\t\n\t\t\t\t\n\t\t\t\t\n\t\t\t\t<div class=\"et_pb_module_inner\">\n\t\t\t\t\t\n\t\t\t\n\t\t\t<figure class=\"dsm_card_carousel_child_image_wrapper dsm_card_carousel_child_badge_top_right\"><div class=\"dsm_card_carousel_child_image_background dsm_card_carousel_child_img\"><\/div><\/figure>\n\t\t\t<div class=\"dsm_card_wrapper et_pb_text_align_left et_pb_bg_layout_light\">\n\t\t\t\t\t<h4 class=\"dsm_card_title et_pb_module_header\">Bluetooth Funktion<\/h4>\n\t\t\t\t\t\n\t\t\t\t\t\n\t\t\t\t\t\n\t\t\t\t<\/div>\n\t\t\t\t<\/div>\n\t\t\t<\/div><div class=\"dsm_card_carousel_child dsm_card_carousel_child_2 et_clickable swiper-slide\">\n\t\t\t\t\n\t\t\t\t\n\t\t\t\t\n\t\t\t\t\n\t\t\t\t\n\t\t\t\t\n\t\t\t\t<div class=\"et_pb_module_inner\">\n\t\t\t\t\t\n\t\t\t\n\t\t\t<figure class=\"dsm_card_carousel_child_image_wrapper dsm_card_carousel_child_badge_top_right\"><div class=\"dsm_card_carousel_child_image_background dsm_card_carousel_child_img\"><\/div><\/figure>\n\t\t\t<div class=\"dsm_card_wrapper et_pb_text_align_left et_pb_bg_layout_light\">\n\t\t\t\t\t<h4 class=\"dsm_card_title et_pb_module_header\">Auswirkungsbericht<\/h4>\n\t\t\t\t\t<div class=\"dsm_card_carousel_child_subtitle\">2025<\/div>\n\t\t\t\t\t\n\t\t\t\t\t\n\t\t\t\t<\/div>\n\t\t\t\t<\/div>\n\t\t\t<\/div><div class=\"dsm_card_carousel_child dsm_card_carousel_child_3 et_clickable swiper-slide\">\n\t\t\t\t\n\t\t\t\t\n\t\t\t\t\n\t\t\t\t\n\t\t\t\t\n\t\t\t\t\n\t\t\t\t<div class=\"et_pb_module_inner\">\n\t\t\t\t\t\n\t\t\t\n\t\t\t<figure class=\"dsm_card_carousel_child_image_wrapper dsm_card_carousel_child_badge_top_right\"><div class=\"dsm_card_carousel_child_image_background dsm_card_carousel_child_img\"><\/div><\/figure>\n\t\t\t<div class=\"dsm_card_wrapper et_pb_text_align_left et_pb_bg_layout_light\">\n\t\t\t\t\t<h4 class=\"dsm_card_title et_pb_module_header\">Ethikkodex<\/h4>\n\t\t\t\t\t\n\t\t\t\t\t\n\t\t\t\t\t\n\t\t\t\t<\/div>\n\t\t\t\t<\/div>\n\t\t\t<\/div><div class=\"dsm_card_carousel_child dsm_card_carousel_child_4 et_clickable swiper-slide\">\n\t\t\t\t\n\t\t\t\t\n\t\t\t\t\n\t\t\t\t\n\t\t\t\t\n\t\t\t\t\n\t\t\t\t<div class=\"et_pb_module_inner\">\n\t\t\t\t\t\n\t\t\t\n\t\t\t<figure class=\"dsm_card_carousel_child_image_wrapper dsm_card_carousel_child_badge_top_right\"><div class=\"dsm_card_carousel_child_image_background dsm_card_carousel_child_img\"><\/div><\/figure>\n\t\t\t<div class=\"dsm_card_wrapper et_pb_text_align_left et_pb_bg_layout_light\">\n\t\t\t\t\t<h4 class=\"dsm_card_title et_pb_module_header\">Verhaltenskodex<\/h4>\n\t\t\t\t\t<div class=\"dsm_card_carousel_child_subtitle\">Lieferanten<\/div>\n\t\t\t\t\t\n\t\t\t\t\t\n\t\t\t\t<\/div>\n\t\t\t\t<\/div>\n\t\t\t<\/div><\/div>\n\t\t\t<\/div><div class=\"swiper-button-prev dsm_card_carousel_arrow\" data-icon=\"&#x23;\"><\/div><div class=\"swiper-button-next dsm_card_carousel_arrow\" data-icon=\"&#x24;\"><\/div><div class=\"swiper-pagination dsm_card_carousel_pagination\"><\/div>\n\t\t\t\t<\/div>\n\t\t\t<\/div><\/p>\n","protected":false},"author":3,"featured_media":0,"parent":0,"menu_order":0,"comment_status":"closed","ping_status":"closed","template":"","meta":{"_et_pb_use_builder":"on","_et_pb_old_content":"","_et_gb_content_width":"","footnotes":""},"class_list":["post-9558","page","type-page","status-publish","hentry"],"yoast_head":"<!-- This site is optimized with the Yoast SEO plugin v27.4 - https:\/\/yoast.com\/product\/yoast-seo-wordpress\/ -->\n<title>N\u00fctzliche Unterlagen | Coverseal<\/title>\n<meta name=\"robots\" content=\"index, follow, max-snippet:-1, max-image-preview:large, max-video-preview:-1\" \/>\n<link rel=\"canonical\" href=\"https:\/\/coverseal.be\/de\/unterlagen\/\" \/>\n<meta property=\"og:locale\" content=\"de_DE\" \/>\n<meta property=\"og:type\" content=\"article\" \/>\n<meta property=\"og:title\" content=\"N\u00fctzliche Unterlagen | Coverseal\" \/>\n<meta property=\"og:description\" content=\"N\u00fctzliche UnterlagenHier finden Sie die wichtigsten Schl\u00fcsselunterlagen, die zusammengefasst wurden, um Sie in jeder Phase Ihres Projekts mit Coverseal zu begleiten. Falls die gew\u00fcnschte Information in diesen Unterlagen nicht enthalten ist, finden Sie im Abschnitt FAQ ganz sicher eine Antwort auf Ihre Fragen.\" \/>\n<meta property=\"og:url\" content=\"https:\/\/coverseal.be\/de\/unterlagen\/\" \/>\n<meta property=\"og:site_name\" content=\"Coverseal\" \/>\n<meta property=\"article:modified_time\" content=\"2026-02-06T14:16:55+00:00\" \/>\n<meta name=\"twitter:card\" content=\"summary_large_image\" \/>\n<meta name=\"twitter:label1\" content=\"Gesch\u00e4tzte Lesezeit\" \/>\n\t<meta name=\"twitter:data1\" content=\"1\u00a0Minute\" \/>\n<script type=\"application\/ld+json\" class=\"yoast-schema-graph\">{\"@context\":\"https:\\\/\\\/schema.org\",\"@graph\":[{\"@type\":\"WebPage\",\"@id\":\"https:\\\/\\\/coverseal.be\\\/de\\\/unterlagen\\\/\",\"url\":\"https:\\\/\\\/coverseal.be\\\/de\\\/unterlagen\\\/\",\"name\":\"N\u00fctzliche Unterlagen | Coverseal\",\"isPartOf\":{\"@id\":\"https:\\\/\\\/coverseal.be\\\/de\\\/#website\"},\"datePublished\":\"2025-03-25T08:53:05+00:00\",\"dateModified\":\"2026-02-06T14:16:55+00:00\",\"breadcrumb\":{\"@id\":\"https:\\\/\\\/coverseal.be\\\/de\\\/unterlagen\\\/#breadcrumb\"},\"inLanguage\":\"de\",\"potentialAction\":[{\"@type\":\"ReadAction\",\"target\":[\"https:\\\/\\\/coverseal.be\\\/de\\\/unterlagen\\\/\"]}]},{\"@type\":\"BreadcrumbList\",\"@id\":\"https:\\\/\\\/coverseal.be\\\/de\\\/unterlagen\\\/#breadcrumb\",\"itemListElement\":[{\"@type\":\"ListItem\",\"position\":1,\"name\":\"Accueil\",\"item\":\"https:\\\/\\\/coverseal.be\\\/de\\\/\"},{\"@type\":\"ListItem\",\"position\":2,\"name\":\"N\u00fctzliche Unterlagen\"}]},{\"@type\":\"WebSite\",\"@id\":\"https:\\\/\\\/coverseal.be\\\/de\\\/#website\",\"url\":\"https:\\\/\\\/coverseal.be\\\/de\\\/\",\"name\":\"Coverseal\",\"description\":\"\",\"potentialAction\":[{\"@type\":\"SearchAction\",\"target\":{\"@type\":\"EntryPoint\",\"urlTemplate\":\"https:\\\/\\\/coverseal.be\\\/de\\\/?s={search_term_string}\"},\"query-input\":{\"@type\":\"PropertyValueSpecification\",\"valueRequired\":true,\"valueName\":\"search_term_string\"}}],\"inLanguage\":\"de\"}]}<\/script>\n<!-- \/ Yoast SEO plugin. -->","yoast_head_json":{"title":"N\u00fctzliche Unterlagen | Coverseal","robots":{"index":"index","follow":"follow","max-snippet":"max-snippet:-1","max-image-preview":"max-image-preview:large","max-video-preview":"max-video-preview:-1"},"canonical":"https:\/\/coverseal.be\/de\/unterlagen\/","og_locale":"de_DE","og_type":"article","og_title":"N\u00fctzliche Unterlagen | Coverseal","og_description":"N\u00fctzliche UnterlagenHier finden Sie die wichtigsten Schl\u00fcsselunterlagen, die zusammengefasst wurden, um Sie in jeder Phase Ihres Projekts mit Coverseal zu begleiten. Falls die gew\u00fcnschte Information in diesen Unterlagen nicht enthalten ist, finden Sie im Abschnitt FAQ ganz sicher eine Antwort auf Ihre Fragen.","og_url":"https:\/\/coverseal.be\/de\/unterlagen\/","og_site_name":"Coverseal","article_modified_time":"2026-02-06T14:16:55+00:00","twitter_card":"summary_large_image","twitter_misc":{"Gesch\u00e4tzte Lesezeit":"1\u00a0Minute"},"schema":{"@context":"https:\/\/schema.org","@graph":[{"@type":"WebPage","@id":"https:\/\/coverseal.be\/de\/unterlagen\/","url":"https:\/\/coverseal.be\/de\/unterlagen\/","name":"N\u00fctzliche Unterlagen | Coverseal","isPartOf":{"@id":"https:\/\/coverseal.be\/de\/#website"},"datePublished":"2025-03-25T08:53:05+00:00","dateModified":"2026-02-06T14:16:55+00:00","breadcrumb":{"@id":"https:\/\/coverseal.be\/de\/unterlagen\/#breadcrumb"},"inLanguage":"de","potentialAction":[{"@type":"ReadAction","target":["https:\/\/coverseal.be\/de\/unterlagen\/"]}]},{"@type":"BreadcrumbList","@id":"https:\/\/coverseal.be\/de\/unterlagen\/#breadcrumb","itemListElement":[{"@type":"ListItem","position":1,"name":"Accueil","item":"https:\/\/coverseal.be\/de\/"},{"@type":"ListItem","position":2,"name":"N\u00fctzliche Unterlagen"}]},{"@type":"WebSite","@id":"https:\/\/coverseal.be\/de\/#website","url":"https:\/\/coverseal.be\/de\/","name":"Coverseal","description":"","potentialAction":[{"@type":"SearchAction","target":{"@type":"EntryPoint","urlTemplate":"https:\/\/coverseal.be\/de\/?s={search_term_string}"},"query-input":{"@type":"PropertyValueSpecification","valueRequired":true,"valueName":"search_term_string"}}],"inLanguage":"de"}]}},"_links":{"self":[{"href":"https:\/\/coverseal.be\/de\/wp-json\/wp\/v2\/pages\/9558","targetHints":{"allow":["GET"]}}],"collection":[{"href":"https:\/\/coverseal.be\/de\/wp-json\/wp\/v2\/pages"}],"about":[{"href":"https:\/\/coverseal.be\/de\/wp-json\/wp\/v2\/types\/page"}],"author":[{"embeddable":true,"href":"https:\/\/coverseal.be\/de\/wp-json\/wp\/v2\/users\/3"}],"replies":[{"embeddable":true,"href":"https:\/\/coverseal.be\/de\/wp-json\/wp\/v2\/comments?post=9558"}],"version-history":[{"count":17,"href":"https:\/\/coverseal.be\/de\/wp-json\/wp\/v2\/pages\/9558\/revisions"}],"predecessor-version":[{"id":11669,"href":"https:\/\/coverseal.be\/de\/wp-json\/wp\/v2\/pages\/9558\/revisions\/11669"}],"wp:attachment":[{"href":"https:\/\/coverseal.be\/de\/wp-json\/wp\/v2\/media?parent=9558"}],"curies":[{"name":"wp","href":"https:\/\/api.w.org\/{rel}","templated":true}]}}